{"id":6413,"date":"2026-05-12T10:50:11","date_gmt":"2026-05-12T10:50:11","guid":{"rendered":"https:\/\/b2b.mideer.lt\/?post_type=product&#038;p=6413"},"modified":"2026-05-16T07:31:15","modified_gmt":"2026-05-16T07:31:15","slug":"apvali-delione-povandeninis-nuotykis-1","status":"publish","type":"product","link":"https:\/\/b2b.mideer.lt\/en\/product\/apvali-delione-povandeninis-nuotykis-1\/","title":{"rendered":"Round Puzzle Underwater Adventure"},"content":{"rendered":"<p data-mce-fragment=\"1\">Povandeninis nuotykis apvalioje d\u0117lion\u0117je! Nerk \u012f magi\u0161k\u0105 j\u016bros pasaul\u012f ir tapk tikru povandenini\u0173 gelmi\u0173 tyrin\u0117toju! \u0160ios d\u0117lion\u0117s detal\u0117s ypatingai storos, tod\u0117l d\u0117lioti lengva ir \u012fdomu. Sud\u0117jus visas detales i\u0161vysi j\u016bros dugno paslaptis.<\/p>\n<ul data-mce-fragment=\"1\">\n<li data-mce-fragment=\"1\"><strong data-mce-fragment=\"1\">Am\u017eius:<\/strong> 5+<\/li>\n<li data-mce-fragment=\"1\"><strong data-mce-fragment=\"1\">Box dimensions:<\/strong> 24 cm x 24 cm x 6,5 cm<\/li>\n<li data-mce-fragment=\"1\"><strong data-mce-fragment=\"1\">Set includes:<\/strong> 1 jigsaw puzzle<\/li>\n<li data-mce-fragment=\"1\"><strong data-mce-fragment=\"1\">Dali\u0173 skai\u010dius:<\/strong> 150 parts<\/li>\n<li data-mce-fragment=\"1\"><strong data-mce-fragment=\"1\">Sud\u0117liotos d\u0117lion\u0117s dydis:<\/strong> 52.8 cm x 52.8 cm, round<\/li>\n<li data-mce-fragment=\"1\"><strong data-mce-fragment=\"1\">Med\u017eiaga:<\/strong> Kartonas<\/li>\n<\/ul>","protected":false},"excerpt":{"rendered":"<p>Povandeninis nuotykis apvalioje d\u0117lion\u0117je! Nerk \u012f magi\u0161k\u0105 j\u016bros pasaul\u012f ir tapk tikru povandenini\u0173 gelmi\u0173 tyrin\u0117toju! \u0160ios d\u0117lion\u0117s detal\u0117s ypatingai storos, tod\u0117l d\u0117lioti lengva ir \u012fdomu. Sud\u0117jus visas detales i\u0161vysi j\u016bros dugno paslaptis. Am\u017eius: 5+ D\u0117\u017e\u0117s i\u0161matavimai: 24 cm x 24 cm x 6,5 cm Komplekt\u0105 sudaro: 1 d\u0117lion\u0117 Dali\u0173 skai\u010dius: 150 dali\u0173 Sud\u0117liotos d\u0117lion\u0117s dydis: 52.8 cm x 52.8 cm, apvali Med\u017eiaga: Kartonas<\/p>","protected":false},"featured_media":6490,"template":"","meta":[],"product_brand":[],"product_cat":[235,236,255,257,258,274],"product_tag":[61,17,18,62,63,33,64,65,66,20,67,68,22,69,70],"class_list":{"0":"post-6413","1":"product","2":"type-product","3":"status-publish","4":"has-post-thumbnail","6":"product_cat-5-6-metai","7":"product_cat-6-metai","8":"product_cat-naujienos","9":"product_cat-netaisyklingu-formu-deliones","10":"product_cat-nuo-100-iki-300-daliu","11":"product_cat-visos-deliones","12":"product_tag-100-to-300-pieces","13":"product_tag-age-5-6-years","14":"product_tag-age-6-years","15":"product_tag-animals-nature","16":"product_tag-best","17":"product_tag-delione","18":"product_tag-deliones-vaikams","19":"product_tag-deliones-vaikui","20":"product_tag-gamta","21":"product_tag-gift","22":"product_tag-puzle","23":"product_tag-puzzles","24":"product_tag-regular-sale","25":"product_tag-shaped-puzzles","26":"product_tag-vaikiska-delione","28":"first","29":"instock","30":"taxable","31":"shipping-taxable","32":"product-type-simple"},"jetpack_sharing_enabled":true,"_links":{"self":[{"href":"https:\/\/b2b.mideer.lt\/en\/wp-json\/wp\/v2\/product\/6413"}],"collection":[{"href":"https:\/\/b2b.mideer.lt\/en\/wp-json\/wp\/v2\/product"}],"about":[{"href":"https:\/\/b2b.mideer.lt\/en\/wp-json\/wp\/v2\/types\/product"}],"wp:featuredmedia":[{"embeddable":true,"href":"https:\/\/b2b.mideer.lt\/en\/wp-json\/wp\/v2\/media\/6490"}],"wp:attachment":[{"href":"https:\/\/b2b.mideer.lt\/en\/wp-json\/wp\/v2\/media?parent=6413"}],"wp:term":[{"taxonomy":"product_brand","embeddable":true,"href":"https:\/\/b2b.mideer.lt\/en\/wp-json\/wp\/v2\/product_brand?post=6413"},{"taxonomy":"product_cat","embeddable":true,"href":"https:\/\/b2b.mideer.lt\/en\/wp-json\/wp\/v2\/product_cat?post=6413"},{"taxonomy":"product_tag","embeddable":true,"href":"https:\/\/b2b.mideer.lt\/en\/wp-json\/wp\/v2\/product_tag?post=6413"}],"curies":[{"name":"wp","href":"https:\/\/api.w.org\/{rel}","templated":true}]}}