{"id":6409,"date":"2026-05-12T10:59:59","date_gmt":"2026-05-12T10:59:59","guid":{"rendered":"https:\/\/b2b.mideer.lt\/?post_type=product&#038;p=6409"},"modified":"2026-05-13T07:31:18","modified_gmt":"2026-05-13T07:31:18","slug":"magnetines-figureles-draugai","status":"publish","type":"product","link":"https:\/\/b2b.mideer.lt\/en\/product\/magnetines-figureles-draugai\/","title":{"rendered":"Magnetin\u0117s fig\u016br\u0117l\u0117s &#8211; draugai"},"content":{"rendered":"<p>Magnetin\u0117s fig\u016br\u0117l\u0117s &#8211; draugai &#8211; tai bet kokio mideer magnetinio konstruktoriaus \u017eaidimo papildymas. Rinkinyje 4 smagios ir \u017eaismingos \u017emogeliuk\u0173 fig\u016bros su magnetukais kojose: muzikos myl\u0117tojas, fotografijos, sporto ir pie\u0161imo entuziastai. Lankstosi fig\u016br\u0117li\u0173 rankos ir kojos, sukin\u0117jasi galva, tod\u0117l vaikai gal\u0117s sukurti daugyb\u0119 skiritng\u0173 scen\u0173 ir pasinerti \u012f fantazij\u0173 pasaul\u012f.<\/p>\n<p><strong>Pakuot\u0117s i\u0161matavimai: 11,5 x 19 x 4 cm<\/strong><\/p>\n<p><strong>Recommended age:<\/strong> 3+<\/p>","protected":false},"excerpt":{"rendered":"<p>Magnetin\u0117s fig\u016br\u0117l\u0117s &#8211; draugai &#8211; tai bet kokio mideer magnetinio konstruktoriaus \u017eaidimo papildymas. Rinkinyje 4 smagios ir \u017eaismingos \u017emogeliuk\u0173 fig\u016bros su magnetukais kojose: muzikos myl\u0117tojas, fotografijos, sporto ir pie\u0161imo entuziastai. Lankstosi fig\u016br\u0117li\u0173 rankos ir kojos, sukin\u0117jasi galva, tod\u0117l vaikai gal\u0117s sukurti daugyb\u0119 skiritng\u0173 scen\u0173 ir pasinerti \u012f fantazij\u0173 pasaul\u012f. Pakuot\u0117s i\u0161matavimai: 11,5 x 19 x 4 cm Rekomenduojamas am\u017eius: 3+<\/p>","protected":false},"featured_media":6480,"template":"","meta":[],"product_brand":[],"product_cat":[234,235,248,255],"product_tag":[],"class_list":{"0":"post-6409","1":"product","2":"type-product","3":"status-publish","4":"has-post-thumbnail","6":"product_cat-3-4-metai","7":"product_cat-5-6-metai","8":"product_cat-magnetiniai-konstruktoriai","9":"product_cat-naujienos","11":"first","12":"instock","13":"taxable","14":"shipping-taxable","15":"product-type-simple"},"jetpack_sharing_enabled":true,"_links":{"self":[{"href":"https:\/\/b2b.mideer.lt\/en\/wp-json\/wp\/v2\/product\/6409"}],"collection":[{"href":"https:\/\/b2b.mideer.lt\/en\/wp-json\/wp\/v2\/product"}],"about":[{"href":"https:\/\/b2b.mideer.lt\/en\/wp-json\/wp\/v2\/types\/product"}],"wp:featuredmedia":[{"embeddable":true,"href":"https:\/\/b2b.mideer.lt\/en\/wp-json\/wp\/v2\/media\/6480"}],"wp:attachment":[{"href":"https:\/\/b2b.mideer.lt\/en\/wp-json\/wp\/v2\/media?parent=6409"}],"wp:term":[{"taxonomy":"product_brand","embeddable":true,"href":"https:\/\/b2b.mideer.lt\/en\/wp-json\/wp\/v2\/product_brand?post=6409"},{"taxonomy":"product_cat","embeddable":true,"href":"https:\/\/b2b.mideer.lt\/en\/wp-json\/wp\/v2\/product_cat?post=6409"},{"taxonomy":"product_tag","embeddable":true,"href":"https:\/\/b2b.mideer.lt\/en\/wp-json\/wp\/v2\/product_tag?post=6409"}],"curies":[{"name":"wp","href":"https:\/\/api.w.org\/{rel}","templated":true}]}}