{"id":6402,"date":"2026-05-12T11:03:03","date_gmt":"2026-05-12T11:03:03","guid":{"rendered":"https:\/\/b2b.mideer.lt\/?post_type=product&#038;p=6402"},"modified":"2026-05-13T11:46:22","modified_gmt":"2026-05-13T11:46:22","slug":"rankinis-vejelis","status":"publish","type":"product","link":"https:\/\/b2b.mideer.lt\/en\/product\/rankinis-vejelis\/","title":{"rendered":"Rankinis v\u0117jelis"},"content":{"rendered":"<p>Gaivinkit\u0117s bet kur ir bet kada su \u0161iuo <strong data-start=\"161\" data-end=\"217\">kompakti\u0161ku, ta\u010diau galingu rankiniu v\u0117jeliu<\/strong>! Sukurtas patogiam naudojimui kelion\u0117se, pasivaik\u0161\u010diojimuose ar kar\u0161tomis vasaros dienomis, jis lengvai telpa \u012f rank\u0105 ar kuprin\u0119 ir visada pasiruo\u0161\u0119s atv\u0117sinti.<\/p>\n<p><strong data-start=\"500\" data-end=\"515\">Su dir\u017eeliu<\/strong> \u2013 galima pakabinti, tod\u0117l nepamesite.<br data-start=\"553\" data-end=\"556\" \/><strong data-start=\"558\" data-end=\"577\">3 v\u0117jo grei\u010diai<\/strong> \u2013 pasirinkite jums tinkamiausi\u0105 oro sraut\u0105<br data-start=\"620\" data-end=\"623\" \/><strong data-start=\"626\" data-end=\"644\">Tylus veikimas<\/strong> \u2013 netrukdo poilsiui ar miegui<br data-start=\"674\" data-end=\"677\" \/><strong data-start=\"680\" data-end=\"708\">Ilgai veikianti baterija<\/strong> \u2013 iki 8 val. naudojimo vienu \u012fkrovimu<br data-start=\"746\" data-end=\"749\" \/><strong data-start=\"752\" data-end=\"770\">Saugus vaikams<\/strong> \u2013 tankios apsaugin\u0117s grotel\u0117s apsaugo pir\u0161tus<\/p>\n<ul>\n<li data-section-id=\"1nx5oyh\" data-start=\"1093\" data-end=\"1158\"><strong data-start=\"1095\" data-end=\"1106\">Am\u017eius:<\/strong> vaikams (rekomenduojama nuo ~3 met\u0173 su prie\u017ei\u016bra)<\/li>\n<li data-section-id=\"330r1q\" data-start=\"1230\" data-end=\"1252\"><strong data-start=\"1232\" data-end=\"1246\">\u012ekrovimas:<\/strong> USB<\/li>\n<li data-section-id=\"1qnlnv7\" data-start=\"1253\" data-end=\"1293\"><strong data-start=\"1255\" data-end=\"1268\">Med\u017eiaga:<\/strong> saugus plastikas (ABS)<\/li>\n<li data-section-id=\"1bqfwqd\" data-start=\"1294\" data-end=\"1364\"><strong data-start=\"1296\" data-end=\"1310\">Includes:<\/strong> ventiliatorius, \u012fkrovimo laidas, dir\u017eelis, lipdukai<\/li>\n<\/ul>","protected":false},"excerpt":{"rendered":"<p>Gaivinkit\u0117s bet kur ir bet kada su \u0161iuo kompakti\u0161ku, ta\u010diau galingu rankiniu v\u0117jeliu! Sukurtas patogiam naudojimui kelion\u0117se, pasivaik\u0161\u010diojimuose ar kar\u0161tomis vasaros dienomis, jis lengvai telpa \u012f rank\u0105 ar kuprin\u0119 ir visada pasiruo\u0161\u0119s atv\u0117sinti. Su dir\u017eeliu \u2013 galima pakabinti, tod\u0117l nepamesite.3 v\u0117jo grei\u010diai \u2013 pasirinkite jums tinkamiausi\u0105 oro sraut\u0105Tylus veikimas \u2013 netrukdo poilsiui ar mieguiIlgai veikianti baterija \u2013 iki 8 val. naudojimo vienu \u012fkrovimuSaugus vaikams \u2013 tankios apsaugin\u0117s grotel\u0117s apsaugo pir\u0161tus Am\u017eius: vaikams (rekomenduojama nuo ~3 met\u0173 su prie\u017ei\u016bra) \u012ekrovimas: USB Med\u017eiaga: saugus plastikas (ABS) Komplekte: ventiliatorius, \u012fkrovimo laidas, dir\u017eelis, lipdukai<\/p>","protected":false},"featured_media":6461,"template":"","meta":[],"product_brand":[],"product_cat":[234,235,236,244,246,255,273],"product_tag":[],"class_list":{"0":"post-6402","1":"product","2":"type-product","3":"status-publish","4":"has-post-thumbnail","6":"product_cat-3-4-metai","7":"product_cat-5-6-metai","8":"product_cat-6-metai","9":"product_cat-kas-populiaru","10":"product_cat-lauko-zaislai","11":"product_cat-naujienos","12":"product_cat-visi-aksesuarai","14":"first","15":"instock","16":"taxable","17":"shipping-taxable","18":"product-type-simple"},"jetpack_sharing_enabled":true,"_links":{"self":[{"href":"https:\/\/b2b.mideer.lt\/en\/wp-json\/wp\/v2\/product\/6402"}],"collection":[{"href":"https:\/\/b2b.mideer.lt\/en\/wp-json\/wp\/v2\/product"}],"about":[{"href":"https:\/\/b2b.mideer.lt\/en\/wp-json\/wp\/v2\/types\/product"}],"wp:featuredmedia":[{"embeddable":true,"href":"https:\/\/b2b.mideer.lt\/en\/wp-json\/wp\/v2\/media\/6461"}],"wp:attachment":[{"href":"https:\/\/b2b.mideer.lt\/en\/wp-json\/wp\/v2\/media?parent=6402"}],"wp:term":[{"taxonomy":"product_brand","embeddable":true,"href":"https:\/\/b2b.mideer.lt\/en\/wp-json\/wp\/v2\/product_brand?post=6402"},{"taxonomy":"product_cat","embeddable":true,"href":"https:\/\/b2b.mideer.lt\/en\/wp-json\/wp\/v2\/product_cat?post=6402"},{"taxonomy":"product_tag","embeddable":true,"href":"https:\/\/b2b.mideer.lt\/en\/wp-json\/wp\/v2\/product_tag?post=6402"}],"curies":[{"name":"wp","href":"https:\/\/api.w.org\/{rel}","templated":true}]}}