{"id":6400,"date":"2026-05-12T11:06:13","date_gmt":"2026-05-12T11:06:13","guid":{"rendered":"https:\/\/b2b.mideer.lt\/?post_type=product&#038;p=6400"},"modified":"2026-05-13T11:46:22","modified_gmt":"2026-05-13T11:46:22","slug":"skraidantis-propeleris","status":"publish","type":"product","link":"https:\/\/b2b.mideer.lt\/en\/product\/skraidantis-propeleris\/","title":{"rendered":"Skraidantis propeleris"},"content":{"rendered":"<p>Tai dinami\u0161kas ir ak\u012f traukiantis skraidantis \u017eaislas, kuris sujungia lengv\u0105 naudojim\u0105 su pa\u017eintiniais aerodinamikos principais. Sukurtas saugiam ir smagiam \u017eaidimui, jis puikiai skatina vaik\u0173 fizin\u012f aktyvum\u0105 bei dom\u0117jim\u0105si gamtos rei\u0161kiniais.<\/p>\n<p><strong data-start=\"361\" data-end=\"393\">Stabilus ir ilgesnis skrydis<\/strong> \u2013 suprojektuotas taip, kad skrist\u0173 tolygiai ir ilgiau i\u0161silaikyt\u0173 ore<br data-start=\"463\" data-end=\"466\" \/><strong data-start=\"469\" data-end=\"487\">Didesnis dydis<\/strong> \u2013 geresnis matomumas ir stabilesnis skrydis pagal aerodinamikos principus<br data-start=\"561\" data-end=\"564\" \/>\u00a0<strong data-start=\"567\" data-end=\"591\">Paprastas naudojimas<\/strong> \u2013 tereikia patraukti virvut\u0119 ir propeleris pakyla \u012f or\u0105<br data-start=\"647\" data-end=\"650\" \/><strong data-start=\"654\" data-end=\"673\">Saugus dizainas<\/strong> \u2013 apvalinti kra\u0161tai apsaugo nuo \u012fpjovim\u0173, o apsauga ant sukimosi a\u0161ies neleid\u017eia \u012fsipainioti plaukams<br data-start=\"775\" data-end=\"778\" data-is-only-node=\"\" \/><strong data-start=\"780\" data-end=\"800\">Patogus laikymas<\/strong> \u2013 ergonomi\u0161ka, neslystanti rankena pritaikyta ma\u017eoms rankoms<br data-start=\"861\" data-end=\"864\" \/><strong data-start=\"867\" data-end=\"891\">Tvirtas ir ilgaam\u017eis<\/strong> \u2013 pagamintas i\u0161 patvaraus PP plastiko, atsparus sm\u016bgiams<br data-start=\"948\" data-end=\"951\" \/><strong data-start=\"954\" data-end=\"978\">Dekoruotas lipdukais<\/strong> \u2013 original\u016bs meninink\u0173 kurti lipdukai suteikia \u017eaislui i\u0161skirtinumo<br data-start=\"1046\" data-end=\"1049\" \/><strong data-start=\"1052\" data-end=\"1076\">Skatina \u017eaisti lauke<\/strong> \u2013 puikus pasirinkimas aktyviam laisvalaikiui gryname ore<br data-start=\"1133\" data-end=\"1136\" \/><strong data-start=\"1139\" data-end=\"1161\">Lengvai ne\u0161iojamas<\/strong> \u2013 patogu pasiimti \u012f i\u0161vykas, piknikus ar pasivaik\u0161\u010diojimus<\/p>\n<ul>\n<li data-section-id=\"kr84fr\" data-start=\"1252\" data-end=\"1270\"><strong data-start=\"1254\" data-end=\"1265\">Am\u017eius:<\/strong> 3+<\/li>\n<li data-section-id=\"1czxjiw\" data-start=\"1271\" data-end=\"1315\"><strong data-start=\"1273\" data-end=\"1294\">D\u0117\u017eut\u0117s matmenys:<\/strong> 28 \u00d7 27,5 \u00d7 7,5 cm<\/li>\n<li data-section-id=\"x3rxjc\" data-start=\"1316\" data-end=\"1382\"><strong data-start=\"1318\" data-end=\"1332\">Includes:<\/strong> 1 paleidimo \u012frenginys, 1 skraidantis propeleris<\/li>\n<li data-section-id=\"a8mlkk\" data-start=\"1383\" data-end=\"1420\"><strong data-start=\"1385\" data-end=\"1398\">Med\u017eiaga:<\/strong> PP (polipropilenas)<\/li>\n<\/ul>","protected":false},"excerpt":{"rendered":"<p>Tai dinami\u0161kas ir ak\u012f traukiantis skraidantis \u017eaislas, kuris sujungia lengv\u0105 naudojim\u0105 su pa\u017eintiniais aerodinamikos principais. Sukurtas saugiam ir smagiam \u017eaidimui, jis puikiai skatina vaik\u0173 fizin\u012f aktyvum\u0105 bei dom\u0117jim\u0105si gamtos rei\u0161kiniais. Stabilus ir ilgesnis skrydis \u2013 suprojektuotas taip, kad skrist\u0173 tolygiai ir ilgiau i\u0161silaikyt\u0173 oreDidesnis dydis \u2013 geresnis matomumas ir stabilesnis skrydis pagal aerodinamikos principus\u00a0Paprastas naudojimas \u2013 tereikia patraukti virvut\u0119 ir propeleris pakyla \u012f or\u0105Saugus dizainas \u2013 apvalinti kra\u0161tai apsaugo nuo \u012fpjovim\u0173, o apsauga ant sukimosi a\u0161ies neleid\u017eia \u012fsipainioti plaukamsPatogus laikymas \u2013 ergonomi\u0161ka, neslystanti rankena pritaikyta ma\u017eoms rankomsTvirtas ir ilgaam\u017eis \u2013 pagamintas i\u0161 patvaraus PP plastiko, atsparus sm\u016bgiamsDekoruotas lipdukais \u2013 original\u016bs meninink\u0173 kurti lipdukai suteikia \u017eaislui i\u0161skirtinumoSkatina \u017eaisti lauke \u2013 puikus pasirinkimas aktyviam laisvalaikiui gryname oreLengvai ne\u0161iojamas \u2013 patogu pasiimti \u012f i\u0161vykas, piknikus ar pasivaik\u0161\u010diojimus Am\u017eius: 3+ D\u0117\u017eut\u0117s matmenys: 28 \u00d7 27,5 \u00d7 7,5 cm Komplekte: 1 paleidimo \u012frenginys, 1 skraidantis propeleris Med\u017eiaga: PP (polipropilenas)<\/p>","protected":false},"featured_media":6457,"template":"","meta":[],"product_brand":[],"product_cat":[234,235,236,246,255],"product_tag":[],"class_list":{"0":"post-6400","1":"product","2":"type-product","3":"status-publish","4":"has-post-thumbnail","6":"product_cat-3-4-metai","7":"product_cat-5-6-metai","8":"product_cat-6-metai","9":"product_cat-lauko-zaislai","10":"product_cat-naujienos","12":"first","13":"instock","14":"taxable","15":"shipping-taxable","16":"product-type-simple"},"jetpack_sharing_enabled":true,"_links":{"self":[{"href":"https:\/\/b2b.mideer.lt\/en\/wp-json\/wp\/v2\/product\/6400"}],"collection":[{"href":"https:\/\/b2b.mideer.lt\/en\/wp-json\/wp\/v2\/product"}],"about":[{"href":"https:\/\/b2b.mideer.lt\/en\/wp-json\/wp\/v2\/types\/product"}],"wp:featuredmedia":[{"embeddable":true,"href":"https:\/\/b2b.mideer.lt\/en\/wp-json\/wp\/v2\/media\/6457"}],"wp:attachment":[{"href":"https:\/\/b2b.mideer.lt\/en\/wp-json\/wp\/v2\/media?parent=6400"}],"wp:term":[{"taxonomy":"product_brand","embeddable":true,"href":"https:\/\/b2b.mideer.lt\/en\/wp-json\/wp\/v2\/product_brand?post=6400"},{"taxonomy":"product_cat","embeddable":true,"href":"https:\/\/b2b.mideer.lt\/en\/wp-json\/wp\/v2\/product_cat?post=6400"},{"taxonomy":"product_tag","embeddable":true,"href":"https:\/\/b2b.mideer.lt\/en\/wp-json\/wp\/v2\/product_tag?post=6400"}],"curies":[{"name":"wp","href":"https:\/\/api.w.org\/{rel}","templated":true}]}}