{"id":6395,"date":"2026-05-12T11:01:45","date_gmt":"2026-05-12T11:01:45","guid":{"rendered":"https:\/\/b2b.mideer.lt\/?post_type=product&#038;p=6395"},"modified":"2026-05-12T11:04:42","modified_gmt":"2026-05-12T11:04:42","slug":"lipnus-kamuoliuko-gaudymo-zaidimas","status":"publish","type":"product","link":"https:\/\/b2b.mideer.lt\/en\/product\/lipnus-kamuoliuko-gaudymo-zaidimas\/","title":{"rendered":"Lipnus kamuoliuko gaudymo \u017eaidimas"},"content":{"rendered":"<p>Smagus ir aktyvus \u017eaidimas, kuris \u012ftrauks vaikus \u012f judri\u0105 veikl\u0105 tiek namuose, tiek lauke! Su specialiomis \u201elipniomis\u201c pir\u0161tin\u0117mis ir lengvais kamuoliukais vaikai gali lengvai gaudyti, mesti ir m\u0117gautis \u017eaidimu be sud\u0117ting\u0173 taisykli\u0173.<\/p>\n<p><strong data-start=\"350\" data-end=\"368\">Lengva pagauti<\/strong> \u2013 lipnus pavir\u0161ius padeda lengvai sugauti kamuoliuk\u0105<br data-start=\"421\" data-end=\"424\" \/><strong data-start=\"427\" data-end=\"450\">Lavina koordinacij\u0105<\/strong> \u2013 gerina rank\u0173 ir aki\u0173 suderinamum\u0105 bei reakcij\u0105<br data-start=\"499\" data-end=\"502\" \/><strong data-start=\"505\" data-end=\"525\">Skatina jud\u0117jim\u0105<\/strong> \u2013 puikus aktyvus \u017eaidimas vaikams<br data-start=\"559\" data-end=\"562\" \/><strong data-start=\"565\" data-end=\"588\">Tinka \u017eaisti dviese<\/strong> \u2013 smagus u\u017esi\u0117mimas su draugais ar \u0161eima<br data-start=\"629\" data-end=\"632\" data-is-only-node=\"\" \/><strong data-start=\"635\" data-end=\"662\">Vidaus ir lauko pramoga<\/strong> \u2013 \u017eaiskite namuose, kieme ar parke<br data-start=\"697\" data-end=\"700\" \/><strong><span data-start=\"703\" data-end=\"722\">S<\/span><\/strong><strong data-start=\"703\" data-end=\"722\">augus dizainas<\/strong> \u2013 mink\u0161ti kamuoliukai, tinkami vaikams<br data-start=\"761\" data-end=\"764\" \/><strong data-start=\"767\" data-end=\"795\">Spalvingas ir patrauklus<\/strong> \u2013 ry\u0161kios spalvos sudomina vaikus<\/p>\n<ul>\n<li data-section-id=\"kr84fr\" data-start=\"861\" data-end=\"879\"><strong data-start=\"863\" data-end=\"874\">Am\u017eius:<\/strong> 3+<\/li>\n<li data-section-id=\"6wrv8b\" data-start=\"880\" data-end=\"949\"><strong data-start=\"882\" data-end=\"896\">Includes:<\/strong> 2 lipnios gaudymo pir\u0161tin\u0117s (raket\u0117s), kamuoliukai<\/li>\n<li data-section-id=\"1hb69ep\" data-start=\"950\" data-end=\"994\"><strong data-start=\"952\" data-end=\"965\">Med\u017eiaga:<\/strong> saugus plastikas, tekstil\u0117<\/li>\n<\/ul>","protected":false},"excerpt":{"rendered":"<p>Smagus ir aktyvus \u017eaidimas, kuris \u012ftrauks vaikus \u012f judri\u0105 veikl\u0105 tiek namuose, tiek lauke! Su specialiomis \u201elipniomis\u201c pir\u0161tin\u0117mis ir lengvais kamuoliukais vaikai gali lengvai gaudyti, mesti ir m\u0117gautis \u017eaidimu be sud\u0117ting\u0173 taisykli\u0173. Lengva pagauti \u2013 lipnus pavir\u0161ius padeda lengvai sugauti kamuoliuk\u0105Lavina koordinacij\u0105 \u2013 gerina rank\u0173 ir aki\u0173 suderinamum\u0105 bei reakcij\u0105Skatina jud\u0117jim\u0105 \u2013 puikus aktyvus \u017eaidimas vaikamsTinka \u017eaisti dviese \u2013 smagus u\u017esi\u0117mimas su draugais ar \u0161eimaVidaus ir lauko pramoga \u2013 \u017eaiskite namuose, kieme ar parkeSaugus dizainas \u2013 mink\u0161ti kamuoliukai, tinkami vaikamsSpalvingas ir patrauklus \u2013 ry\u0161kios spalvos sudomina vaikus Am\u017eius: 3+ Komplekte: 2 lipnios gaudymo pir\u0161tin\u0117s (raket\u0117s), kamuoliukai Med\u017eiaga: saugus plastikas, tekstil\u0117<\/p>","protected":false},"featured_media":6447,"template":"","meta":[],"product_brand":[],"product_cat":[234,235,236,246,255,276],"product_tag":[],"class_list":{"0":"post-6395","1":"product","2":"type-product","3":"status-publish","4":"has-post-thumbnail","6":"product_cat-3-4-metai","7":"product_cat-5-6-metai","8":"product_cat-6-metai","9":"product_cat-lauko-zaislai","10":"product_cat-naujienos","11":"product_cat-zaislai-ir-zaidimai","13":"first","14":"outofstock","15":"taxable","16":"shipping-taxable","17":"product-type-simple"},"jetpack_sharing_enabled":true,"_links":{"self":[{"href":"https:\/\/b2b.mideer.lt\/en\/wp-json\/wp\/v2\/product\/6395"}],"collection":[{"href":"https:\/\/b2b.mideer.lt\/en\/wp-json\/wp\/v2\/product"}],"about":[{"href":"https:\/\/b2b.mideer.lt\/en\/wp-json\/wp\/v2\/types\/product"}],"wp:featuredmedia":[{"embeddable":true,"href":"https:\/\/b2b.mideer.lt\/en\/wp-json\/wp\/v2\/media\/6447"}],"wp:attachment":[{"href":"https:\/\/b2b.mideer.lt\/en\/wp-json\/wp\/v2\/media?parent=6395"}],"wp:term":[{"taxonomy":"product_brand","embeddable":true,"href":"https:\/\/b2b.mideer.lt\/en\/wp-json\/wp\/v2\/product_brand?post=6395"},{"taxonomy":"product_cat","embeddable":true,"href":"https:\/\/b2b.mideer.lt\/en\/wp-json\/wp\/v2\/product_cat?post=6395"},{"taxonomy":"product_tag","embeddable":true,"href":"https:\/\/b2b.mideer.lt\/en\/wp-json\/wp\/v2\/product_tag?post=6395"}],"curies":[{"name":"wp","href":"https:\/\/api.w.org\/{rel}","templated":true}]}}