{"id":6391,"date":"2026-05-12T10:56:52","date_gmt":"2026-05-12T10:56:52","guid":{"rendered":"https:\/\/b2b.mideer.lt\/?post_type=product&#038;p=6391"},"modified":"2026-05-13T07:31:18","modified_gmt":"2026-05-13T07:31:18","slug":"modelino-rinkinys-amerikietisko-maisto-virtuve","status":"publish","type":"product","link":"https:\/\/b2b.mideer.lt\/en\/product\/modelino-rinkinys-amerikietisko-maisto-virtuve\/","title":{"rendered":"Modelino rinkinys &#8211; amerikieti\u0161ko maisto virtuv\u0117"},"content":{"rendered":"<p data-start=\"64\" data-end=\"355\">Atidarykite savo ma\u017e\u0105j\u012f burgeri\u0173 restoran\u0105 namuose!<br data-start=\"115\" data-end=\"118\" \/>Su \u0161iuo spalvingu mideer modelino rinkiniu vaikai gali kurti gard\u017eiai atrodan\u010dius burgerius, picas, bulvytes, vaflius ir kitus \u201egreito maisto\u201c patiekalus. Spaudimo formos ir \u012fvair\u016bs priedai leid\u017eia lengvai sukurti tikr\u0105 mini u\u017ekandin\u0119.<\/p>\n<h3 data-section-id=\"r0o3oo\" data-start=\"357\" data-end=\"381\">Rinkinio ypatyb\u0117s:<\/h3>\n<ul data-start=\"382\" data-end=\"751\">\n<li data-section-id=\"97b993\" data-start=\"382\" data-end=\"413\">8 spalv\u0173 mink\u0161tas modelinas<\/li>\n<li data-section-id=\"7rsqlg\" data-start=\"414\" data-end=\"460\">Daugiafunkc\u0117 maisto formel\u0117 su 3 sluoksniais<\/li>\n<li data-section-id=\"ngzk4s\" data-start=\"461\" data-end=\"516\">Bulvy\u010di\u0173 ir makaron\u0173 formavimo presas su 3 antgaliais<\/li>\n<li data-section-id=\"1nfu2td\" data-start=\"517\" data-end=\"575\">Galima gaminti burgerius, picas, vaflius, spurgas ir kt.<\/li>\n<li data-section-id=\"19opihy\" data-start=\"576\" data-end=\"629\">\u012etraukti indeliai, \u012frankiai ir dekoracijos \u017eaidimui<\/li>\n<li data-section-id=\"1ut1uyp\" data-start=\"630\" data-end=\"683\">Lavina k\u016brybi\u0161kum\u0105, smulki\u0105j\u0105 motorik\u0105 ir vaizduot\u0119<\/li>\n<li data-section-id=\"b1cpnd\" data-start=\"684\" data-end=\"724\">Mink\u0161ta, nelimpanti ir netrupanti mas\u0117<\/li>\n<\/ul>\n<p data-start=\"1167\" data-end=\"1188\">Pakuot\u0117s matmenys: 26.5 \u00d7 17.5 \u00d7 13.5 cm<\/p>\n<p data-start=\"1167\" data-end=\"1188\">Rekomenduojams am\u017eius: 3+<\/p>\n<p data-start=\"1190\" data-end=\"1297\" data-is-last-node=\"\" data-is-only-node=\"\">Puikus pasirinkimas ma\u017eiesiems virtuv\u0117s \u0161efams, m\u0117gstantiems k\u016brybinius vaidmen\u0173 \u017eaidimus ir smag\u0173 lipdym\u0105!<\/p>","protected":false},"excerpt":{"rendered":"<p>Atidarykite savo ma\u017e\u0105j\u012f burgeri\u0173 restoran\u0105 namuose!Su \u0161iuo spalvingu mideer modelino rinkiniu vaikai gali kurti gard\u017eiai atrodan\u010dius burgerius, picas, bulvytes, vaflius ir kitus \u201egreito maisto\u201c patiekalus. Spaudimo formos ir \u012fvair\u016bs priedai leid\u017eia lengvai sukurti tikr\u0105 mini u\u017ekandin\u0119. Rinkinio ypatyb\u0117s: 8 spalv\u0173 mink\u0161tas modelinas Daugiafunkc\u0117 maisto formel\u0117 su 3 sluoksniais Bulvy\u010di\u0173 ir makaron\u0173 formavimo presas su 3 antgaliais Galima gaminti burgerius, picas, vaflius, spurgas ir kt. \u012etraukti indeliai, \u012frankiai ir dekoracijos \u017eaidimui Lavina k\u016brybi\u0161kum\u0105, smulki\u0105j\u0105 motorik\u0105 ir vaizduot\u0119 Mink\u0161ta, nelimpanti ir netrupanti mas\u0117 Pakuot\u0117s matmenys: 26.5 \u00d7 17.5 \u00d7 13.5 cm Rekomenduojams am\u017eius: 3+ Puikus pasirinkimas ma\u017eiesiems virtuv\u0117s \u0161efams, m\u0117gstantiems k\u016brybinius vaidmen\u0173 \u017eaidimus ir smag\u0173 lipdym\u0105!<\/p>","protected":false},"featured_media":6433,"template":"","meta":[],"product_brand":[],"product_cat":[234,235,250,252,255,263,275,276],"product_tag":[],"class_list":{"0":"post-6391","1":"product","2":"type-product","3":"status-publish","4":"has-post-thumbnail","6":"product_cat-3-4-metai","7":"product_cat-5-6-metai","8":"product_cat-menai-ir-kurybiniai-uzsiemimai","9":"product_cat-meno-reikmenys","10":"product_cat-naujienos","11":"product_cat-pasidaryk-pats","12":"product_cat-visos-meno-prekes","13":"product_cat-zaislai-ir-zaidimai","15":"first","16":"instock","17":"taxable","18":"shipping-taxable","19":"product-type-simple"},"jetpack_sharing_enabled":true,"_links":{"self":[{"href":"https:\/\/b2b.mideer.lt\/en\/wp-json\/wp\/v2\/product\/6391"}],"collection":[{"href":"https:\/\/b2b.mideer.lt\/en\/wp-json\/wp\/v2\/product"}],"about":[{"href":"https:\/\/b2b.mideer.lt\/en\/wp-json\/wp\/v2\/types\/product"}],"wp:featuredmedia":[{"embeddable":true,"href":"https:\/\/b2b.mideer.lt\/en\/wp-json\/wp\/v2\/media\/6433"}],"wp:attachment":[{"href":"https:\/\/b2b.mideer.lt\/en\/wp-json\/wp\/v2\/media?parent=6391"}],"wp:term":[{"taxonomy":"product_brand","embeddable":true,"href":"https:\/\/b2b.mideer.lt\/en\/wp-json\/wp\/v2\/product_brand?post=6391"},{"taxonomy":"product_cat","embeddable":true,"href":"https:\/\/b2b.mideer.lt\/en\/wp-json\/wp\/v2\/product_cat?post=6391"},{"taxonomy":"product_tag","embeddable":true,"href":"https:\/\/b2b.mideer.lt\/en\/wp-json\/wp\/v2\/product_tag?post=6391"}],"curies":[{"name":"wp","href":"https:\/\/api.w.org\/{rel}","templated":true}]}}