{"id":6388,"date":"2026-05-12T10:54:45","date_gmt":"2026-05-12T10:54:45","guid":{"rendered":"https:\/\/b2b.mideer.lt\/?post_type=product&#038;p=6388"},"modified":"2026-05-12T10:54:45","modified_gmt":"2026-05-12T10:54:45","slug":"magnetinis-svieciantis-suktukas","status":"publish","type":"product","link":"https:\/\/b2b.mideer.lt\/en\/product\/magnetinis-svieciantis-suktukas\/","title":{"rendered":"Magnetinis \u0161vie\u010diantis suktukas"},"content":{"rendered":"<p data-end=\"278\" data-start=\"71\">Suktukas, konstruktorius ir galvos\u016bkis viename!<br data-end=\"121\" data-start=\"118\" \/>\u0160is unikalus mideer magnetinis \u0161vie\u010diantis suktukas leid\u017eia vaikams kurti \u012fvairias formas, sukti spalving\u0105 &#8220;spinner\u012f&#8221; ir m\u0117gautis \u0161vytin\u010diais efektais tamsoje.<\/p>\n<h3 data-end=\"304\" data-start=\"280\" data-section-id=\"z0uf5n\">Produkto ypatyb\u0117s:<\/h3>\n<ul data-end=\"631\" data-start=\"305\">\n<li data-end=\"354\" data-start=\"305\" data-section-id=\"1j7voq1\">Magnetin\u0117s detal\u0117s lengvai jungiasi tarpusavyje<\/li>\n<li data-end=\"404\" data-start=\"355\" data-section-id=\"8jwn1b\">Galima kurti skirtingas formas ir konstrukcijas<\/li>\n<li data-end=\"435\" data-start=\"405\" data-section-id=\"1yx8yhk\">Veikia kaip &#8220;fidget spinneris&#8221;<\/li>\n<li data-end=\"455\" data-start=\"436\" data-section-id=\"1776fe9\">\u0160vyti UV \u0161viesoje<\/li>\n<li data-end=\"514\" data-start=\"456\" data-section-id=\"1tcknxg\">Lavina k\u016brybi\u0161kum\u0105, login\u012f m\u0105stym\u0105 ir smulki\u0105j\u0105 motorik\u0105<\/li>\n<li data-end=\"557\" data-start=\"515\" data-section-id=\"osqpsr\">Kompakti\u0161kas \u2013 patogu pasiimti \u012f kelion\u0119<\/li>\n<li data-end=\"604\" data-start=\"558\" data-section-id=\"1swsnhm\">Stipr\u016bs magnetai u\u017etikrina stabil\u0173 sujungim\u0105<\/li>\n<\/ul>\n<p>Pakuot\u0117s dydis:9.2 \u00d7 8 \u00d7 2 cm<\/p>\n<p>Rekomenduojamas am\u017eius: 8+<\/p>","protected":false},"excerpt":{"rendered":"<p>Suktukas, konstruktorius ir galvos\u016bkis viename!\u0160is unikalus mideer magnetinis \u0161vie\u010diantis suktukas leid\u017eia vaikams kurti \u012fvairias formas, sukti spalving\u0105 &#8220;spinner\u012f&#8221; ir m\u0117gautis \u0161vytin\u010diais efektais tamsoje. Produkto ypatyb\u0117s: Magnetin\u0117s detal\u0117s lengvai jungiasi tarpusavyje Galima kurti skirtingas formas ir konstrukcijas Veikia kaip &#8220;fidget spinneris&#8221; \u0160vyti UV \u0161viesoje Lavina k\u016brybi\u0161kum\u0105, login\u012f m\u0105stym\u0105 ir smulki\u0105j\u0105 motorik\u0105 Kompakti\u0161kas \u2013 patogu pasiimti \u012f kelion\u0119 Stipr\u016bs magnetai u\u017etikrina stabil\u0173 sujungim\u0105 Pakuot\u0117s dydis:9.2 \u00d7 8 \u00d7 2 cm Rekomenduojamas am\u017eius: 8+<\/p>","protected":false},"featured_media":6418,"template":"","meta":[],"product_brand":[],"product_cat":[236,244,248,255,263,270,276],"product_tag":[],"class_list":{"0":"post-6388","1":"product","2":"type-product","3":"status-publish","4":"has-post-thumbnail","6":"product_cat-6-metai","7":"product_cat-kas-populiaru","8":"product_cat-magnetiniai-konstruktoriai","9":"product_cat-naujienos","10":"product_cat-pasidaryk-pats","11":"product_cat-statymo-konstruktoriai","12":"product_cat-zaislai-ir-zaidimai","14":"first","15":"outofstock","16":"taxable","17":"shipping-taxable","18":"product-type-simple"},"jetpack_sharing_enabled":true,"_links":{"self":[{"href":"https:\/\/b2b.mideer.lt\/en\/wp-json\/wp\/v2\/product\/6388"}],"collection":[{"href":"https:\/\/b2b.mideer.lt\/en\/wp-json\/wp\/v2\/product"}],"about":[{"href":"https:\/\/b2b.mideer.lt\/en\/wp-json\/wp\/v2\/types\/product"}],"wp:featuredmedia":[{"embeddable":true,"href":"https:\/\/b2b.mideer.lt\/en\/wp-json\/wp\/v2\/media\/6418"}],"wp:attachment":[{"href":"https:\/\/b2b.mideer.lt\/en\/wp-json\/wp\/v2\/media?parent=6388"}],"wp:term":[{"taxonomy":"product_brand","embeddable":true,"href":"https:\/\/b2b.mideer.lt\/en\/wp-json\/wp\/v2\/product_brand?post=6388"},{"taxonomy":"product_cat","embeddable":true,"href":"https:\/\/b2b.mideer.lt\/en\/wp-json\/wp\/v2\/product_cat?post=6388"},{"taxonomy":"product_tag","embeddable":true,"href":"https:\/\/b2b.mideer.lt\/en\/wp-json\/wp\/v2\/product_tag?post=6388"}],"curies":[{"name":"wp","href":"https:\/\/api.w.org\/{rel}","templated":true}]}}