{"id":6308,"date":"2026-04-24T07:29:28","date_gmt":"2026-04-24T07:29:28","guid":{"rendered":"https:\/\/b2b.mideer.lt\/product\/pietu-termo-krepsys-riverside-park-m-dydis-copy\/"},"modified":"2026-04-25T11:45:30","modified_gmt":"2026-04-25T11:45:30","slug":"pietu-termo-krepsys-riverside-park-m-dydis-copy","status":"publish","type":"product","link":"https:\/\/b2b.mideer.lt\/en\/product\/pietu-termo-krepsys-riverside-park-m-dydis-copy\/","title":{"rendered":"Piet\u0173 termo krep\u0161ys Riverside Park M dydis"},"content":{"rendered":"<p data-start=\"65\" data-end=\"335\">Prakti\u0161kas ir patogus piet\u0173 krep\u0161ys, skirtas saugiai ir patogiai transportuoti maist\u0105 \u012f mokykl\u0105, universitet\u0105 ar darb\u0105. I\u0161manus dizainas leid\u017eia lengvai pritaikyti krep\u0161io dyd\u012f pagal turin\u012f, tod\u0117l jis puikiai tinka tiek ma\u017eiems u\u017ekand\u017eiams, tiek didesniems piet\u0173 indams.<\/p>\n<p data-start=\"337\" data-end=\"361\"><strong data-start=\"337\" data-end=\"361\">Key features:<\/strong><\/p>\n<ul data-start=\"363\" data-end=\"1033\">\n<li data-section-id=\"1o0rnyk\" data-start=\"363\" data-end=\"552\">\n<p data-start=\"365\" data-end=\"552\"><strong data-start=\"365\" data-end=\"402\">Reguliuojamas \u201eroll-top\u201c dizainas<\/strong> \u2013 vir\u0161utin\u0119 krep\u0161io dal\u012f galima susukti ir u\u017esegti, tod\u0117l lengvai reguliuojamas krep\u0161io dydis bei talpa, prisitaikant prie skirtingo maisto kiekio.<\/p>\n<\/li>\n<li data-section-id=\"hygo80\" data-start=\"553\" data-end=\"699\">\n<p data-start=\"555\" data-end=\"699\"><strong data-start=\"555\" data-end=\"585\">Daugiafunkcinis naudojimas<\/strong> \u2013 puikiai tinka ne tik pietums ne\u0161tis \u012f mokykl\u0105 ar darb\u0105, bet ir u\u017ekand\u017eiams kelion\u0117se, i\u0161vykose ar piknikuose.<\/p>\n<\/li>\n<li data-section-id=\"v1xv25\" data-start=\"700\" data-end=\"849\">\n<p data-start=\"702\" data-end=\"849\"><strong data-start=\"702\" data-end=\"737\">Atsparus vandeniui ir riebalams<\/strong> \u2013 speciali med\u017eiaga neleid\u017eia prasiskverbti dr\u0117gmei, apsaugo nuo d\u0117mi\u0173 ir padeda i\u0161vengti pel\u0117sio susidarymo.<\/p>\n<\/li>\n<li data-section-id=\"gaey8x\" data-start=\"850\" data-end=\"1033\">\n<p data-start=\"852\" data-end=\"1033\"><strong data-start=\"852\" data-end=\"883\">Lengvas ir patogus ne\u0161iotis<\/strong> \u2013 krep\u0161ys yra lengvas, o platesn\u0117 sagtis leid\u017eia j\u012f paversti patogia rankena. Konstrukcija tvirta ir patvari, tod\u0117l krep\u0161ys ilgai i\u0161laiko savo form\u0105.<\/p>\n<\/li>\n<\/ul>\n<p data-start=\"1035\" data-end=\"1169\" data-is-last-node=\"\" data-is-only-node=\"\">Puikus pasirinkimas <strong data-start=\"1055\" data-end=\"1103\">mokiniams, studentams ir dirbantiems \u017emon\u0117ms<\/strong>, kurie nori patogiai ir saugiai ne\u0161tis pietus kiekvien\u0105 dien\u0105.<\/p>\n<p>Dydis: 22 x 13.7 x 4.2cm<\/p>","protected":false},"excerpt":{"rendered":"<p>Prakti\u0161kas ir patogus piet\u0173 krep\u0161ys, skirtas saugiai ir patogiai transportuoti maist\u0105 \u012f mokykl\u0105, universitet\u0105 ar darb\u0105. I\u0161manus dizainas leid\u017eia lengvai pritaikyti krep\u0161io dyd\u012f pagal turin\u012f, tod\u0117l jis puikiai tinka tiek ma\u017eiems u\u017ekand\u017eiams, tiek didesniems piet\u0173 indams. Pagrindin\u0117s savyb\u0117s: Reguliuojamas \u201eroll-top\u201c dizainas \u2013 vir\u0161utin\u0119 krep\u0161io dal\u012f galima susukti ir u\u017esegti, tod\u0117l lengvai reguliuojamas krep\u0161io dydis bei talpa, prisitaikant prie skirtingo maisto kiekio. Daugiafunkcinis naudojimas \u2013 puikiai tinka ne tik pietums ne\u0161tis \u012f mokykl\u0105 ar darb\u0105, bet ir u\u017ekand\u017eiams kelion\u0117se, i\u0161vykose ar piknikuose. Atsparus vandeniui ir riebalams \u2013 speciali med\u017eiaga neleid\u017eia prasiskverbti dr\u0117gmei, apsaugo nuo d\u0117mi\u0173 ir padeda i\u0161vengti pel\u0117sio susidarymo. Lengvas ir patogus ne\u0161iotis \u2013 krep\u0161ys yra lengvas, o platesn\u0117 sagtis leid\u017eia j\u012f paversti patogia rankena. Konstrukcija tvirta ir patvari, tod\u0117l krep\u0161ys ilgai i\u0161laiko savo form\u0105. Puikus pasirinkimas mokiniams, studentams ir dirbantiems \u017emon\u0117ms, kurie nori patogiai ir saugiai ne\u0161tis pietus kiekvien\u0105 dien\u0105. Dydis: 22 x 13.7 x 4.2cm<\/p>","protected":false},"featured_media":6344,"template":"","meta":[],"product_brand":[],"product_cat":[234,235,236,255,273],"product_tag":[],"class_list":{"0":"post-6308","1":"product","2":"type-product","3":"status-publish","4":"has-post-thumbnail","6":"product_cat-3-4-metai","7":"product_cat-5-6-metai","8":"product_cat-6-metai","9":"product_cat-naujienos","10":"product_cat-visi-aksesuarai","12":"first","13":"instock","14":"taxable","15":"shipping-taxable","16":"product-type-simple"},"jetpack_sharing_enabled":true,"_links":{"self":[{"href":"https:\/\/b2b.mideer.lt\/en\/wp-json\/wp\/v2\/product\/6308"}],"collection":[{"href":"https:\/\/b2b.mideer.lt\/en\/wp-json\/wp\/v2\/product"}],"about":[{"href":"https:\/\/b2b.mideer.lt\/en\/wp-json\/wp\/v2\/types\/product"}],"wp:featuredmedia":[{"embeddable":true,"href":"https:\/\/b2b.mideer.lt\/en\/wp-json\/wp\/v2\/media\/6344"}],"wp:attachment":[{"href":"https:\/\/b2b.mideer.lt\/en\/wp-json\/wp\/v2\/media?parent=6308"}],"wp:term":[{"taxonomy":"product_brand","embeddable":true,"href":"https:\/\/b2b.mideer.lt\/en\/wp-json\/wp\/v2\/product_brand?post=6308"},{"taxonomy":"product_cat","embeddable":true,"href":"https:\/\/b2b.mideer.lt\/en\/wp-json\/wp\/v2\/product_cat?post=6308"},{"taxonomy":"product_tag","embeddable":true,"href":"https:\/\/b2b.mideer.lt\/en\/wp-json\/wp\/v2\/product_tag?post=6308"}],"curies":[{"name":"wp","href":"https:\/\/api.w.org\/{rel}","templated":true}]}}