{"id":6121,"date":"2026-03-03T15:49:53","date_gmt":"2026-03-03T15:49:53","guid":{"rendered":"https:\/\/b2b.mideer.lt\/?post_type=product&#038;p=6121"},"modified":"2026-04-20T22:02:25","modified_gmt":"2026-04-20T22:02:25","slug":"sensorinis-kamuoliukas-pink-bunny","status":"publish","type":"product","link":"https:\/\/b2b.mideer.lt\/en\/product\/sensorinis-kamuoliukas-pink-bunny\/","title":{"rendered":"Sensorinis kamuoliukas Pink Bunny"},"content":{"rendered":"<p data-start=\"102\" data-end=\"392\">\u0160ie netik\u0117tai \u0161okin\u0117jantys sensoriniai kamuoliukai paver\u010dia aktyv\u0173 \u017eaidim\u0105 smagiu lavinamuoju u\u017esi\u0117mimu. Unikalus at\u0161okimas skatina vaikus jud\u0117ti, gaudyti ir tyrin\u0117ti judes\u012f, o mink\u0161ta tekst\u016bra leid\u017eia saugiai spausti ir laikyti rankose. Puikiai tinka energijai i\u0161lieti tiek namuose, tiek lauke.<\/p>\n<h3 data-start=\"394\" data-end=\"419\">Pagrindin\u0117s funkcijos<\/h3>\n<ul data-start=\"420\" data-end=\"891\">\n<li data-start=\"420\" data-end=\"496\">\n<p data-start=\"422\" data-end=\"496\"><strong data-start=\"425\" data-end=\"463\">Rank\u0173\u2013aki\u0173 koordinacijos lavinimas<\/strong> \u2013 gaudant ir metant kamuoliuk\u0105<\/p>\n<\/li>\n<li data-start=\"497\" data-end=\"593\">\n<p data-start=\"499\" data-end=\"593\"><strong data-start=\"502\" data-end=\"543\">D\u0117mesio ir koncentracijos stiprinimas<\/strong> \u2013 nenusp\u0117jamas at\u0161okimas skatina sekti jud\u0117jim\u0105<\/p>\n<\/li>\n<li data-start=\"594\" data-end=\"672\">\n<p data-start=\"596\" data-end=\"672\"><strong data-start=\"598\" data-end=\"635\">Smulkiosios motorikos stiprinimas<\/strong> \u2013 spaud\u017eiant ir laikant kamuoliuk\u0105<\/p>\n<\/li>\n<li data-start=\"673\" data-end=\"753\">\n<p data-start=\"675\" data-end=\"753\"><strong data-start=\"678\" data-end=\"713\">Pir\u0161t\u0173 ir delno j\u0117gos lavinimas<\/strong> \u2013 mink\u0161ta, spaudimui tinkama tekst\u016bra<\/p>\n<\/li>\n<li data-start=\"754\" data-end=\"825\">\n<p data-start=\"756\" data-end=\"825\"><strong data-start=\"758\" data-end=\"784\">Sensorin\u0117 stimuliacija<\/strong> \u2013 malonus pavir\u0161ius ir judesio poj\u016btis<\/p>\n<\/li>\n<li data-start=\"826\" data-end=\"891\">\n<p data-start=\"828\" data-end=\"891\"><strong data-start=\"831\" data-end=\"853\">Kompakti\u0161kas dydis<\/strong> \u2013 lengva pasiimti \u012f keliones ar lauk\u0105<\/p>\n<\/li>\n<\/ul>\n<p>Produkto i\u0161matavimai: 6 cm<\/p>\n<p>Recommended age: 3+<\/p>","protected":false},"excerpt":{"rendered":"<p>\u0160ie netik\u0117tai \u0161okin\u0117jantys sensoriniai kamuoliukai paver\u010dia aktyv\u0173 \u017eaidim\u0105 smagiu lavinamuoju u\u017esi\u0117mimu. Unikalus at\u0161okimas skatina vaikus jud\u0117ti, gaudyti ir tyrin\u0117ti judes\u012f, o mink\u0161ta tekst\u016bra leid\u017eia saugiai spausti ir laikyti rankose. Puikiai tinka energijai i\u0161lieti tiek namuose, tiek lauke. Pagrindin\u0117s funkcijos Rank\u0173\u2013aki\u0173 koordinacijos lavinimas \u2013 gaudant ir metant kamuoliuk\u0105 D\u0117mesio ir koncentracijos stiprinimas \u2013 nenusp\u0117jamas at\u0161okimas skatina sekti jud\u0117jim\u0105 Smulkiosios motorikos stiprinimas \u2013 spaud\u017eiant ir laikant kamuoliuk\u0105 Pir\u0161t\u0173 ir delno j\u0117gos lavinimas \u2013 mink\u0161ta, spaudimui tinkama tekst\u016bra Sensorin\u0117 stimuliacija \u2013 malonus pavir\u0161ius ir judesio poj\u016btis Kompakti\u0161kas dydis \u2013 lengva pasiimti \u012f keliones ar lauk\u0105 Produkto i\u0161matavimai: 6 cm Rekomenduojamas am\u017eius: 3+<\/p>","protected":false},"featured_media":6193,"template":"","meta":[],"product_brand":[],"product_cat":[234,235,236,239,246,255,276],"product_tag":[],"class_list":{"0":"post-6121","1":"product","2":"type-product","3":"status-publish","4":"has-post-thumbnail","6":"product_cat-3-4-metai","7":"product_cat-5-6-metai","8":"product_cat-6-metai","9":"product_cat-daugiau-zaislu-ir-zaidimu","10":"product_cat-lauko-zaislai","11":"product_cat-naujienos","12":"product_cat-zaislai-ir-zaidimai","14":"first","15":"instock","16":"taxable","17":"shipping-taxable","18":"product-type-simple"},"jetpack_sharing_enabled":true,"_links":{"self":[{"href":"https:\/\/b2b.mideer.lt\/en\/wp-json\/wp\/v2\/product\/6121"}],"collection":[{"href":"https:\/\/b2b.mideer.lt\/en\/wp-json\/wp\/v2\/product"}],"about":[{"href":"https:\/\/b2b.mideer.lt\/en\/wp-json\/wp\/v2\/types\/product"}],"wp:featuredmedia":[{"embeddable":true,"href":"https:\/\/b2b.mideer.lt\/en\/wp-json\/wp\/v2\/media\/6193"}],"wp:attachment":[{"href":"https:\/\/b2b.mideer.lt\/en\/wp-json\/wp\/v2\/media?parent=6121"}],"wp:term":[{"taxonomy":"product_brand","embeddable":true,"href":"https:\/\/b2b.mideer.lt\/en\/wp-json\/wp\/v2\/product_brand?post=6121"},{"taxonomy":"product_cat","embeddable":true,"href":"https:\/\/b2b.mideer.lt\/en\/wp-json\/wp\/v2\/product_cat?post=6121"},{"taxonomy":"product_tag","embeddable":true,"href":"https:\/\/b2b.mideer.lt\/en\/wp-json\/wp\/v2\/product_tag?post=6121"}],"curies":[{"name":"wp","href":"https:\/\/api.w.org\/{rel}","templated":true}]}}