{"id":6109,"date":"2026-03-03T15:56:40","date_gmt":"2026-03-03T15:56:40","guid":{"rendered":"https:\/\/b2b.mideer.lt\/?post_type=product&#038;p=6109"},"modified":"2026-04-19T07:30:17","modified_gmt":"2026-04-19T07:30:17","slug":"modelino-lipdymo-rinkinys-teksturos","status":"publish","type":"product","link":"https:\/\/b2b.mideer.lt\/en\/product\/modelino-lipdymo-rinkinys-teksturos\/","title":{"rendered":"MODELINO LIPDYMO RINKINYS &#8211; TEKST\u016aROS"},"content":{"rendered":"<p data-start=\"77\" data-end=\"416\">K\u016brybinis modelino lipdymo rinkinys leid\u017eia vaikams spausti, formuoti ir kurti \u012fvairius ra\u0161tus bei formas, paver\u010diant \u017eaidim\u0105 tikru k\u016brybos procesu. Skirtingos tekst\u016bros plok\u0161tel\u0117s ir \u012frankiai padeda pa\u017einti pavir\u0161ius bei lavina lyt\u0117jimo poj\u016bt\u012f. \u017daisdami vaikai stiprina smulki\u0105j\u0105 motorik\u0105, vaizduot\u0119 ir pasitik\u0117jim\u0105 savo k\u016brybiniais geb\u0117jimais.<\/p>\n<h3 data-start=\"418\" data-end=\"443\">Pagrindin\u0117s funkcijos<\/h3>\n<ul data-start=\"444\" data-end=\"1022\">\n<li data-start=\"444\" data-end=\"535\">\n<p data-start=\"446\" data-end=\"535\"><strong data-start=\"449\" data-end=\"471\">Tekst\u016br\u0173 pa\u017einimas<\/strong> \u2013 kurkite ra\u0161tus naudojant tekst\u016brines plok\u0161teles ir volelius<\/p>\n<\/li>\n<li data-start=\"536\" data-end=\"626\">\n<p data-start=\"538\" data-end=\"626\"><strong data-start=\"540\" data-end=\"575\">Smulkiosios motorikos lavinimas<\/strong> \u2013 spaudimas, volavimas, pjaustymas ir formavimas<\/p>\n<\/li>\n<li data-start=\"627\" data-end=\"708\">\n<p data-start=\"629\" data-end=\"708\"><strong data-start=\"632\" data-end=\"656\">Sensorinis lavinimas<\/strong> \u2013 skirtingi pavir\u0161iai stimuliuoja lyt\u0117jimo poj\u016bt\u012f<\/p>\n<\/li>\n<li data-start=\"709\" data-end=\"787\">\n<p data-start=\"711\" data-end=\"787\"><strong data-start=\"714\" data-end=\"740\">K\u016brybi\u0161kumo skatinimas<\/strong> \u2013 neribotos form\u0173 ir fig\u016br\u0173 k\u016brimo galimyb\u0117s<\/p>\n<\/li>\n<li data-start=\"788\" data-end=\"870\">\n<p data-start=\"790\" data-end=\"870\"><strong data-start=\"793\" data-end=\"824\">Geometrini\u0173 form\u0173 mokymasis<\/strong> \u2013 formel\u0117s padeda pa\u017einti fig\u016bras ir ra\u0161tus<\/p>\n<\/li>\n<li data-start=\"871\" data-end=\"954\">\n<p data-start=\"873\" data-end=\"954\"><strong data-start=\"882\" data-end=\"902\">Bendras \u017eaidimas<\/strong> \u2013 skatina bendradarbiavim\u0105 ir bendravimo \u012fg\u016bd\u017eius<\/p>\n<\/li>\n<li data-start=\"955\" data-end=\"1022\">\n<p data-start=\"957\" data-end=\"1022\"><strong data-start=\"961\" data-end=\"993\">Saugios sud\u0117ties modelinas<\/strong> \u2013 atitinka saugos standartus<\/p>\n<\/li>\n<\/ul>\n<h3 data-start=\"1024\" data-end=\"1037\">Included<\/h3>\n<ul data-start=\"1038\" data-end=\"1192\">\n<li data-start=\"1038\" data-end=\"1062\">\n<p data-start=\"1040\" data-end=\"1062\">8 spalv\u0173 modelinas<\/p>\n<\/li>\n<li data-start=\"1063\" data-end=\"1086\">\n<p data-start=\"1065\" data-end=\"1086\">8 u\u017eduo\u010di\u0173 kortel\u0117s<\/p>\n<\/li>\n<li data-start=\"1087\" data-end=\"1115\">\n<p data-start=\"1089\" data-end=\"1115\">2 tekst\u016brin\u0117s plok\u0161tel\u0117s<\/p>\n<\/li>\n<li data-start=\"1116\" data-end=\"1142\">\n<p data-start=\"1118\" data-end=\"1142\">8 geometrin\u0117s formel\u0117s<\/p>\n<\/li>\n<li data-start=\"1143\" data-end=\"1169\">\n<p data-start=\"1145\" data-end=\"1169\">2 modelino peiliukai<\/p>\n<\/li>\n<li data-start=\"1170\" data-end=\"1192\">\n<p data-start=\"1172\" data-end=\"1192\">2 tekst\u016bros voleliai<\/p>\n<\/li>\n<\/ul>\n<p>Package dimensions:<strong data-start=\"1230\" data-end=\"1250\">30 \u00d7 21 \u00d7 5.2 cm<\/strong><\/p>\n<p>Recommended age:<strong data-start=\"1230\" data-end=\"1250\"> 3+<\/strong><\/p>","protected":false},"excerpt":{"rendered":"<p>K\u016brybinis modelino lipdymo rinkinys leid\u017eia vaikams spausti, formuoti ir kurti \u012fvairius ra\u0161tus bei formas, paver\u010diant \u017eaidim\u0105 tikru k\u016brybos procesu. Skirtingos tekst\u016bros plok\u0161tel\u0117s ir \u012frankiai padeda pa\u017einti pavir\u0161ius bei lavina lyt\u0117jimo poj\u016bt\u012f. \u017daisdami vaikai stiprina smulki\u0105j\u0105 motorik\u0105, vaizduot\u0119 ir pasitik\u0117jim\u0105 savo k\u016brybiniais geb\u0117jimais. Pagrindin\u0117s funkcijos Tekst\u016br\u0173 pa\u017einimas \u2013 kurkite ra\u0161tus naudojant tekst\u016brines plok\u0161teles ir volelius Smulkiosios motorikos lavinimas \u2013 spaudimas, volavimas, pjaustymas ir formavimas Sensorinis lavinimas \u2013 skirtingi pavir\u0161iai stimuliuoja lyt\u0117jimo poj\u016bt\u012f K\u016brybi\u0161kumo skatinimas \u2013 neribotos form\u0173 ir fig\u016br\u0173 k\u016brimo galimyb\u0117s Geometrini\u0173 form\u0173 mokymasis \u2013 formel\u0117s padeda pa\u017einti fig\u016bras ir ra\u0161tus Bendras \u017eaidimas \u2013 skatina bendradarbiavim\u0105 ir bendravimo \u012fg\u016bd\u017eius Saugios sud\u0117ties modelinas \u2013 atitinka saugos standartus Komplekte 8 spalv\u0173 modelinas 8 u\u017eduo\u010di\u0173 kortel\u0117s 2 tekst\u016brin\u0117s plok\u0161tel\u0117s 8 geometrin\u0117s formel\u0117s 2 modelino peiliukai 2 tekst\u016bros voleliai Pakuot\u0117s i\u0161matavimai:30 \u00d7 21 \u00d7 5.2 cm Rekomenduojamas am\u017eius: 3+<\/p>","protected":false},"featured_media":6165,"template":"","meta":[],"product_brand":[],"product_cat":[234,235,236,239,242,244,250,252,255,263,275,276],"product_tag":[],"class_list":{"0":"post-6109","1":"product","2":"type-product","3":"status-publish","4":"has-post-thumbnail","6":"product_cat-3-4-metai","7":"product_cat-5-6-metai","8":"product_cat-6-metai","9":"product_cat-daugiau-zaislu-ir-zaidimu","10":"product_cat-dovanu-idejos","11":"product_cat-kas-populiaru","12":"product_cat-menai-ir-kurybiniai-uzsiemimai","13":"product_cat-meno-reikmenys","14":"product_cat-naujienos","15":"product_cat-pasidaryk-pats","16":"product_cat-visos-meno-prekes","17":"product_cat-zaislai-ir-zaidimai","19":"first","20":"instock","21":"taxable","22":"shipping-taxable","23":"product-type-simple"},"jetpack_sharing_enabled":true,"_links":{"self":[{"href":"https:\/\/b2b.mideer.lt\/en\/wp-json\/wp\/v2\/product\/6109"}],"collection":[{"href":"https:\/\/b2b.mideer.lt\/en\/wp-json\/wp\/v2\/product"}],"about":[{"href":"https:\/\/b2b.mideer.lt\/en\/wp-json\/wp\/v2\/types\/product"}],"wp:featuredmedia":[{"embeddable":true,"href":"https:\/\/b2b.mideer.lt\/en\/wp-json\/wp\/v2\/media\/6165"}],"wp:attachment":[{"href":"https:\/\/b2b.mideer.lt\/en\/wp-json\/wp\/v2\/media?parent=6109"}],"wp:term":[{"taxonomy":"product_brand","embeddable":true,"href":"https:\/\/b2b.mideer.lt\/en\/wp-json\/wp\/v2\/product_brand?post=6109"},{"taxonomy":"product_cat","embeddable":true,"href":"https:\/\/b2b.mideer.lt\/en\/wp-json\/wp\/v2\/product_cat?post=6109"},{"taxonomy":"product_tag","embeddable":true,"href":"https:\/\/b2b.mideer.lt\/en\/wp-json\/wp\/v2\/product_tag?post=6109"}],"curies":[{"name":"wp","href":"https:\/\/api.w.org\/{rel}","templated":true}]}}