{"id":610,"date":"2024-04-26T07:43:55","date_gmt":"2024-04-26T07:43:55","guid":{"rendered":"https:\/\/b2b.mideer.lt\/product\/portable-puzzle-box-busy-garage-104p\/"},"modified":"2026-04-22T07:31:06","modified_gmt":"2026-04-22T07:31:06","slug":"nesiojama-delione-garazas","status":"publish","type":"product","link":"https:\/\/b2b.mideer.lt\/en\/product\/nesiojama-delione-garazas\/","title":{"rendered":"Garage portable jigsaw"},"content":{"rendered":"<p data-mce-fragment=\"1\">This portable jigsaw puzzle comes with a beautifully designed carrying case that is easy to carry and perfect for storing puzzle pieces or other small toys for your child. This is a great gift idea for children.<\/p>\n<p data-mce-fragment=\"1\">This puzzle shows a repair shop in a city of animals, where the inhabitants are busy repairing various vehicles.<\/p>\n<ul data-mce-fragment=\"1\">\n<li data-mce-fragment=\"1\"><strong data-mce-fragment=\"1\">Am\u017eius:<\/strong> 3+<\/li>\n<li data-mce-fragment=\"1\"><strong data-mce-fragment=\"1\">D\u0117\u017eut\u0117s matmenys:<\/strong> 20.7 cm x 7.7 cm x 20.2 cm<\/li>\n<li data-mce-fragment=\"1\"><strong data-mce-fragment=\"1\">Includes:<\/strong> 1 d\u0117lion\u0117, 1 instrukcija<\/li>\n<li data-mce-fragment=\"1\"><strong data-mce-fragment=\"1\">Dali\u0173 skai\u010dius:<\/strong> 104 parts<\/li>\n<li data-mce-fragment=\"1\"><strong data-mce-fragment=\"1\">Sud\u0117liotos d\u0117lion\u0117s dydis:<\/strong> 40 cm x 70 cm<\/li>\n<li data-mce-fragment=\"1\"><strong data-mce-fragment=\"1\">Med\u017eiaga:<\/strong> Kartonas<\/li>\n<\/ul>","protected":false},"excerpt":{"rendered":"<p>\u0160i ne\u0161iojama d\u0117lion\u0117 turi nuostabaus dizaino lagamin\u0117l\u012f, kur\u012f lengva ne\u0161iotis ir jis puikiai tinka saugoti d\u0117lion\u0117s dalis arba kitus smulkius vaiko \u017eaislus. Tai puiki dovanos id\u0117ja vaikams. \u0160i d\u0117lion\u0117 vaizduoja remonto dirbtuves gyv\u016bn\u0173 mieste, kur gyventojai u\u017esi\u0117m\u0119 \u012fvairi\u0173 transporto priemoni\u0173 taisymu. Am\u017eius: 3+ D\u0117\u017eut\u0117s matmenys: 20.7 cm x 7.7 cm x 20.2 cm Komplekte: 1 d\u0117lion\u0117, 1 instrukcija Dali\u0173 skai\u010dius: 104 dalys Sud\u0117liotos d\u0117lion\u0117s dydis: 40 cm x 70 cm Med\u017eiaga: Kartonas<\/p>","protected":false},"featured_media":2794,"template":"","meta":[],"product_brand":[],"product_cat":[234,235,240,241,242,272,244,256,258,277,274],"product_tag":[61,16,125,40,58,33,216,142,64,65,87,20,215,133,36,67,68,22,23,132,76,70],"class_list":{"0":"post-610","1":"product","2":"type-product","3":"status-publish","4":"has-post-thumbnail","6":"product_cat-3-4-metai","7":"product_cat-5-6-metai","8":"product_cat-deliones","9":"product_cat-dideliu-daliu-deliones","10":"product_cat-dovanu-idejos","11":"product_cat-kaledines-dovanos","12":"product_cat-kas-populiaru","13":"product_cat-nesiojamos-deliones","14":"product_cat-nuo-100-iki-300-daliu","15":"product_cat-smart-products-filter-index-do-not-delete","16":"product_cat-visos-deliones","17":"product_tag-100-to-300-pieces","18":"product_tag-age-3-4-years","19":"product_tag-automobiliai","20":"product_tag-best-sellers","21":"product_tag-cars-trucks","22":"product_tag-delione","23":"product_tag-delione-kudikiams","24":"product_tag-deliones-priedai","25":"product_tag-deliones-vaikams","26":"product_tag-deliones-vaikui","27":"product_tag-fantasy-magic","28":"product_tag-gift","29":"product_tag-gift-box","30":"product_tag-gyvunu-deliones","31":"product_tag-kol-koc","32":"product_tag-puzle","33":"product_tag-puzzles","34":"product_tag-regular-sale","35":"product_tag-test","36":"product_tag-transporto-priemones","37":"product_tag-us-warehouse","38":"product_tag-vaikiska-delione","40":"first","41":"instock","42":"taxable","43":"shipping-taxable","44":"product-type-simple"},"jetpack_sharing_enabled":true,"_links":{"self":[{"href":"https:\/\/b2b.mideer.lt\/en\/wp-json\/wp\/v2\/product\/610"}],"collection":[{"href":"https:\/\/b2b.mideer.lt\/en\/wp-json\/wp\/v2\/product"}],"about":[{"href":"https:\/\/b2b.mideer.lt\/en\/wp-json\/wp\/v2\/types\/product"}],"wp:featuredmedia":[{"embeddable":true,"href":"https:\/\/b2b.mideer.lt\/en\/wp-json\/wp\/v2\/media\/2794"}],"wp:attachment":[{"href":"https:\/\/b2b.mideer.lt\/en\/wp-json\/wp\/v2\/media?parent=610"}],"wp:term":[{"taxonomy":"product_brand","embeddable":true,"href":"https:\/\/b2b.mideer.lt\/en\/wp-json\/wp\/v2\/product_brand?post=610"},{"taxonomy":"product_cat","embeddable":true,"href":"https:\/\/b2b.mideer.lt\/en\/wp-json\/wp\/v2\/product_cat?post=610"},{"taxonomy":"product_tag","embeddable":true,"href":"https:\/\/b2b.mideer.lt\/en\/wp-json\/wp\/v2\/product_tag?post=610"}],"curies":[{"name":"wp","href":"https:\/\/api.w.org\/{rel}","templated":true}]}}