{"id":6099,"date":"2026-03-03T16:01:00","date_gmt":"2026-03-03T16:01:00","guid":{"rendered":"https:\/\/b2b.mideer.lt\/?post_type=product&#038;p=6099"},"modified":"2026-04-19T07:30:17","modified_gmt":"2026-04-19T07:30:17","slug":"kurybine-piesimo-knyga-mazas-pasaulis","status":"publish","type":"product","link":"https:\/\/b2b.mideer.lt\/en\/product\/kurybine-piesimo-knyga-mazas-pasaulis\/","title":{"rendered":"K\u016brybin\u0117 pie\u0161imo knyga &#8211; Ma\u017eas pasaulis"},"content":{"rendered":"<p data-start=\"0\" data-end=\"262\">K\u016brybin\u0117 pie\u0161imo knyga leid\u017eia vaikams kurti savo istorijas, pie\u0161ti ir dekoruoti puslapius pagal pateiktas id\u0117jas. Derindama laisv\u0105 pie\u0161im\u0105 su u\u017eduotimis ir scen\u0173 elementais, ji skatina vaizduot\u0119, pasakojimo geb\u0117jimus ir k\u016brybin\u012f m\u0105stym\u0105.<\/p>\n<p data-start=\"264\" data-end=\"291\"><strong data-start=\"264\" data-end=\"289\">Pagrindin\u0117s funkcijos<\/strong><\/p>\n<ul data-start=\"292\" data-end=\"665\">\n<li data-start=\"292\" data-end=\"345\">\n<p data-start=\"294\" data-end=\"345\">Tu\u0161ti puslapiai pie\u0161imui ir k\u016brybinei savirai\u0161kai<\/p>\n<\/li>\n<li data-start=\"346\" data-end=\"398\">\n<p data-start=\"348\" data-end=\"398\">Pateikiamos u\u017eduotys ir pie\u0161imo gair\u0117s \u012fkv\u0117pimui<\/p>\n<\/li>\n<li data-start=\"399\" data-end=\"462\">\n<p data-start=\"401\" data-end=\"462\">I\u0161kerpami elementai scen\u0173 k\u016brimui ir interaktyviam \u017eaidimui<\/p>\n<\/li>\n<li data-start=\"463\" data-end=\"512\">\n<p data-start=\"465\" data-end=\"512\">Skatina pasakojimo k\u016brim\u0105 ir k\u016brybin\u012f m\u0105stym\u0105<\/p>\n<\/li>\n<li data-start=\"513\" data-end=\"555\">\n<p data-start=\"515\" data-end=\"555\">\u0160ilt\u0173 ton\u0173 popierius patogiam pie\u0161imui<\/p>\n<\/li>\n<li data-start=\"556\" data-end=\"607\">\n<p data-start=\"558\" data-end=\"607\">Didelis formatas patogiam darbui ma\u017eoms rankoms<\/p>\n<\/li>\n<li data-start=\"608\" data-end=\"665\">\n<p data-start=\"610\" data-end=\"665\">Tinka bendram k\u016brybiniam laikui su t\u0117vais ar draugais<\/p>\n<\/li>\n<\/ul>\n<p>Produkto i\u0161matavimai: <strong>27,6 x 25,4 cm<\/strong><\/p>\n<p>Recommended age:<strong> 3+<\/strong><\/p>\n<p data-start=\"667\" data-end=\"761\">","protected":false},"excerpt":{"rendered":"<p>K\u016brybin\u0117 pie\u0161imo knyga leid\u017eia vaikams kurti savo istorijas, pie\u0161ti ir dekoruoti puslapius pagal pateiktas id\u0117jas. Derindama laisv\u0105 pie\u0161im\u0105 su u\u017eduotimis ir scen\u0173 elementais, ji skatina vaizduot\u0119, pasakojimo geb\u0117jimus ir k\u016brybin\u012f m\u0105stym\u0105. Pagrindin\u0117s funkcijos Tu\u0161ti puslapiai pie\u0161imui ir k\u016brybinei savirai\u0161kai Pateikiamos u\u017eduotys ir pie\u0161imo gair\u0117s \u012fkv\u0117pimui I\u0161kerpami elementai scen\u0173 k\u016brimui ir interaktyviam \u017eaidimui Skatina pasakojimo k\u016brim\u0105 ir k\u016brybin\u012f m\u0105stym\u0105 \u0160ilt\u0173 ton\u0173 popierius patogiam pie\u0161imui Didelis formatas patogiam darbui ma\u017eoms rankoms Tinka bendram k\u016brybiniam laikui su t\u0117vais ar draugais Produkto i\u0161matavimai: 27,6 x 25,4 cm Rekomenduojamas am\u017eius: 3+<\/p>","protected":false},"featured_media":6132,"template":"","meta":[],"product_brand":[],"product_cat":[234,235,236,245,250,252,255,267,275],"product_tag":[],"class_list":{"0":"post-6099","1":"product","2":"type-product","3":"status-publish","4":"has-post-thumbnail","6":"product_cat-3-4-metai","7":"product_cat-5-6-metai","8":"product_cat-6-metai","9":"product_cat-kurybiniu-uzduociu-knygeles","10":"product_cat-menai-ir-kurybiniai-uzsiemimai","11":"product_cat-meno-reikmenys","12":"product_cat-naujienos","13":"product_cat-spalvinimo-knygeles","14":"product_cat-visos-meno-prekes","16":"first","17":"instock","18":"taxable","19":"shipping-taxable","20":"product-type-simple"},"jetpack_sharing_enabled":true,"_links":{"self":[{"href":"https:\/\/b2b.mideer.lt\/en\/wp-json\/wp\/v2\/product\/6099"}],"collection":[{"href":"https:\/\/b2b.mideer.lt\/en\/wp-json\/wp\/v2\/product"}],"about":[{"href":"https:\/\/b2b.mideer.lt\/en\/wp-json\/wp\/v2\/types\/product"}],"wp:featuredmedia":[{"embeddable":true,"href":"https:\/\/b2b.mideer.lt\/en\/wp-json\/wp\/v2\/media\/6132"}],"wp:attachment":[{"href":"https:\/\/b2b.mideer.lt\/en\/wp-json\/wp\/v2\/media?parent=6099"}],"wp:term":[{"taxonomy":"product_brand","embeddable":true,"href":"https:\/\/b2b.mideer.lt\/en\/wp-json\/wp\/v2\/product_brand?post=6099"},{"taxonomy":"product_cat","embeddable":true,"href":"https:\/\/b2b.mideer.lt\/en\/wp-json\/wp\/v2\/product_cat?post=6099"},{"taxonomy":"product_tag","embeddable":true,"href":"https:\/\/b2b.mideer.lt\/en\/wp-json\/wp\/v2\/product_tag?post=6099"}],"curies":[{"name":"wp","href":"https:\/\/api.w.org\/{rel}","templated":true}]}}