{"id":609,"date":"2024-04-26T07:43:54","date_gmt":"2024-04-26T07:43:54","guid":{"rendered":"https:\/\/b2b.mideer.lt\/product\/portable-puzzle-box-dinosaur-age-104p\/"},"modified":"2026-04-22T07:31:09","modified_gmt":"2026-04-22T07:31:09","slug":"nesiojama-delione-dinozauru-amzius","status":"publish","type":"product","link":"https:\/\/b2b.mideer.lt\/en\/product\/nesiojama-delione-dinozauru-amzius\/","title":{"rendered":"Age of Dinosaurs portable jigsaw puzzle"},"content":{"rendered":"<p data-mce-fragment=\"1\">This portable jigsaw puzzle has an extremely practical carrying case, making it easy to carry with you and convenient to store the pieces. It can be a great gift idea for children.<\/p>\n<p data-mce-fragment=\"1\">This puzzle depicts the age of dinosaurs with giant dinosaurs living in mountains and lakes.<\/p>\n<ul data-mce-fragment=\"1\">\n<li data-mce-fragment=\"1\"><strong data-mce-fragment=\"1\">Am\u017eius:<\/strong> 3+<\/li>\n<li data-mce-fragment=\"1\"><strong data-mce-fragment=\"1\">D\u0117\u017eut\u0117s i\u0161matavimai:<\/strong> 20.7 cm x 7.7 cm x 20.2 cm<\/li>\n<li data-mce-fragment=\"1\"><strong data-mce-fragment=\"1\">Includes:<\/strong> 1 d\u0117lion\u0117, 1 instrukcija<\/li>\n<li data-mce-fragment=\"1\"><strong data-mce-fragment=\"1\">Dali\u0173 skai\u010dius:<\/strong> 104 parts<\/li>\n<li data-mce-fragment=\"1\"><strong data-mce-fragment=\"1\">Sud\u0117liotos d\u0117lion\u0117s dydis:<\/strong> 40 cm x 70 cm<\/li>\n<li data-mce-fragment=\"1\"><strong data-mce-fragment=\"1\">Med\u017eiaga:<\/strong> Kartonas<\/li>\n<\/ul>","protected":false},"excerpt":{"rendered":"<p>\u0160i ne\u0161iojama d\u0117lion\u0117 turi ypatingai prakti\u0161k\u0105 lagamin\u0117l\u012f, tod\u0117l j\u0105 lengva ne\u0161iotis kartu su savimi ir patogu saugoti detales. Tai gali b\u016bti puiki dovanos id\u0117ja vaikams. \u0160i d\u0117lion\u0117 pavaizduoja dinozaur\u0173 am\u017ei\u0173 su mil\u017eini\u0161kais dinozaurais, gyvenan\u010diais kalnuose ir e\u017eeruose. Am\u017eius: 3+ D\u0117\u017eut\u0117s i\u0161matavimai: 20.7 cm x 7.7 cm x 20.2 cm Komplekte: 1 d\u0117lion\u0117, 1 instrukcija Dali\u0173 skai\u010dius: 104 dalys Sud\u0117liotos d\u0117lion\u0117s dydis: 40 cm x 70 cm Med\u017eiaga: Kartonas<\/p>","protected":false},"featured_media":2789,"template":"","meta":[],"product_brand":[],"product_cat":[234,235,240,241,242,244,256,258,277,274],"product_tag":[61,190,102,16,62,63,40,33,64,65,144,214,66,20,215,133,36,67,68,22,23],"class_list":{"0":"post-609","1":"product","2":"type-product","3":"status-publish","4":"has-post-thumbnail","6":"product_cat-3-4-metai","7":"product_cat-5-6-metai","8":"product_cat-deliones","9":"product_cat-dideliu-daliu-deliones","10":"product_cat-dovanu-idejos","11":"product_cat-kas-populiaru","12":"product_cat-nesiojamos-deliones","13":"product_cat-nuo-100-iki-300-daliu","14":"product_cat-smart-products-filter-index-do-not-delete","15":"product_cat-visos-deliones","16":"product_tag-100-to-300-pieces","17":"product_tag-3-4-metu-amziaus","18":"product_tag-50-to-100-pieces","19":"product_tag-age-3-4-years","20":"product_tag-animals-nature","21":"product_tag-best","22":"product_tag-best-sellers","23":"product_tag-delione","24":"product_tag-deliones-vaikams","25":"product_tag-deliones-vaikui","26":"product_tag-dinosaurs","27":"product_tag-dinozaurai","28":"product_tag-gamta","29":"product_tag-gift","30":"product_tag-gift-box","31":"product_tag-gyvunu-deliones","32":"product_tag-kol-koc","33":"product_tag-puzle","34":"product_tag-puzzles","35":"product_tag-regular-sale","36":"product_tag-test","38":"first","39":"instock","40":"taxable","41":"shipping-taxable","42":"product-type-simple"},"jetpack_sharing_enabled":true,"_links":{"self":[{"href":"https:\/\/b2b.mideer.lt\/en\/wp-json\/wp\/v2\/product\/609"}],"collection":[{"href":"https:\/\/b2b.mideer.lt\/en\/wp-json\/wp\/v2\/product"}],"about":[{"href":"https:\/\/b2b.mideer.lt\/en\/wp-json\/wp\/v2\/types\/product"}],"wp:featuredmedia":[{"embeddable":true,"href":"https:\/\/b2b.mideer.lt\/en\/wp-json\/wp\/v2\/media\/2789"}],"wp:attachment":[{"href":"https:\/\/b2b.mideer.lt\/en\/wp-json\/wp\/v2\/media?parent=609"}],"wp:term":[{"taxonomy":"product_brand","embeddable":true,"href":"https:\/\/b2b.mideer.lt\/en\/wp-json\/wp\/v2\/product_brand?post=609"},{"taxonomy":"product_cat","embeddable":true,"href":"https:\/\/b2b.mideer.lt\/en\/wp-json\/wp\/v2\/product_cat?post=609"},{"taxonomy":"product_tag","embeddable":true,"href":"https:\/\/b2b.mideer.lt\/en\/wp-json\/wp\/v2\/product_tag?post=609"}],"curies":[{"name":"wp","href":"https:\/\/api.w.org\/{rel}","templated":true}]}}