{"id":5895,"date":"2025-11-05T12:58:00","date_gmt":"2025-11-05T12:58:00","guid":{"rendered":"https:\/\/b2b.mideer.lt\/?post_type=product&#038;p=5895"},"modified":"2026-05-04T07:30:05","modified_gmt":"2026-05-04T07:30:05","slug":"kalediniai-magnetukai","status":"publish","type":"product","link":"https:\/\/b2b.mideer.lt\/en\/product\/kalediniai-magnetukai\/","title":{"rendered":"Christmas magnets"},"content":{"rendered":"<p>These mideer magnets are not simple magnetic stickers that can be easily attached to the fridge, magnetic boards or other metal surfaces, but are made specifically to complement magnetic construction kits.<\/p>\n<p>Decorate your magnetic building blocks with these Christmas magnets and add even more colour and festive cheer to the game.<\/p>","protected":false},"excerpt":{"rendered":"<p>\u0160ie mideer magnetuk\u0173 rinkinys &#8211; tai ne paprasti magnetiniai lipdukai, kuriuos galima lengvai pritvirtinti prie \u0161aldytuvo, magnetini\u0173 lent\u0173 ar kit\u0173 metalini\u0173 pavir\u0161i\u0173, bet jie yra pagaminti b\u016btent papildyti magnetini\u0173 konstruktori\u0173 rinkinius. Puo\u0161kite savo magnetinius statymo konstruktorius su \u0161iais Kal\u0117diniais magentukais ir suteikite \u017eaidimui dar daugiau spalv\u0173 ir \u0161ventin\u0117s nuotaikos.<\/p>","protected":false},"featured_media":5896,"template":"","meta":[],"product_brand":[],"product_cat":[233,234,235,236,280,239,242,272,244,248,273],"product_tag":[],"class_list":{"0":"post-5895","1":"product","2":"type-product","3":"status-publish","4":"has-post-thumbnail","6":"product_cat-0-2-metai","7":"product_cat-3-4-metai","8":"product_cat-5-6-metai","9":"product_cat-6-metai","10":"product_cat-akcija","11":"product_cat-daugiau-zaislu-ir-zaidimu","12":"product_cat-dovanu-idejos","13":"product_cat-kaledines-dovanos","14":"product_cat-kas-populiaru","15":"product_cat-magnetiniai-konstruktoriai","16":"product_cat-visi-aksesuarai","18":"first","19":"instock","20":"taxable","21":"shipping-taxable","22":"product-type-simple"},"jetpack_sharing_enabled":true,"_links":{"self":[{"href":"https:\/\/b2b.mideer.lt\/en\/wp-json\/wp\/v2\/product\/5895"}],"collection":[{"href":"https:\/\/b2b.mideer.lt\/en\/wp-json\/wp\/v2\/product"}],"about":[{"href":"https:\/\/b2b.mideer.lt\/en\/wp-json\/wp\/v2\/types\/product"}],"wp:featuredmedia":[{"embeddable":true,"href":"https:\/\/b2b.mideer.lt\/en\/wp-json\/wp\/v2\/media\/5896"}],"wp:attachment":[{"href":"https:\/\/b2b.mideer.lt\/en\/wp-json\/wp\/v2\/media?parent=5895"}],"wp:term":[{"taxonomy":"product_brand","embeddable":true,"href":"https:\/\/b2b.mideer.lt\/en\/wp-json\/wp\/v2\/product_brand?post=5895"},{"taxonomy":"product_cat","embeddable":true,"href":"https:\/\/b2b.mideer.lt\/en\/wp-json\/wp\/v2\/product_cat?post=5895"},{"taxonomy":"product_tag","embeddable":true,"href":"https:\/\/b2b.mideer.lt\/en\/wp-json\/wp\/v2\/product_tag?post=5895"}],"curies":[{"name":"wp","href":"https:\/\/api.w.org\/{rel}","templated":true}]}}