{"id":5814,"date":"2025-11-05T08:11:13","date_gmt":"2025-11-05T08:11:13","guid":{"rendered":"https:\/\/b2b.mideer.lt\/product\/menininkes-kurta-delione-coliuke-66-dalys\/"},"modified":"2026-04-09T07:32:14","modified_gmt":"2026-04-09T07:32:14","slug":"menininkes-kurta-delione-coliuke-66-dalys","status":"publish","type":"product","link":"https:\/\/b2b.mideer.lt\/en\/product\/menininkes-kurta-delione-coliuke-66-dalys\/","title":{"rendered":"Artist's jigsaw puzzle - Coliuk\u0117, 66 pieces"},"content":{"rendered":"<p class=\"ds-markdown-paragraph\">This Coluke puzzle set is not only a fun activity, but also an educational tool that encourages creativity and a love of art. Children will be able to put together beautifully illustrated pieces featuring iconic fairy tale characters. The accompanying storybook (in English) enriches the experience by allowing children to immerse themselves in the storyline.<\/p>\n<p class=\"ds-markdown-paragraph\">Made without chemicals, 100% is an organic product.<\/p>\n<p class=\"ds-markdown-paragraph\"><strong>Key features:<\/strong><\/p>\n<ul>\n<li>\n<p class=\"ds-markdown-paragraph\"><strong>Designed by world-class artist Jacqueline Monl\u00e1r<\/strong><\/p>\n<\/li>\n<li>\n<p class=\"ds-markdown-paragraph\"><strong>Optimal complexity:<\/strong> With just the right number of pieces, the puzzle offers the right challenge, stimulating a range of skills from problem solving to hand-eye coordination.<\/p>\n<\/li>\n<li>\n<p class=\"ds-markdown-paragraph\"><strong>A storybook is included:<\/strong> A charming booklet accompanying the puzzle enriches the play experience.<\/p>\n<\/li>\n<li>\n<p class=\"ds-markdown-paragraph\"><strong>A great gift for a child:<\/strong> It is a creative and meaningful gift idea for any occasion, perfect for children who love puzzles and classic stories.<\/p>\n<\/li>\n<\/ul>\n<p class=\"ds-markdown-paragraph\"><strong>Additional information:<\/strong><\/p>\n<ul>\n<li>\n<p class=\"ds-markdown-paragraph\"><strong>Puzzle theme:<\/strong> Coliuke<\/p>\n<\/li>\n<li>\n<p class=\"ds-markdown-paragraph\"><strong>Am\u017eius:<\/strong> from 3 years<\/p>\n<\/li>\n<li>\n<p class=\"ds-markdown-paragraph\"><strong>Artist:<\/strong> Jacqueline Monl\u00e1r<\/p>\n<\/li>\n<li>\n<p class=\"ds-markdown-paragraph\"><strong>Number of plants:<\/strong> 66<\/p>\n<\/li>\n<li>\n<p class=\"ds-markdown-paragraph\"><strong>D\u0117\u017eut\u0117s matmenys: <\/strong>11 x 15 x 12 cm<\/p>\n<\/li>\n<li>\n<p class=\"ds-markdown-paragraph\"><strong>Sud\u0117liotos d\u0117lion\u0117s dydis:<\/strong> 35 x 50 cm<\/p>\n<\/li>\n<li>\n<p class=\"ds-markdown-paragraph\"><strong>Equipment:<\/strong> 1 jigsaw puzzle, 1 storybook<\/p>\n<\/li>\n<li>\n<p class=\"ds-markdown-paragraph\"><strong>Med\u017eiaga:<\/strong> Rice board + soya ink<\/p>\n<\/li>\n<\/ul>","protected":false},"excerpt":{"rendered":"<p>\u0160is Coliuk\u0117s d\u0117lion\u0117s rinkinys yra ne tik smagus u\u017esi\u0117mimas, bet ir \u0161vietimo priemon\u0117, skatinanti k\u016brybi\u0161kum\u0105 ir meil\u0119 menui. Vaikai gal\u0117s sud\u0117lioti gra\u017eiai iliustruotas dalis, kuriose pavaizduoti ikoniniai pasak\u0173 herojai. Prid\u0117ta pasak\u0173 knygel\u0117 (angl\u0173 kalba) praturtina patirt\u012f, leisdama vaikams pasinerti \u012f siu\u017eet\u0105. Pagaminta be chemini\u0173 med\u017eiag\u0173, 100% ekologi\u0161kas produktas. Pagrindin\u0117s savyb\u0117s: Sukurta pasaulinio lygio meninink\u0117s &#8211; Jacqueline Monl\u00e1r Optimalus sud\u0117tingumas: Tur\u0117dama tinkam\u0105 detali\u0173 skai\u010di\u0173, d\u0117lion\u0117 si\u016blo tinkam\u0105 i\u0161\u0161\u016bk\u012f, skatinant\u012f \u012fvairius \u012fg\u016bd\u017eius \u2013 nuo problem\u0173 sprendimo iki rank\u0173 ir aki\u0173 koordinacijos. Prid\u0117ta pasak\u0173 knygel\u0117: D\u0117lion\u0119 lydinti \u017eavi knygel\u0117 praturtina \u017eaidimo patirt\u012f. Puiki dovana vaikui: Tai k\u016brybi\u0161ka ir prasminga dovanos id\u0117ja bet kuria proga, puikiai tinkanti vaikams, m\u0117gstantiems d\u0117liones ir klasikines pasakas. Papildoma informacija: D\u0117lion\u0117s tema: Coliuk\u0117 Am\u017eius: nuo 3 met\u0173 Meninink\u0117: Jacqueline Monl\u00e1r D\u0117li\u0173 skai\u010dius: 66 D\u0117\u017eut\u0117s matmenys: 11 x 15 x 12 cm Sud\u0117liotos d\u0117lion\u0117s dydis: 35 x 50 cm Komplektacija: 1 d\u0117lion\u0117, 1 pasak\u0173 knygel\u0117 Med\u017eiaga: ry\u017ei\u0173 kartonas + sojos ra\u0161alas<\/p>","protected":false},"featured_media":5879,"template":"","meta":[],"product_brand":[],"product_cat":[234,235,280,240,241,242,272,251,255,257,260,274],"product_tag":[],"class_list":{"0":"post-5814","1":"product","2":"type-product","3":"status-publish","4":"has-post-thumbnail","6":"product_cat-3-4-metai","7":"product_cat-5-6-metai","8":"product_cat-akcija","9":"product_cat-deliones","10":"product_cat-dideliu-daliu-deliones","11":"product_cat-dovanu-idejos","12":"product_cat-kaledines-dovanos","13":"product_cat-meninku-kurtos-deliones","14":"product_cat-naujienos","15":"product_cat-netaisyklingu-formu-deliones","16":"product_cat-nuo-50-iki-100-daliu","17":"product_cat-visos-deliones","19":"first","20":"instock","21":"taxable","22":"shipping-taxable","23":"product-type-simple"},"jetpack_sharing_enabled":true,"_links":{"self":[{"href":"https:\/\/b2b.mideer.lt\/en\/wp-json\/wp\/v2\/product\/5814"}],"collection":[{"href":"https:\/\/b2b.mideer.lt\/en\/wp-json\/wp\/v2\/product"}],"about":[{"href":"https:\/\/b2b.mideer.lt\/en\/wp-json\/wp\/v2\/types\/product"}],"wp:featuredmedia":[{"embeddable":true,"href":"https:\/\/b2b.mideer.lt\/en\/wp-json\/wp\/v2\/media\/5879"}],"wp:attachment":[{"href":"https:\/\/b2b.mideer.lt\/en\/wp-json\/wp\/v2\/media?parent=5814"}],"wp:term":[{"taxonomy":"product_brand","embeddable":true,"href":"https:\/\/b2b.mideer.lt\/en\/wp-json\/wp\/v2\/product_brand?post=5814"},{"taxonomy":"product_cat","embeddable":true,"href":"https:\/\/b2b.mideer.lt\/en\/wp-json\/wp\/v2\/product_cat?post=5814"},{"taxonomy":"product_tag","embeddable":true,"href":"https:\/\/b2b.mideer.lt\/en\/wp-json\/wp\/v2\/product_tag?post=5814"}],"curies":[{"name":"wp","href":"https:\/\/api.w.org\/{rel}","templated":true}]}}