{"id":5811,"date":"2025-11-05T08:11:11","date_gmt":"2025-11-05T08:11:11","guid":{"rendered":"https:\/\/b2b.mideer.lt\/product\/vakariniu-sukneliu-kurybos-rinkinys\/"},"modified":"2026-04-19T22:02:33","modified_gmt":"2026-04-19T22:02:33","slug":"vakariniu-sukneliu-kurybos-rinkinys","status":"publish","type":"product","link":"https:\/\/b2b.mideer.lt\/en\/product\/vakariniu-sukneliu-kurybos-rinkinys\/","title":{"rendered":"Evening dress creation kit"},"content":{"rendered":"<p class=\"ds-markdown-paragraph\">Sukurkite unikalius mados dizainus su i\u0161radingu vakarini\u0173 sukneli\u0173 k\u016brybos rinkiniu! \u0160is k\u016brybinis mideer komplektas skatina vaik\u0173 fantazij\u0105 ir leid\u017eia pa\u010diam tapti mados dizaineriu \u2013 nuo sumanymo iki galutinio rezultato. K\u016bryba u\u017esiimti visai nesud\u0117tinga ir nereikia joki\u0173 adat\u0173.<\/p>\n<p class=\"ds-markdown-paragraph\"><strong>The set includes:<\/strong><\/p>\n<ul>\n<li>\n<p class=\"ds-markdown-paragraph\">Auk\u0161tos kokyb\u0117s audiniai su \u012fvairiomis tekst\u016bromis, kurie lengvai formuojasi \u012f drabu\u017eius.<\/p>\n<\/li>\n<li>\n<p class=\"ds-markdown-paragraph\">\u012evair\u016bs dekoratyviniai elementai drabu\u017ei\u0173 puo\u0161imui.<\/p>\n<\/li>\n<li>\n<p class=\"ds-markdown-paragraph\">Dizaino u\u017eduo\u010di\u0173 ir id\u0117j\u0173 knygel\u0117 k\u016brybiniam \u012fkv\u0117pimui.<\/p>\n<\/li>\n<li>\n<p class=\"ds-markdown-paragraph\">Specialus d\u0117\u017eut\u0117s dizainas ir modeli\u0173 stovai, imituojantys pasiruo\u0161im\u0105 \u201epodiumo \u0161ou\u201c.<\/p>\n<\/li>\n<\/ul>\n<p class=\"ds-markdown-paragraph\"><strong>Age recommendation: <\/strong>5+<\/p>\n<p class=\"ds-markdown-paragraph\"><strong>D\u0117\u017eut\u0117s matmenys:<\/strong> 29 x 30 x 8,3 cm<\/p>\n<p class=\"ds-markdown-paragraph\">\u0160is dizaino rinkinys \u2013 puiki dovana bet kuriai pogai k\u016brybi\u0161kai merginai, m\u0117gstan\u010diai mokytis nauj\u0173 dalyk\u0173 per \u017eaidim\u0105!<\/p>","protected":false},"excerpt":{"rendered":"<p>Sukurkite unikalius mados dizainus su i\u0161radingu vakarini\u0173 sukneli\u0173 k\u016brybos rinkiniu! \u0160is k\u016brybinis mideer komplektas skatina vaik\u0173 fantazij\u0105 ir leid\u017eia pa\u010diam tapti mados dizaineriu \u2013 nuo sumanymo iki galutinio rezultato. K\u016bryba u\u017esiimti visai nesud\u0117tinga ir nereikia joki\u0173 adat\u0173. Rinkin\u012f sudaro: Auk\u0161tos kokyb\u0117s audiniai su \u012fvairiomis tekst\u016bromis, kurie lengvai formuojasi \u012f drabu\u017eius. \u012evair\u016bs dekoratyviniai elementai drabu\u017ei\u0173 puo\u0161imui. Dizaino u\u017eduo\u010di\u0173 ir id\u0117j\u0173 knygel\u0117 k\u016brybiniam \u012fkv\u0117pimui. Specialus d\u0117\u017eut\u0117s dizainas ir modeli\u0173 stovai, imituojantys pasiruo\u0161im\u0105 \u201epodiumo \u0161ou\u201c. Am\u017eiaus rekomendacija: 5+ D\u0117\u017eut\u0117s matmenys: 29 x 30 x 8,3 cm \u0160is dizaino rinkinys \u2013 puiki dovana bet kuriai pogai k\u016brybi\u0161kai merginai, m\u0117gstan\u010diai mokytis nauj\u0173 dalyk\u0173 per \u017eaidim\u0105!<\/p>","protected":false},"featured_media":5868,"template":"","meta":[],"product_brand":[],"product_cat":[235,236,239,242,272,244,250,255,263,275,276],"product_tag":[],"class_list":{"0":"post-5811","1":"product","2":"type-product","3":"status-publish","4":"has-post-thumbnail","6":"product_cat-5-6-metai","7":"product_cat-6-metai","8":"product_cat-daugiau-zaislu-ir-zaidimu","9":"product_cat-dovanu-idejos","10":"product_cat-kaledines-dovanos","11":"product_cat-kas-populiaru","12":"product_cat-menai-ir-kurybiniai-uzsiemimai","13":"product_cat-naujienos","14":"product_cat-pasidaryk-pats","15":"product_cat-visos-meno-prekes","16":"product_cat-zaislai-ir-zaidimai","18":"first","19":"instock","20":"taxable","21":"shipping-taxable","22":"product-type-simple"},"jetpack_sharing_enabled":true,"_links":{"self":[{"href":"https:\/\/b2b.mideer.lt\/en\/wp-json\/wp\/v2\/product\/5811"}],"collection":[{"href":"https:\/\/b2b.mideer.lt\/en\/wp-json\/wp\/v2\/product"}],"about":[{"href":"https:\/\/b2b.mideer.lt\/en\/wp-json\/wp\/v2\/types\/product"}],"wp:featuredmedia":[{"embeddable":true,"href":"https:\/\/b2b.mideer.lt\/en\/wp-json\/wp\/v2\/media\/5868"}],"wp:attachment":[{"href":"https:\/\/b2b.mideer.lt\/en\/wp-json\/wp\/v2\/media?parent=5811"}],"wp:term":[{"taxonomy":"product_brand","embeddable":true,"href":"https:\/\/b2b.mideer.lt\/en\/wp-json\/wp\/v2\/product_brand?post=5811"},{"taxonomy":"product_cat","embeddable":true,"href":"https:\/\/b2b.mideer.lt\/en\/wp-json\/wp\/v2\/product_cat?post=5811"},{"taxonomy":"product_tag","embeddable":true,"href":"https:\/\/b2b.mideer.lt\/en\/wp-json\/wp\/v2\/product_tag?post=5811"}],"curies":[{"name":"wp","href":"https:\/\/api.w.org\/{rel}","templated":true}]}}