{"id":5808,"date":"2025-11-05T08:11:09","date_gmt":"2025-11-05T08:11:09","guid":{"rendered":"https:\/\/b2b.mideer.lt\/product\/gipsiniu-figureliu-kurimo-rinkinys\/"},"modified":"2026-04-03T07:31:22","modified_gmt":"2026-04-03T07:31:22","slug":"gipsiniu-figureliu-kurimo-rinkinys","status":"publish","type":"product","link":"https:\/\/b2b.mideer.lt\/en\/product\/gipsiniu-figureliu-kurimo-rinkinys\/","title":{"rendered":"Plaster figurines building set"},"content":{"rendered":"<p class=\"ds-markdown-paragraph\">Let your children experience the real joy of creativity! This comprehensive art kit gives you the chance to create your own unique figures from scratch - from mixing plaster to final decoration.<\/p>\n<p class=\"ds-markdown-paragraph\"><strong>The creative process:<\/strong><\/p>\n<ol start=\"1\">\n<li>\n<p class=\"ds-markdown-paragraph\">Mix the plaster and fill the silicone mould<\/p>\n<\/li>\n<li>\n<p class=\"ds-markdown-paragraph\">Remove the moulded figure after it has set<\/p>\n<\/li>\n<li>\n<p class=\"ds-markdown-paragraph\">Paint and decorate your artwork<\/p>\n<\/li>\n<li>\n<p class=\"ds-markdown-paragraph\">Add a unique decor in clay<\/p>\n<\/li>\n<\/ol>\n<p class=\"ds-markdown-paragraph\"><strong>Key benefits:<\/strong><\/p>\n<ul>\n<li>\n<p class=\"ds-markdown-paragraph\"><strong>The complete creative process:<\/strong> Children will learn plaster casting techniques from start to finish<\/p>\n<\/li>\n<li>\n<p class=\"ds-markdown-paragraph\"><strong>Bright colours:<\/strong> 8 acrylic markers for bright and even coverage<\/p>\n<\/li>\n<li>\n<p class=\"ds-markdown-paragraph\"><strong>Multidimensional creativity:<\/strong> additional decorative elements can be created in ultra-light clay<\/p>\n<\/li>\n<li>\n<p class=\"ds-markdown-paragraph\"><strong>Clean use:<\/strong> protective gloves and handy tools ensure a clean creative process<\/p>\n<\/li>\n<li>\n<p class=\"ds-markdown-paragraph\"><strong>A collection of everything:<\/strong> everything you need in one package<\/p>\n<\/li>\n<\/ul>\n<p class=\"ds-markdown-paragraph\"><strong>Composition of the collection:<\/strong><\/p>\n<ul>\n<li>\n<p class=\"ds-markdown-paragraph\">8 acrylic markers<\/p>\n<\/li>\n<li>\n<p class=\"ds-markdown-paragraph\">6 sachets of gypsum powder<\/p>\n<\/li>\n<li>\n<p class=\"ds-markdown-paragraph\">Soft silicone mould<\/p>\n<\/li>\n<li>\n<p class=\"ds-markdown-paragraph\">2 packages of clay<\/p>\n<\/li>\n<li>\n<p class=\"ds-markdown-paragraph\">Toolkit<\/p>\n<\/li>\n<li>\n<p class=\"ds-markdown-paragraph\">Measuring cup, funnel<\/p>\n<\/li>\n<li>\n<p class=\"ds-markdown-paragraph\">4 pairs of disposable gloves<\/p>\n<\/li>\n<li>\n<p class=\"ds-markdown-paragraph\">White glue, varnish<\/p>\n<\/li>\n<li>\n<p class=\"ds-markdown-paragraph\">Self-closing bags<\/p>\n<\/li>\n<li>\n<p class=\"ds-markdown-paragraph\">Pictorial instructions<\/p>\n<\/li>\n<\/ul>\n<p class=\"ds-markdown-paragraph\"><strong>Age recommendation:<\/strong> 6+ years<\/p>\n<p class=\"ds-markdown-paragraph\"><strong>Dimensions:<\/strong><\/p>\n<ul>\n<li>\n<p class=\"ds-markdown-paragraph\"><strong>Size of figures:<\/strong> 5,5\u00d74\u00d78 cm<\/p>\n<\/li>\n<li>\n<p class=\"ds-markdown-paragraph\"><strong>Package size:<\/strong> 27,5\u00d722,5\u00d77 cm<\/p>\n<\/li>\n<\/ul>\n<p class=\"ds-markdown-paragraph\"><strong>Educational benefits:<\/strong><\/p>\n<ul>\n<li>\n<p class=\"ds-markdown-paragraph\">Develops manual dexterity and creativity<\/p>\n<\/li>\n<li>\n<p class=\"ds-markdown-paragraph\">Develops concentration<\/p>\n<\/li>\n<li>\n<p class=\"ds-markdown-paragraph\">Stimulates artistic expression<\/p>\n<\/li>\n<li>\n<p class=\"ds-markdown-paragraph\">Forces you to plan and follow the process<\/p>\n<\/li>\n<\/ul>\n<p class=\"ds-markdown-paragraph\">The perfect gift for creative kids who love to create and experiment with different materials!<\/p>","protected":false},"excerpt":{"rendered":"<p>Leiskite vaikams patirti tikr\u0105 k\u016brybos d\u017eiaugsm\u0105! \u0160is i\u0161samus meninis rinkinys suteikia galimyb\u0119 nuo nulio sukurti savo unikalias fig\u016br\u0117les \u2013 nuo gipso mai\u0161ymo iki galutinio dekoravimo. K\u016brybos procesas: Sumai\u0161ykite gips\u0105 ir u\u017epildykite silikonin\u0119 form\u0105 I\u0161imkite suformuot\u0105 fig\u016br\u0117l\u0119, po to kai \u0161i sustingsta Nuda\u017eykite ir papuo\u0161kite savo k\u016brin\u012f Prid\u0117kite unikal\u0173 dekor\u0105 i\u0161 molio Pagrindiniai privalumai: Pilnas k\u016brybinis procesas: vaikai i\u0161moks gipso liejimo technikos nuo prad\u017ei\u0173 iki galo Ry\u0161kios spalvos: 8 akriliniai \u017eymekliai u\u017etikina ry\u0161k\u0173 ir lyg\u0173 dengim\u0105 Daugialypis k\u016brybi\u0161kumas: galima papildomai kurti dekoratyvinius elementus i\u0161 ultra lengvo molio \u0160varus naudojimas: apsaugin\u0117s pir\u0161tin\u0117s ir patog\u016bs \u012frankiai u\u017etikina \u0161var\u0173 k\u016brybos proces\u0105 Visa ko rinkinys: viskas, ko reikia, vienoje pakuot\u0117je Rinkinio sud\u0117tis: 8 akriliniai \u017eymekliai 6 mai\u0161eliai gipso milteli\u0173 Mink\u0161ta silikonin\u0117 forma 2 pakuot\u0117s molio \u012eranki\u0173 rinkinys Matavimo taur\u0117, piltuvas 4 poros vienkartini\u0173 pir\u0161tini\u0173 Balti klijai, lakas Savaranki\u0161kai u\u017esidarantys mai\u0161eliai Vaizdin\u0117 instrukcija Am\u017eiaus rekomendacija: 6+ met\u0173 I\u0161matavimai: Fig\u016br\u0117li\u0173 dydis: 5,5\u00d74\u00d78 cm Pakuot\u0117s dydis: 27,5\u00d722,5\u00d77 cm Ugdomieji privalumai: Lavina rank\u0173 \u012fg\u016bd\u017eius ir k\u016brybi\u0161kum\u0105 Ugdo d\u0117mesio koncentracij\u0105 Skatina menin\u0119 rai\u0161k\u0105 Ver\u010dia planuoti ir sekti proces\u0105 Puiki dovana k\u016brybi\u0161kiems vaikams, m\u0117gstantiems kurti ir eksperimentuoti su \u012fvairiomis med\u017eiagomis!<\/p>","protected":false},"featured_media":5856,"template":"","meta":[],"product_brand":[],"product_cat":[236,242,272,250,252,255,263,275],"product_tag":[],"class_list":{"0":"post-5808","1":"product","2":"type-product","3":"status-publish","4":"has-post-thumbnail","6":"product_cat-6-metai","7":"product_cat-dovanu-idejos","8":"product_cat-kaledines-dovanos","9":"product_cat-menai-ir-kurybiniai-uzsiemimai","10":"product_cat-meno-reikmenys","11":"product_cat-naujienos","12":"product_cat-pasidaryk-pats","13":"product_cat-visos-meno-prekes","15":"first","16":"instock","17":"taxable","18":"shipping-taxable","19":"product-type-simple"},"jetpack_sharing_enabled":true,"_links":{"self":[{"href":"https:\/\/b2b.mideer.lt\/en\/wp-json\/wp\/v2\/product\/5808"}],"collection":[{"href":"https:\/\/b2b.mideer.lt\/en\/wp-json\/wp\/v2\/product"}],"about":[{"href":"https:\/\/b2b.mideer.lt\/en\/wp-json\/wp\/v2\/types\/product"}],"wp:featuredmedia":[{"embeddable":true,"href":"https:\/\/b2b.mideer.lt\/en\/wp-json\/wp\/v2\/media\/5856"}],"wp:attachment":[{"href":"https:\/\/b2b.mideer.lt\/en\/wp-json\/wp\/v2\/media?parent=5808"}],"wp:term":[{"taxonomy":"product_brand","embeddable":true,"href":"https:\/\/b2b.mideer.lt\/en\/wp-json\/wp\/v2\/product_brand?post=5808"},{"taxonomy":"product_cat","embeddable":true,"href":"https:\/\/b2b.mideer.lt\/en\/wp-json\/wp\/v2\/product_cat?post=5808"},{"taxonomy":"product_tag","embeddable":true,"href":"https:\/\/b2b.mideer.lt\/en\/wp-json\/wp\/v2\/product_tag?post=5808"}],"curies":[{"name":"wp","href":"https:\/\/api.w.org\/{rel}","templated":true}]}}