{"id":5801,"date":"2025-11-05T08:11:05","date_gmt":"2025-11-05T08:11:05","guid":{"rendered":"https:\/\/b2b.mideer.lt\/product\/didysis-menininko-lagaminas\/"},"modified":"2026-04-10T07:33:16","modified_gmt":"2026-04-10T07:33:16","slug":"didysis-menininko-lagaminas","status":"publish","type":"product","link":"https:\/\/b2b.mideer.lt\/en\/product\/didysis-menininko-lagaminas\/","title":{"rendered":"The great artist's suitcase"},"content":{"rendered":"<p>All the best mideer art tools in one suitcase. Triangular silk crayons that easily wash off skin and other surfaces, washable triangular double-sided markers, acrylic markers for drawing on a wide range of surfaces, oil crayons in rich colours, light drawing pencils and oil paints. <strong>More than 100 drawing tools in the set.<\/strong><\/p>\n<p>All colouring products are water-based, free of chemicals and fragrances, making 100% safe for children.<\/p>\n<p>A set for the true art lover. Unlimited creative possibilities and techniques.<\/p>\n<p>A portable suitcase with a playful design that unfolds into three floors of colouring tools.<\/p>\n<p><strong>Recommended age:<\/strong> 3+<\/p>\n<p><strong>Size of suitcase:<\/strong> 34,5 x 23 x 10 cm<\/p>","protected":false},"excerpt":{"rendered":"<p>Visos geriausios mideer meno priemon\u0117s viename lagamine. Lengvai nuplaunamos nuo odos ir kit\u0173 pavir\u0161i\u0173 trikamp\u0117s \u0161ilkin\u0117s kreidel\u0117s, nuplaunami trikampiai dvipusiai markeriai, akriliniai markeriai skirit pie\u0161ti ant \u012fvairiausi\u0173 pavir\u0161i\u0173, aliejiniai sodri\u0173 spalv\u0173, lengavai pie\u0161iantys pie\u0161tukai ir\u00a0aliejiniai da\u017eai. Rinkinyje daugiau nei 100\u00a0\u012franki\u0173 pie\u0161imui. Visos spalvinimo priemon\u0117s pagamintos vandens pagrindu, nenaudojant chemini\u0173 med\u017eiag\u0173 ir kvapikli\u0173, tod\u0117l yra 100% saugios vaikams naudoti. Rinkinys tikram meno gerb\u0117jui. Neribotos k\u016brybin\u0117s galimyb\u0117s ir technikos. Ne\u0161iojamas \u017eaismingo dizaino lagaminas, i\u0161siskleid\u017eia \u012f tris auk\u0161tus \u012fvairiausi\u0173 spalvinimo \u012franki\u0173. Rekomenduojamas am\u017eius: 3+ Lagamino dydis: 34,5 x 23 x 10 cm<\/p>","protected":false},"featured_media":5838,"template":"","meta":[],"product_brand":[],"product_cat":[234,235,236,242,272,250,252,255,268,275],"product_tag":[],"class_list":{"0":"post-5801","1":"product","2":"type-product","3":"status-publish","4":"has-post-thumbnail","6":"product_cat-3-4-metai","7":"product_cat-5-6-metai","8":"product_cat-6-metai","9":"product_cat-dovanu-idejos","10":"product_cat-kaledines-dovanos","11":"product_cat-menai-ir-kurybiniai-uzsiemimai","12":"product_cat-meno-reikmenys","13":"product_cat-naujienos","14":"product_cat-spalvinimo-priemones","15":"product_cat-visos-meno-prekes","17":"first","18":"instock","19":"taxable","20":"shipping-taxable","21":"product-type-simple"},"jetpack_sharing_enabled":true,"_links":{"self":[{"href":"https:\/\/b2b.mideer.lt\/en\/wp-json\/wp\/v2\/product\/5801"}],"collection":[{"href":"https:\/\/b2b.mideer.lt\/en\/wp-json\/wp\/v2\/product"}],"about":[{"href":"https:\/\/b2b.mideer.lt\/en\/wp-json\/wp\/v2\/types\/product"}],"wp:featuredmedia":[{"embeddable":true,"href":"https:\/\/b2b.mideer.lt\/en\/wp-json\/wp\/v2\/media\/5838"}],"wp:attachment":[{"href":"https:\/\/b2b.mideer.lt\/en\/wp-json\/wp\/v2\/media?parent=5801"}],"wp:term":[{"taxonomy":"product_brand","embeddable":true,"href":"https:\/\/b2b.mideer.lt\/en\/wp-json\/wp\/v2\/product_brand?post=5801"},{"taxonomy":"product_cat","embeddable":true,"href":"https:\/\/b2b.mideer.lt\/en\/wp-json\/wp\/v2\/product_cat?post=5801"},{"taxonomy":"product_tag","embeddable":true,"href":"https:\/\/b2b.mideer.lt\/en\/wp-json\/wp\/v2\/product_tag?post=5801"}],"curies":[{"name":"wp","href":"https:\/\/api.w.org\/{rel}","templated":true}]}}