{"id":5797,"date":"2025-11-05T08:11:04","date_gmt":"2025-11-05T08:11:04","guid":{"rendered":"https:\/\/b2b.mideer.lt\/product\/dvipusiai-akriliniai-markeriai\/"},"modified":"2025-11-05T09:42:30","modified_gmt":"2025-11-05T09:42:30","slug":"dvipusiai-akriliniai-markeriai","status":"publish","type":"product","link":"https:\/\/b2b.mideer.lt\/en\/product\/dvipusiai-akriliniai-markeriai\/","title":{"rendered":"Double-sided acrylic markers"},"content":{"rendered":"<p class=\"ds-markdown-paragraph\"><span style=\"font-size: 0.875rem;\">mideer acrylic markers for fans of acrylic markers - DOUBLE acrylic markers! Twice the fun and double the glamour.<\/span><\/p>\n<p class=\"ds-markdown-paragraph\"><strong style=\"font-size: 0.875rem;\">Key features:<\/strong><\/p>\n<ul>\n<li>\n<p class=\"ds-markdown-paragraph\"><strong>Bright, rich colours<\/strong> - excellent coverage on a wide range of surfaces, colours can be layered on top of each other<\/p>\n<\/li>\n<li>\n<p class=\"ds-markdown-paragraph\"><strong>User-friendly design<\/strong> - no unscrewing or other special preparation is required, and the marker's design is comfortable for small hands<\/p>\n<\/li>\n<li>\n<p class=\"ds-markdown-paragraph\"><b>Two different brush tips <\/b>- allows you to draw both thinner and thicker lines, suitable for a wide range of artistic projects. One end is extra soft and the other is blunt and chiselled<\/p>\n<\/li>\n<li>\n<p class=\"ds-markdown-paragraph\"><strong>Safe and harmless<\/strong> - water-based, free of toxic substances and fragrances, 100% is safe for children<\/p>\n<\/li>\n<li>\n<p class=\"ds-markdown-paragraph\"><strong>Convenient for storage<\/strong> - ergonomic packaging design<\/p>\n<\/li>\n<\/ul>\n<p class=\"ds-markdown-paragraph\"><strong>Adaptation:<\/strong><\/p>\n<ul>\n<li>\n<p class=\"ds-markdown-paragraph\">Ideal for drawing on paper, cardboard, fabric, wood and other surfaces<\/p>\n<\/li>\n<li>\n<p class=\"ds-markdown-paragraph\">Ideal for creative tasks, decorating, needlework<\/p>\n<\/li>\n<li>\n<p class=\"ds-markdown-paragraph\">For use with various Mideer creative kits (e.g. for painting plaster figures)<\/p>\n<\/li>\n<\/ul>\n<p class=\"ds-markdown-paragraph\"><strong>Benefits:<\/strong><\/p>\n<ul>\n<li>\n<p class=\"ds-markdown-paragraph\">Stimulates creativity and artistic expression<\/p>\n<\/li>\n<li>\n<p class=\"ds-markdown-paragraph\">Develops colour perception and fine motor skills<\/p>\n<\/li>\n<li>\n<p class=\"ds-markdown-paragraph\">Suitable for use at home, at school or in creative activities<\/p>\n<\/li>\n<\/ul>\n<p><strong>Age recommendation:<\/strong> 3+<\/p>\n<p><strong>Package dimensions: <\/strong>24 colours - 17 x 8 x 8 cm<\/p>\n<p><strong>Package dimensions: <\/strong>48 colours - 16 x 10,6 x 10,6 cm<\/p>","protected":false},"excerpt":{"rendered":"<p>mideer akrilini\u0173 markeri\u0173 gerb\u0117jams &#8211; DVIPUSIAI akriliniai markeriai! Dvigubai daugiau dgalimybi\u0173 ir d\u017eiaugsmo. Pagrindin\u0117s savyb\u0117s: Ry\u0161kios, sodrios spalvos \u2013 puikiai dengia \u012fvairiausius pavir\u0161ius, spalvas galima sluoksniuoti vien\u0105 ant kitos Patogus naudojimosi dizainas \u2013 priemon\u0117s nereikia atsukin\u0117ti, ar kitaip specialiai pasiruo\u0161ti j\u0105 naudoti, markerio dizainas patogus nedidel\u0117ms rankoms Du skirtingi teptuk\u0173 antgaliai \u2013 leid\u017eia pie\u0161ti tiek plonesnes, tiek storesnes linijas, tinkami \u012fvairiems meniniams projektams. Vienas galas itin mink\u0161tas, o kitas bukas ir kirstas Saug\u016bs ir nekenksmingi \u2013 pagaminti vandens pagrindu, be toksini\u0173 med\u017eiag\u0173 ir kvapikli\u0173, 100% saug\u016bs naudoti vaikams Patog\u016bs laikymui \u2013 ergonomi\u0161kas pakuot\u0117s dizainas Pritaikymas: Puikiai tinka pie\u0161imui ant popieriaus, kartono, audinio, med\u017eio ir kit\u0173 pavir\u0161i\u0173 Ideal\u016bs k\u016brybin\u0117ms u\u017eduotims, dekoravimui, rankdarbiams Naudojami su \u012fvairiais Mideer k\u016brybiniais rinkiniais (pvz., gipso fig\u016br\u0117li\u0173 da\u017eymui) Privalumai: Skatina k\u016brybi\u0161kum\u0105 ir menin\u0119 rai\u0161k\u0105 Ugdo spalv\u0173 suvokim\u0105 ir smulki\u0105j\u0105 motorik\u0105 Tinka naudoti namuose, mokykloje ar k\u016brybiniuose u\u017esi\u0117mimuose Am\u017eiaus rekomendacija: 3+ Pakuot\u0117s i\u0161matavimai: 24 spalv\u0173 &#8211; 17 x 8 x 8 cm Pakuot\u0117s i\u0161matavimai: 48 spalv\u0173 &#8211; 16 x 10,6 x 10,6 cm<\/p>","protected":false},"featured_media":5829,"template":"","meta":[],"product_brand":[],"product_cat":[234,235,236,244,250,252,255,268,275],"product_tag":[],"class_list":{"0":"post-5797","1":"product","2":"type-product","3":"status-publish","4":"has-post-thumbnail","6":"product_cat-3-4-metai","7":"product_cat-5-6-metai","8":"product_cat-6-metai","9":"product_cat-kas-populiaru","10":"product_cat-menai-ir-kurybiniai-uzsiemimai","11":"product_cat-meno-reikmenys","12":"product_cat-naujienos","13":"product_cat-spalvinimo-priemones","14":"product_cat-visos-meno-prekes","16":"first","17":"instock","18":"taxable","19":"shipping-taxable","20":"product-type-variable"},"jetpack_sharing_enabled":true,"_links":{"self":[{"href":"https:\/\/b2b.mideer.lt\/en\/wp-json\/wp\/v2\/product\/5797"}],"collection":[{"href":"https:\/\/b2b.mideer.lt\/en\/wp-json\/wp\/v2\/product"}],"about":[{"href":"https:\/\/b2b.mideer.lt\/en\/wp-json\/wp\/v2\/types\/product"}],"wp:featuredmedia":[{"embeddable":true,"href":"https:\/\/b2b.mideer.lt\/en\/wp-json\/wp\/v2\/media\/5829"}],"wp:attachment":[{"href":"https:\/\/b2b.mideer.lt\/en\/wp-json\/wp\/v2\/media?parent=5797"}],"wp:term":[{"taxonomy":"product_brand","embeddable":true,"href":"https:\/\/b2b.mideer.lt\/en\/wp-json\/wp\/v2\/product_brand?post=5797"},{"taxonomy":"product_cat","embeddable":true,"href":"https:\/\/b2b.mideer.lt\/en\/wp-json\/wp\/v2\/product_cat?post=5797"},{"taxonomy":"product_tag","embeddable":true,"href":"https:\/\/b2b.mideer.lt\/en\/wp-json\/wp\/v2\/product_tag?post=5797"}],"curies":[{"name":"wp","href":"https:\/\/api.w.org\/{rel}","templated":true}]}}