{"id":5795,"date":"2025-11-05T08:11:03","date_gmt":"2025-11-05T08:11:03","guid":{"rendered":"https:\/\/b2b.mideer.lt\/product\/vandens-pagrindo-akriliniai-markeriai-80-spalvu\/"},"modified":"2026-05-09T07:32:36","modified_gmt":"2026-05-09T07:32:36","slug":"vandens-pagrindo-akriliniai-markeriai-80-spalvu","status":"publish","type":"product","link":"https:\/\/b2b.mideer.lt\/en\/product\/vandens-pagrindo-akriliniai-markeriai-80-spalvu\/","title":{"rendered":"Water-based acrylic markers - 80 colours"},"content":{"rendered":"<p class=\"ds-markdown-paragraph\"><span style=\"font-size: 0.875rem\">mideer acrylic markers fans - SUPER MEGA acrylic markers pack! Four times more colour options and drawing fun.<\/span><\/p>\n<p class=\"ds-markdown-paragraph\"><strong style=\"font-size: 0.875rem\">Key features:<\/strong><\/p>\n<ul>\n<li>\n<p class=\"ds-markdown-paragraph\"><strong>Bright, rich colours<\/strong> - excellent coverage on a wide range of surfaces, colours can be layered on top of each other<\/p>\n<\/li>\n<li>\n<p class=\"ds-markdown-paragraph\"><strong>User-friendly design<\/strong> - No unscrewing or other special preparation is required, and the design of the marker body is comfortable for small children's hands<\/p>\n<\/li>\n<li>\n<p class=\"ds-markdown-paragraph\"><strong>Safe and harmless<\/strong> - water-based, free of toxic substances and fragrances, 100% is safe for children<\/p>\n<\/li>\n<li>\n<p class=\"ds-markdown-paragraph\"><strong>Convenient for storage<\/strong> - ergonomic packaging design<\/p>\n<\/li>\n<\/ul>\n<p class=\"ds-markdown-paragraph\"><strong>Adaptation:<\/strong><\/p>\n<ul>\n<li>\n<p class=\"ds-markdown-paragraph\">Ideal for drawing on paper, cardboard, fabric, wood and other surfaces<\/p>\n<\/li>\n<li>\n<p class=\"ds-markdown-paragraph\">Ideal for creative tasks, decorating, needlework<\/p>\n<\/li>\n<li>\n<p class=\"ds-markdown-paragraph\">For use with various Mideer creative kits (e.g. for painting plaster figures)<\/p>\n<\/li>\n<\/ul>\n<p class=\"ds-markdown-paragraph\"><strong>Benefits:<\/strong><\/p>\n<ul>\n<li>\n<p class=\"ds-markdown-paragraph\">Stimulates creativity and artistic expression<\/p>\n<\/li>\n<li>\n<p class=\"ds-markdown-paragraph\">Develops colour perception and fine motor skills<\/p>\n<\/li>\n<li>\n<p class=\"ds-markdown-paragraph\">Suitable for use at home, at school or in creative activities<\/p>\n<\/li>\n<\/ul>\n<p><strong>Age recommendation:<\/strong> 4+<\/p>\n<p><strong>Package dimensions: <\/strong>14 x 14 x 14 cm<\/p>","protected":false},"excerpt":{"rendered":"<p>mideer akrilini\u0173 markeri\u0173 gerb\u0117jams &#8211; SUPER MEGA akrilini\u0173 markeri\u0173 pakuot\u0117! Keturgubai daugiau spalv\u0173 galimybi\u0173 ir pie\u0161imo d\u017eiaugsmo. Pagrindin\u0117s savyb\u0117s: Ry\u0161kios, sodrios spalvos \u2013 puikiai dengia \u012fvairiausius pavir\u0161ius, spalvas galima sluoksniuoti vien\u0105 ant kitos Patogus naudojimosi dizainas \u2013 priemon\u0117s nereikia atsukin\u0117ti, ar kitaip specialiai pasiruo\u0161ti j\u0105 naudoti, markerio korpuso dizainas patogus nedidel\u0117ms vaiki\u0161koms rankoms Saug\u016bs ir nekenksmingi \u2013 pagaminti vandens pagrindu, be toksini\u0173 med\u017eiag\u0173 ir kvapikli\u0173, 100% saug\u016bs naudoti vaikams Patog\u016bs laikymui \u2013 ergonomi\u0161kas pakuot\u0117s dizainas Pritaikymas: Puikiai tinka pie\u0161imui ant popieriaus, kartono, audinio, med\u017eio ir kit\u0173 pavir\u0161i\u0173 Ideal\u016bs k\u016brybin\u0117ms u\u017eduotims, dekoravimui, rankdarbiams Naudojami su \u012fvairiais Mideer k\u016brybiniais rinkiniais (pvz., gipso fig\u016br\u0117li\u0173 da\u017eymui) Privalumai: Skatina k\u016brybi\u0161kum\u0105 ir menin\u0119 rai\u0161k\u0105 Ugdo spalv\u0173 suvokim\u0105 ir smulki\u0105j\u0105 motorik\u0105 Tinka naudoti namuose, mokykloje ar k\u016brybiniuose u\u017esi\u0117mimuose Am\u017eiaus rekomendacija: 4+ Pakuot\u0117s i\u0161matavimai: 14 x 14 x 14 cm<\/p>","protected":false},"featured_media":5824,"template":"","meta":[],"product_brand":[],"product_cat":[234,235,236,242,272,250,252,255,268,275],"product_tag":[],"class_list":{"0":"post-5795","1":"product","2":"type-product","3":"status-publish","4":"has-post-thumbnail","6":"product_cat-3-4-metai","7":"product_cat-5-6-metai","8":"product_cat-6-metai","9":"product_cat-dovanu-idejos","10":"product_cat-kaledines-dovanos","11":"product_cat-menai-ir-kurybiniai-uzsiemimai","12":"product_cat-meno-reikmenys","13":"product_cat-naujienos","14":"product_cat-spalvinimo-priemones","15":"product_cat-visos-meno-prekes","17":"first","18":"instock","19":"taxable","20":"shipping-taxable","21":"product-type-simple"},"jetpack_sharing_enabled":true,"_links":{"self":[{"href":"https:\/\/b2b.mideer.lt\/en\/wp-json\/wp\/v2\/product\/5795"}],"collection":[{"href":"https:\/\/b2b.mideer.lt\/en\/wp-json\/wp\/v2\/product"}],"about":[{"href":"https:\/\/b2b.mideer.lt\/en\/wp-json\/wp\/v2\/types\/product"}],"wp:featuredmedia":[{"embeddable":true,"href":"https:\/\/b2b.mideer.lt\/en\/wp-json\/wp\/v2\/media\/5824"}],"wp:attachment":[{"href":"https:\/\/b2b.mideer.lt\/en\/wp-json\/wp\/v2\/media?parent=5795"}],"wp:term":[{"taxonomy":"product_brand","embeddable":true,"href":"https:\/\/b2b.mideer.lt\/en\/wp-json\/wp\/v2\/product_brand?post=5795"},{"taxonomy":"product_cat","embeddable":true,"href":"https:\/\/b2b.mideer.lt\/en\/wp-json\/wp\/v2\/product_cat?post=5795"},{"taxonomy":"product_tag","embeddable":true,"href":"https:\/\/b2b.mideer.lt\/en\/wp-json\/wp\/v2\/product_tag?post=5795"}],"curies":[{"name":"wp","href":"https:\/\/api.w.org\/{rel}","templated":true}]}}