{"id":5791,"date":"2025-11-05T08:11:00","date_gmt":"2025-11-05T08:11:00","guid":{"rendered":"https:\/\/b2b.mideer.lt\/product\/pasidaryk-pats-rinkinys-muzikos-instrumentai\/"},"modified":"2026-04-19T07:30:16","modified_gmt":"2026-04-19T07:30:16","slug":"pasidaryk-pats-rinkinys-muzikos-instrumentai","status":"publish","type":"product","link":"https:\/\/b2b.mideer.lt\/en\/product\/pasidaryk-pats-rinkinys-muzikos-instrumentai\/","title":{"rendered":"DIY kit - music"},"content":{"rendered":"<p class=\"ds-markdown-paragraph\">This series of DIY activity kits from mideer covers a total of three different themes - sounds, optics and movement. As well as developing your child's motor skills, it also stimulates curiosity and introduces the basic properties of physics.<\/p>\n<p class=\"ds-markdown-paragraph\"><strong>DIY kit - musical instruments goal:<\/strong> Introduces the principles of the physics of sound through the production of musical instruments<\/p>\n<p class=\"ds-markdown-paragraph\"><strong>The kit can be used to make:<\/strong><\/p>\n<ul>\n<li>\n<p class=\"ds-markdown-paragraph\"><strong>Fleita<\/strong> - wind instrument<\/p>\n<\/li>\n<li>\n<p class=\"ds-markdown-paragraph\"><strong>Drum<\/strong> - percussion instrument<\/p>\n<\/li>\n<li>\n<p class=\"ds-markdown-paragraph\"><strong>Kankl\u0117s<\/strong> - string instrument<\/p>\n<\/li>\n<li>\n<p class=\"ds-markdown-paragraph\"><strong>Maracas<\/strong> - wind instrument<\/p>\n<\/li>\n<\/ul>\n<p class=\"ds-markdown-paragraph\"><strong>Composition of the collection:<\/strong><\/p>\n<ul>\n<li>\n<p class=\"ds-markdown-paragraph\">5 printed worksheets with exercises<\/p>\n<\/li>\n<li>\n<p class=\"ds-markdown-paragraph\">8 plastic tubes<\/p>\n<\/li>\n<li>\n<p class=\"ds-markdown-paragraph\">2 drumsticks<\/p>\n<\/li>\n<li>\n<p class=\"ds-markdown-paragraph\">4 rubber bands<\/p>\n<\/li>\n<li>\n<p class=\"ds-markdown-paragraph\">8 corks<\/p>\n<\/li>\n<li>\n<p class=\"ds-markdown-paragraph\">1 PVC panel<\/p>\n<\/li>\n<li>\n<p class=\"ds-markdown-paragraph\">1 cardboard base<\/p>\n<\/li>\n<li>\n<p class=\"ds-markdown-paragraph\">1 double-sided adhesive tape<\/p>\n<\/li>\n<li>\n<p class=\"ds-markdown-paragraph\">1 parchment paper<\/p>\n<\/li>\n<\/ul>\n<p class=\"ds-markdown-paragraph\"><strong>Educational benefits:<\/strong><\/p>\n<ul>\n<li>\n<p class=\"ds-markdown-paragraph\">Understanding the principles of sound waves<\/p>\n<\/li>\n<li>\n<p class=\"ds-markdown-paragraph\">Developing musical taste<\/p>\n<\/li>\n<li>\n<p class=\"ds-markdown-paragraph\">Handicraft skills training<\/p>\n<\/li>\n<\/ul>\n<p><strong>A great gift: <\/strong>For students who love experiments, engineering and discovery! Designed to nurture the scientists and inventors of tomorrow.<\/p>\n<p><strong>Age recommendation:<\/strong> 8+<\/p>\n<p><strong>Package size:<\/strong> 30 \u00d7 21 \u00d7 2,5 cm<\/p>","protected":false},"excerpt":{"rendered":"<p>\u0160i mideer &#8220;Pasidaryk pats&#8221; veiklos rinkini\u0173 serija apima i\u0161 viso tris skirtingas temas &#8211; garsus, optik\u0105 ir judes\u012f. Tai ne tik lavina vaiko motorikos \u012fg\u016bd\u017eius, bet ir skatina smalsum\u0105, bei supa\u017eindina su pagrindin\u0117mis fizikos savyb\u0117mis. Pasidaryk pats rinkinys &#8211; muzikos instrumentai tikslas: Supa\u017eindina su garso fizikos principais per muzikini\u0173 instrument\u0173 gamyb\u0105 Rinkinyje galima pasigaminti: Fleita \u2013 v\u0117jo instrumentas B\u016bgnas \u2013 mu\u0161amasis instrumentas Kankl\u0117s \u2013 styginis instrumentas Marakasai \u2013 pu\u010diamasis instrumentas Rinkinio sud\u0117tis: 5 spausdinti lapai su u\u017eduotimis 8 plastikiniai vamzdeliai 2 b\u016bgno lazdel\u0117s 4 gumin\u0117s juostos 8 kam\u0161\u010diai 1 PVC plok\u0161t\u0117 1 kartono pagrindas 1 dvipus\u0117 lipni juosta 1 pergamento popierius Ugdomieji privalumai: Garso bang\u0173 princip\u0173 pa\u017einimas Muzikinio skonio ugdymas Rank\u0173 darbo \u012fg\u016bd\u017ei\u0173 lavinimas Puiki dovana: Moksleiviams, m\u0117gstantiems eksperimentus, in\u017einerij\u0105 ir atradimus! Skirta ateities mokslininkams ir i\u0161rad\u0117jams ugdyti. Am\u017eiaus rekomendacija: 8+ Pakuot\u0117s dydis: 30 \u00d7 21 \u00d7 2,5 cm<\/p>","protected":false},"featured_media":5809,"template":"","meta":[],"product_brand":[],"product_cat":[236,245,250,255,263,275,276],"product_tag":[],"class_list":{"0":"post-5791","1":"product","2":"type-product","3":"status-publish","4":"has-post-thumbnail","6":"product_cat-6-metai","7":"product_cat-kurybiniu-uzduociu-knygeles","8":"product_cat-menai-ir-kurybiniai-uzsiemimai","9":"product_cat-naujienos","10":"product_cat-pasidaryk-pats","11":"product_cat-visos-meno-prekes","12":"product_cat-zaislai-ir-zaidimai","14":"first","15":"instock","16":"taxable","17":"shipping-taxable","18":"product-type-simple"},"jetpack_sharing_enabled":true,"_links":{"self":[{"href":"https:\/\/b2b.mideer.lt\/en\/wp-json\/wp\/v2\/product\/5791"}],"collection":[{"href":"https:\/\/b2b.mideer.lt\/en\/wp-json\/wp\/v2\/product"}],"about":[{"href":"https:\/\/b2b.mideer.lt\/en\/wp-json\/wp\/v2\/types\/product"}],"wp:featuredmedia":[{"embeddable":true,"href":"https:\/\/b2b.mideer.lt\/en\/wp-json\/wp\/v2\/media\/5809"}],"wp:attachment":[{"href":"https:\/\/b2b.mideer.lt\/en\/wp-json\/wp\/v2\/media?parent=5791"}],"wp:term":[{"taxonomy":"product_brand","embeddable":true,"href":"https:\/\/b2b.mideer.lt\/en\/wp-json\/wp\/v2\/product_brand?post=5791"},{"taxonomy":"product_cat","embeddable":true,"href":"https:\/\/b2b.mideer.lt\/en\/wp-json\/wp\/v2\/product_cat?post=5791"},{"taxonomy":"product_tag","embeddable":true,"href":"https:\/\/b2b.mideer.lt\/en\/wp-json\/wp\/v2\/product_tag?post=5791"}],"curies":[{"name":"wp","href":"https:\/\/api.w.org\/{rel}","templated":true}]}}