{"id":5789,"date":"2025-11-05T08:10:59","date_gmt":"2025-11-05T08:10:59","guid":{"rendered":"https:\/\/b2b.mideer.lt\/product\/pasidaryk-pats-rinkinys-optikos-prietaisai\/"},"modified":"2026-04-19T07:30:16","modified_gmt":"2026-04-19T07:30:16","slug":"pasidaryk-pats-rinkinys-optikos-prietaisai","status":"publish","type":"product","link":"https:\/\/b2b.mideer.lt\/en\/product\/pasidaryk-pats-rinkinys-optikos-prietaisai\/","title":{"rendered":"DIY kit - Optics"},"content":{"rendered":"<p class=\"ds-markdown-paragraph\">This series of DIY activity kits from mideer covers a total of three different themes - sounds, optics and movement. As well as developing your child's motor skills, it also stimulates curiosity and introduces the basic properties of physics.<\/p>\n<p class=\"ds-markdown-paragraph\"><strong>DIY kit - musical instruments t<\/strong><strong>ixlas:<\/strong> Demonstration of light refraction, reflection and lensing<\/p>\n<p class=\"ds-markdown-paragraph\"><strong>The set includes:<\/strong><\/p>\n<ul>\n<li>\n<p class=\"ds-markdown-paragraph\"><strong>Hologram projector<\/strong> - refracted light effects<\/p>\n<\/li>\n<li>\n<p class=\"ds-markdown-paragraph\"><strong>Kaleidoscope<\/strong> - mirror reflections<\/p>\n<\/li>\n<li>\n<p class=\"ds-markdown-paragraph\"><strong>Design luminaire<\/strong> - the directionality of the light rays<\/p>\n<\/li>\n<li>\n<p class=\"ds-markdown-paragraph\"><strong>Spectroscope<\/strong> - light spectrum analysis<\/p>\n<\/li>\n<\/ul>\n<p class=\"ds-markdown-paragraph\"><strong>Composition of the collection:<\/strong><\/p>\n<ul>\n<li>\n<p class=\"ds-markdown-paragraph\">6 printed papers<\/p>\n<\/li>\n<li>\n<p class=\"ds-markdown-paragraph\">1 LED strip<\/p>\n<\/li>\n<li>\n<p class=\"ds-markdown-paragraph\">1 PVC panel<\/p>\n<\/li>\n<li>\n<p class=\"ds-markdown-paragraph\">1 convex lens<\/p>\n<\/li>\n<li>\n<p class=\"ds-markdown-paragraph\">3 mirror films<\/p>\n<\/li>\n<li>\n<p class=\"ds-markdown-paragraph\">1 double mirror<\/p>\n<\/li>\n<li>\n<p class=\"ds-markdown-paragraph\">1 one-way mirror<\/p>\n<\/li>\n<li>\n<p class=\"ds-markdown-paragraph\">1 parchment paper<\/p>\n<\/li>\n<li>\n<p class=\"ds-markdown-paragraph\">1 wooden stick<\/p>\n<\/li>\n<li>\n<p class=\"ds-markdown-paragraph\">2 cardboard bases<\/p>\n<\/li>\n<li>\n<p class=\"ds-markdown-paragraph\">1 EVA rubber<\/p>\n<\/li>\n<li>\n<p class=\"ds-markdown-paragraph\">1 double-sided adhesive tape<\/p>\n<\/li>\n<\/ul>\n<p class=\"ds-markdown-paragraph\"><strong>Educational benefits:<\/strong><\/p>\n<ul>\n<li>\n<p class=\"ds-markdown-paragraph\">Understanding optical phenomena<\/p>\n<\/li>\n<li>\n<p class=\"ds-markdown-paragraph\">Promoting scientific research<\/p>\n<\/li>\n<li>\n<p class=\"ds-markdown-paragraph\">Developing observation skills<\/p>\n<\/li>\n<\/ul>\n<p><strong>A great gift: <\/strong>For students who love experiments, engineering and discovery! Designed to nurture the scientists and inventors of tomorrow.<\/p>\n<p class=\"ds-markdown-paragraph\"><strong style=\"font-size: 0.875rem\">Age recommendation:<\/strong><span style=\"font-size: 0.875rem\"> 8+<\/span><\/p>\n<p><strong>Package size:<\/strong> 30 \u00d7 21 \u00d7 3,5 cm<\/p>","protected":false},"excerpt":{"rendered":"<p>\u0160i mideer &#8220;Pasidaryk pats&#8221; veiklos rinkini\u0173 serija apima i\u0161 viso tris skirtingas temas &#8211; garsus, optik\u0105 ir judes\u012f. Tai ne tik lavina vaiko motorikos \u012fg\u016bd\u017eius, bet ir skatina smalsum\u0105, bei supa\u017eindina su pagrindin\u0117mis fizikos savyb\u0117mis. Pasidaryk pats rinkinys &#8211; muzikos instrumentai tikslas: \u0160viesos refrakcijos, atspind\u017eio ir l\u0119\u0161i\u0173 veikimo demonstravimas Rinkinyje galima susikurti: Hologramos projektorius \u2013 \u0161viesos l\u016b\u017eio efektai Kaleidoskopas \u2013 veidrod\u017ei\u0173 atspind\u017eiai Projektavimo \u0161viestuvas \u2013 \u0161viesos spinduli\u0173 kryptingumas Spektroskopas \u2013 \u0161viesos spektro analiz\u0117 Rinkinio sud\u0117tis: 6 spausdinti popieriai 1 \u0161viesos diod\u0173 juosta 1 PVC plok\u0161t\u0117 1 i\u0161gaubtas l\u0119\u0161is 3 veidrod\u017eio pl\u0117vel\u0117s 1 dvigubas veidrodis 1 vienpusis veidrodis 1 pergamento popierius 1 medin\u0117 lazdel\u0117 2 kartoniniai pagrindai 1 EVA guma 1 dvipus\u0117 lipni juosta Ugdomieji privalumai: Optini\u0173 rei\u0161kini\u0173 supratimas Mokslinio tyrin\u0117jimo skatinimas Steb\u0117jimo \u012fg\u016bd\u017ei\u0173 lavinimas Puiki dovana: Moksleiviams, m\u0117gstantiems eksperimentus, in\u017einerij\u0105 ir atradimus! Skirta ateities mokslininkams ir i\u0161rad\u0117jams ugdyti. Am\u017eiaus rekomendacija: 8+ Pakuot\u0117s dydis: 30 \u00d7 21 \u00d7 3,5 cm<\/p>","protected":false},"featured_media":5800,"template":"","meta":[],"product_brand":[],"product_cat":[236,245,250,255,263,275,276],"product_tag":[],"class_list":{"0":"post-5789","1":"product","2":"type-product","3":"status-publish","4":"has-post-thumbnail","6":"product_cat-6-metai","7":"product_cat-kurybiniu-uzduociu-knygeles","8":"product_cat-menai-ir-kurybiniai-uzsiemimai","9":"product_cat-naujienos","10":"product_cat-pasidaryk-pats","11":"product_cat-visos-meno-prekes","12":"product_cat-zaislai-ir-zaidimai","14":"first","15":"instock","16":"taxable","17":"shipping-taxable","18":"product-type-simple"},"jetpack_sharing_enabled":true,"_links":{"self":[{"href":"https:\/\/b2b.mideer.lt\/en\/wp-json\/wp\/v2\/product\/5789"}],"collection":[{"href":"https:\/\/b2b.mideer.lt\/en\/wp-json\/wp\/v2\/product"}],"about":[{"href":"https:\/\/b2b.mideer.lt\/en\/wp-json\/wp\/v2\/types\/product"}],"wp:featuredmedia":[{"embeddable":true,"href":"https:\/\/b2b.mideer.lt\/en\/wp-json\/wp\/v2\/media\/5800"}],"wp:attachment":[{"href":"https:\/\/b2b.mideer.lt\/en\/wp-json\/wp\/v2\/media?parent=5789"}],"wp:term":[{"taxonomy":"product_brand","embeddable":true,"href":"https:\/\/b2b.mideer.lt\/en\/wp-json\/wp\/v2\/product_brand?post=5789"},{"taxonomy":"product_cat","embeddable":true,"href":"https:\/\/b2b.mideer.lt\/en\/wp-json\/wp\/v2\/product_cat?post=5789"},{"taxonomy":"product_tag","embeddable":true,"href":"https:\/\/b2b.mideer.lt\/en\/wp-json\/wp\/v2\/product_tag?post=5789"}],"curies":[{"name":"wp","href":"https:\/\/api.w.org\/{rel}","templated":true}]}}