{"id":5788,"date":"2025-11-05T08:10:58","date_gmt":"2025-11-05T08:10:58","guid":{"rendered":"https:\/\/b2b.mideer.lt\/product\/pasidaryk-pats-rinkinys-mechanika\/"},"modified":"2026-04-19T07:30:16","modified_gmt":"2026-04-19T07:30:16","slug":"pasidaryk-pats-rinkinys-mechanika","status":"publish","type":"product","link":"https:\/\/b2b.mideer.lt\/en\/product\/pasidaryk-pats-rinkinys-mechanika\/","title":{"rendered":"DIY kit - mechanics"},"content":{"rendered":"<p class=\"ds-markdown-paragraph\">This series of DIY activity kits from mideer covers a total of three different themes - sounds, optics and movement. As well as developing your child's motor skills, it also stimulates curiosity and introduces the basic properties of physics.<\/p>\n<p class=\"ds-markdown-paragraph\"><strong>DIY kit - musical instruments goal:<\/strong>Discover the principles of motion, gravity and energy<\/p>\n<p class=\"ds-markdown-paragraph\"><strong>The set includes:<\/strong><\/p>\n<ul>\n<li>\n<p class=\"ds-markdown-paragraph\"><strong>Rotating carousel<\/strong> - rotary motion<\/p>\n<\/li>\n<li>\n<p class=\"ds-markdown-paragraph\"><strong>Plane<\/strong> - aerodynamic principles<\/p>\n<\/li>\n<li>\n<p class=\"ds-markdown-paragraph\"><strong>Catapult<\/strong> - elastic energy<\/p>\n<\/li>\n<li>\n<p class=\"ds-markdown-paragraph\"><strong>Lift<\/strong> - pulley system<\/p>\n<\/li>\n<\/ul>\n<p class=\"ds-markdown-paragraph\"><strong>Composition of the collection:<\/strong><\/p>\n<ul>\n<li>\n<p class=\"ds-markdown-paragraph\">7 printed papers<\/p>\n<\/li>\n<li>\n<p class=\"ds-markdown-paragraph\">6 wooden sticks<\/p>\n<\/li>\n<li>\n<p class=\"ds-markdown-paragraph\">2 balls<\/p>\n<\/li>\n<li>\n<p class=\"ds-markdown-paragraph\">2 rubber bands<\/p>\n<\/li>\n<li>\n<p class=\"ds-markdown-paragraph\">1 tube<\/p>\n<\/li>\n<li>\n<p class=\"ds-markdown-paragraph\">1 rope<\/p>\n<\/li>\n<li>\n<p class=\"ds-markdown-paragraph\">1 wooden panel<\/p>\n<\/li>\n<li>\n<p class=\"ds-markdown-paragraph\">3 cardboard bases<\/p>\n<\/li>\n<li>\n<p class=\"ds-markdown-paragraph\">1 EVA rubber<\/p>\n<\/li>\n<li>\n<p class=\"ds-markdown-paragraph\">1 double-sided adhesive tape<\/p>\n<\/li>\n<li>\n<p class=\"ds-markdown-paragraph\">1 self-adhesive tape<\/p>\n<\/li>\n<\/ul>\n<p class=\"ds-markdown-paragraph\"><strong>Educational benefits:<\/strong><\/p>\n<ul>\n<li>\n<p class=\"ds-markdown-paragraph\">Knowing the laws of physics<\/p>\n<\/li>\n<li>\n<p class=\"ds-markdown-paragraph\">Developing engineering thinking<\/p>\n<\/li>\n<li>\n<p class=\"ds-markdown-paragraph\">Developing problem-solving skills<\/p>\n<\/li>\n<\/ul>\n<p><strong>A great gift: <\/strong>For students who love experiments, engineering and discovery! Designed to nurture the scientists and inventors of tomorrow.<\/p>\n<p><strong>Age recommendation:<\/strong> 8+<\/p>\n<p><strong>Package size:<\/strong> 30 \u00d7 21 \u00d7 4,5 cm<\/p>","protected":false},"excerpt":{"rendered":"<p>\u0160i mideer &#8220;Pasidaryk pats&#8221; veiklos rinkini\u0173 serija apima i\u0161 viso tris skirtingas temas &#8211; garsus, optik\u0105 ir judes\u012f. Tai ne tik lavina vaiko motorikos \u012fg\u016bd\u017eius, bet ir skatina smalsum\u0105, bei supa\u017eindina su pagrindin\u0117mis fizikos savyb\u0117mis. Pasidaryk pats rinkinys &#8211; muzikos instrumentai tikslas:Atskleid\u017eia judesio, gravitacijos ir energijos principais Rinkinyje galima susikurti: Sukamoji karusel\u0117 \u2013 sukamasis judesys L\u0117ktuvas \u2013 aerodinamikos principai Katapulta \u2013 tamprioj\u012f energij\u0105 Keltuvas \u2013 skriemulio sistema Rinkinio sud\u0117tis: 7 spausdinti popieriai 6 medin\u0117s lazdel\u0117s 2 rutuliai 2 gumos juostos 1 vamzdelis 1 virv\u0117 1 medin\u0117 plok\u0161t\u0117 3 kartoniniai pagrindai 1 EVA guma 1 dvipus\u0117 lipni juosta 1 savaiminio klijavimo juosta Ugdomieji privalumai: Fizikos d\u0117sni\u0173 pa\u017einimas In\u017einerinio m\u0105stymo ugdymas Problem\u0173 sprendimo \u012fg\u016bd\u017ei\u0173 lavinimas Puiki dovana: Moksleiviams, m\u0117gstantiems eksperimentus, in\u017einerij\u0105 ir atradimus! Skirta ateities mokslininkams ir i\u0161rad\u0117jams ugdyti. Am\u017eiaus rekomendacija: 8+ Pakuot\u0117s dydis: 30 \u00d7 21 \u00d7 4,5 cm<\/p>","protected":false},"featured_media":5790,"template":"","meta":[],"product_brand":[],"product_cat":[236,245,250,255,263,275,276],"product_tag":[],"class_list":{"0":"post-5788","1":"product","2":"type-product","3":"status-publish","4":"has-post-thumbnail","6":"product_cat-6-metai","7":"product_cat-kurybiniu-uzduociu-knygeles","8":"product_cat-menai-ir-kurybiniai-uzsiemimai","9":"product_cat-naujienos","10":"product_cat-pasidaryk-pats","11":"product_cat-visos-meno-prekes","12":"product_cat-zaislai-ir-zaidimai","14":"first","15":"instock","16":"taxable","17":"shipping-taxable","18":"product-type-simple"},"jetpack_sharing_enabled":true,"_links":{"self":[{"href":"https:\/\/b2b.mideer.lt\/en\/wp-json\/wp\/v2\/product\/5788"}],"collection":[{"href":"https:\/\/b2b.mideer.lt\/en\/wp-json\/wp\/v2\/product"}],"about":[{"href":"https:\/\/b2b.mideer.lt\/en\/wp-json\/wp\/v2\/types\/product"}],"wp:featuredmedia":[{"embeddable":true,"href":"https:\/\/b2b.mideer.lt\/en\/wp-json\/wp\/v2\/media\/5790"}],"wp:attachment":[{"href":"https:\/\/b2b.mideer.lt\/en\/wp-json\/wp\/v2\/media?parent=5788"}],"wp:term":[{"taxonomy":"product_brand","embeddable":true,"href":"https:\/\/b2b.mideer.lt\/en\/wp-json\/wp\/v2\/product_brand?post=5788"},{"taxonomy":"product_cat","embeddable":true,"href":"https:\/\/b2b.mideer.lt\/en\/wp-json\/wp\/v2\/product_cat?post=5788"},{"taxonomy":"product_tag","embeddable":true,"href":"https:\/\/b2b.mideer.lt\/en\/wp-json\/wp\/v2\/product_tag?post=5788"}],"curies":[{"name":"wp","href":"https:\/\/api.w.org\/{rel}","templated":true}]}}