{"id":5662,"date":"2025-09-25T12:33:59","date_gmt":"2025-09-25T12:33:59","guid":{"rendered":"https:\/\/b2b.mideer.lt\/product\/magnetinis-konstruktorius-vamzdeliai-100-daliu\/"},"modified":"2026-04-22T07:31:28","modified_gmt":"2026-04-22T07:31:28","slug":"magnetinis-konstruktorius-vamzdeliai-100-daliu","status":"publish","type":"product","link":"https:\/\/b2b.mideer.lt\/en\/product\/magnetinis-konstruktorius-vamzdeliai-100-daliu\/","title":{"rendered":"Magnetic Constructor - Track - 100 pieces"},"content":{"rendered":"<div class=\"_9663006\"><\/div>\n<div class=\"_4f9bf79 d7dc56a8 _43c05b5\">\n<div class=\"ds-message _63c77b1\">\n<div class=\"ds-markdown\">\n<p class=\"ds-markdown-paragraph\"><strong>Magnetic Constructor - Trasa is a fun game that combines art, physics, STEM principles and more. <\/strong>Your child will be able to use their imagination to create their own masterpiece. The Mideer Magnetic Track Set includes 100 unique shapes and colours, including multi-shaped tubes that will help you create a variety of designs.<\/p>\n<p class=\"ds-markdown-paragraph\">The softly polished details in 8 classic colours shimmer beautifully in the sunlight and create a charming reflective effect. Your little engineer will enjoy hours of play with this set.<\/p>\n<\/div>\n<\/div>\n<\/div>\n<ul>\n<li data-sourcepos=\"7:1-11:27\"><strong>Am\u017eius: <\/strong>3+<\/li>\n<li data-sourcepos=\"7:1-11:27\"><strong>D\u0117\u017eut\u0117s matmenys: <\/strong><\/li>\n<li data-sourcepos=\"7:1-11:27\"><strong>Including<\/strong>: 100 parts, 1 instruction manual, 1 storage bag<\/li>\n<li data-sourcepos=\"7:1-11:27\"><strong>Number of parts:<\/strong> 100 parts<\/li>\n<li data-sourcepos=\"7:1-11:27\"><strong>Med\u017eiaga:<\/strong> Magnet and ABS<\/li>\n<\/ul>","protected":false},"excerpt":{"rendered":"<p>Magnetinis konstruktorius &#8211; Trasa \u2013 tai \u012fdomus \u017eaidimas, vienijantis men\u0105, fizik\u0105, STEM principus ir dar daugiau. J\u016bs\u0173 vaikas gal\u0117s pasinaudoti savo vaizduote ir sukurti savo paties \u0161edevr\u0105. Mideer magnetin\u012f trasos rinkin\u012f sudaro 100 unikali\u0173 form\u0173 ir spalv\u0173 detali\u0173, \u012fskaitant \u012fvairiaformius vamzdelius, kurie pad\u0117s kurti \u012fvairias konstrukcijas. \u0160velniai poliruotos, 8 klasikini\u0173 spalv\u0173 detal\u0117s saul\u0117s \u0161viesoje gra\u017eiai blizga ir sukuria \u017eav\u0173 atspind\u017ei\u0173 efekt\u0105. J\u016bs\u0173 ma\u017easis in\u017einieris m\u0117gausis valand\u0173 valandas \u017eaisdamas su \u0161iuo rinkiniu. Am\u017eius: 3+ D\u0117\u017eut\u0117s matmenys: \u012eskaitant: 100 detali\u0173, 1 instrukcij\u0105, 1 laikymo mai\u0161el\u012f Detali\u0173 skai\u010dius: 100 detali\u0173 Med\u017eiaga: Magnetas ir ABS<\/p>","protected":false},"featured_media":5708,"template":"","meta":[],"product_brand":[],"product_cat":[234,235,236,239,242,248,276],"product_tag":[16,17,80,40,32,123,20,124,22],"class_list":{"0":"post-5662","1":"product","2":"type-product","3":"status-publish","4":"has-post-thumbnail","6":"product_cat-3-4-metai","7":"product_cat-5-6-metai","8":"product_cat-6-metai","9":"product_cat-daugiau-zaislu-ir-zaidimu","10":"product_cat-dovanu-idejos","11":"product_cat-magnetiniai-konstruktoriai","12":"product_cat-zaislai-ir-zaidimai","13":"product_tag-age-3-4-years","14":"product_tag-age-5-6-years","15":"product_tag-back-in-stock","16":"product_tag-best-sellers","17":"product_tag-building-blocks","18":"product_tag-early-learning-toys","19":"product_tag-gift","20":"product_tag-magnetic-tiles","21":"product_tag-regular-sale","23":"first","24":"instock","25":"taxable","26":"shipping-taxable","27":"product-type-simple"},"jetpack_sharing_enabled":true,"_links":{"self":[{"href":"https:\/\/b2b.mideer.lt\/en\/wp-json\/wp\/v2\/product\/5662"}],"collection":[{"href":"https:\/\/b2b.mideer.lt\/en\/wp-json\/wp\/v2\/product"}],"about":[{"href":"https:\/\/b2b.mideer.lt\/en\/wp-json\/wp\/v2\/types\/product"}],"wp:featuredmedia":[{"embeddable":true,"href":"https:\/\/b2b.mideer.lt\/en\/wp-json\/wp\/v2\/media\/5708"}],"wp:attachment":[{"href":"https:\/\/b2b.mideer.lt\/en\/wp-json\/wp\/v2\/media?parent=5662"}],"wp:term":[{"taxonomy":"product_brand","embeddable":true,"href":"https:\/\/b2b.mideer.lt\/en\/wp-json\/wp\/v2\/product_brand?post=5662"},{"taxonomy":"product_cat","embeddable":true,"href":"https:\/\/b2b.mideer.lt\/en\/wp-json\/wp\/v2\/product_cat?post=5662"},{"taxonomy":"product_tag","embeddable":true,"href":"https:\/\/b2b.mideer.lt\/en\/wp-json\/wp\/v2\/product_tag?post=5662"}],"curies":[{"name":"wp","href":"https:\/\/api.w.org\/{rel}","templated":true}]}}