{"id":5661,"date":"2025-09-25T12:33:59","date_gmt":"2025-09-25T12:33:59","guid":{"rendered":"https:\/\/b2b.mideer.lt\/product\/sensorinis-sokliukas-vienaragis\/"},"modified":"2026-04-25T07:31:30","modified_gmt":"2026-04-25T07:31:30","slug":"sensorinis-sokliukas-vienaragis","status":"publish","type":"product","link":"https:\/\/b2b.mideer.lt\/en\/product\/sensorinis-sokliukas-vienaragis\/","title":{"rendered":"Sensory jumper - Unicorn"},"content":{"rendered":"<p>This mideer sensory bouncer is specially designed for little ones to develop their balance, coordination and muscle strength through fun and active play. It's perfect for the home playroom or the backyard, giving your child the opportunity to let off steam and develop motor skills.<\/p>\n<ul>\n<li>\n<p class=\"ds-markdown-paragraph\"><strong>Reliability and durability:<\/strong> The product is made of high quality materials to guarantee a long service life.<\/p>\n<\/li>\n<li>\n<p class=\"ds-markdown-paragraph\"><strong>High load capacity:<\/strong> The shocker can withstand up to <strong>50 kg<\/strong> weight, making it suitable not only for toddlers but also for slightly older children.<\/p>\n<\/li>\n<li>\n<p class=\"ds-markdown-paragraph\"><strong>Safe and stable:<\/strong> Scientifically selected dimensions to suit the size of the child ensure high stability and prevent tipping.<\/p>\n<ul>\n<li>\n<p class=\"ds-markdown-paragraph\"><strong>Seat height:<\/strong> 25.5 cm (easy to get on and off)<\/p>\n<\/li>\n<li>\n<p class=\"ds-markdown-paragraph\"><strong>Width of base:<\/strong> 29 cm (for perfect balance)<\/p>\n<\/li>\n<li>\n<p class=\"ds-markdown-paragraph\"><strong>Leg diameter:<\/strong> 9 cm (sturdy and robust design)<\/p>\n<\/li>\n<\/ul>\n<\/li>\n<li>\n<p class=\"ds-markdown-paragraph\"><strong>Ergonomic design for children:<\/strong> All dimensions are designed to make it comfortable and safe for your child to jump. Soft and comfortable seat.<\/p>\n<\/li>\n<\/ul>\n<p><strong>Package dimensions: <\/strong>51*29*50cm<\/p>\n<p><strong>Med\u017eiaga:<\/strong> PP non-woven fabric<\/p>\n<p><strong>Recommended age: <\/strong>18 months +<\/p>","protected":false},"excerpt":{"rendered":"<p>\u0160is mideer sensorinis \u0161okliukas sukurtas specialiai ma\u017eiesiems, siekiant ugdyti j\u0173 pusiausvyr\u0105, koordinacij\u0105 ir raumen\u0173 stiprum\u0105 per linksm\u0105 ir veikl\u0173 \u017eaidim\u0105. Jis puikiai tiks nam\u0173 \u017eaidim\u0173 kambariui ar kiemui, suteikdamas vaikui galimyb\u0119 i\u0161leisti energij\u0105 ir tobulinti motorinius \u012fg\u016bd\u017eius. Patikimumas ir ilgaam\u017ei\u0161kumas: Produktas pagamintas i\u0161 kokybi\u0161k\u0173 med\u017eiag\u0173, garantuojan\u010di\u0173 ilg\u0105 tarnavimo laik\u0105. Didel\u0117 keliamoji galia: \u0160okliukas gali atlaikyti iki 50 kg svor\u012f, tod\u0117l jis tiks ne tik ma\u017eiems, bet ir \u0161iek tiek vyresniems vaikams. Saugus ir stabilus: Moksli\u0161kai parinkti vaiko dyd\u012f atitinkantys matmenys u\u017etikrina didel\u012f stabilum\u0105 ir apsaugo nuo apvirtimo. S\u0117dyn\u0117s auk\u0161tis: 25,5 cm (patogus u\u017elipti ir nulipti) Pagrindo plotis: 29 cm (u\u017etikrina puiki\u0105 pusiausvyr\u0105) Kojos skersmuo: 9 cm (stangrus ir tvirtas dizainas) Ergonomi\u0161kas vaiki\u0161kas dizainas: Visi matmenys sugalvoti taip, kad vaikui b\u016bt\u0173 patogu ir saugu \u0161okin\u0117ti. Mink\u0161ta ir patogi s\u0117dyn\u0117. Pakuot\u0117s matmenys: 51*29*50cm Med\u017eiaga: PP neaustasis audinys Rekomenduojamas am\u017eius: 18m\u0117n. +<\/p>","protected":false},"featured_media":5705,"template":"","meta":[],"product_brand":[],"product_cat":[233,234,237,239,242,272,255,276],"product_tag":[],"class_list":{"0":"post-5661","1":"product","2":"type-product","3":"status-publish","4":"has-post-thumbnail","6":"product_cat-0-2-metai","7":"product_cat-3-4-metai","8":"product_cat-ankstyvo-lavinimo-zaidimai","9":"product_cat-daugiau-zaislu-ir-zaidimu","10":"product_cat-dovanu-idejos","11":"product_cat-kaledines-dovanos","12":"product_cat-naujienos","13":"product_cat-zaislai-ir-zaidimai","15":"first","16":"instock","17":"taxable","18":"shipping-taxable","19":"product-type-simple"},"jetpack_sharing_enabled":true,"_links":{"self":[{"href":"https:\/\/b2b.mideer.lt\/en\/wp-json\/wp\/v2\/product\/5661"}],"collection":[{"href":"https:\/\/b2b.mideer.lt\/en\/wp-json\/wp\/v2\/product"}],"about":[{"href":"https:\/\/b2b.mideer.lt\/en\/wp-json\/wp\/v2\/types\/product"}],"wp:featuredmedia":[{"embeddable":true,"href":"https:\/\/b2b.mideer.lt\/en\/wp-json\/wp\/v2\/media\/5705"}],"wp:attachment":[{"href":"https:\/\/b2b.mideer.lt\/en\/wp-json\/wp\/v2\/media?parent=5661"}],"wp:term":[{"taxonomy":"product_brand","embeddable":true,"href":"https:\/\/b2b.mideer.lt\/en\/wp-json\/wp\/v2\/product_brand?post=5661"},{"taxonomy":"product_cat","embeddable":true,"href":"https:\/\/b2b.mideer.lt\/en\/wp-json\/wp\/v2\/product_cat?post=5661"},{"taxonomy":"product_tag","embeddable":true,"href":"https:\/\/b2b.mideer.lt\/en\/wp-json\/wp\/v2\/product_tag?post=5661"}],"curies":[{"name":"wp","href":"https:\/\/api.w.org\/{rel}","templated":true}]}}