{"id":5655,"date":"2025-09-25T12:33:56","date_gmt":"2025-09-25T12:33:56","guid":{"rendered":"https:\/\/b2b.mideer.lt\/product\/interaktyvus-stalo-zaidimas-varles-sokles\/"},"modified":"2026-04-06T22:02:40","modified_gmt":"2026-04-06T22:02:40","slug":"interaktyvus-stalo-zaidimas-varles-sokles","status":"publish","type":"product","link":"https:\/\/b2b.mideer.lt\/en\/product\/interaktyvus-stalo-zaidimas-varles-sokles\/","title":{"rendered":"Interactive board game - Frogs dancing"},"content":{"rendered":"<p class=\"ds-markdown-paragraph\">Get ready to jump into the action with Mideer's interactive board game \"Frog Flops\"! This fun, educational game combines fun, strategy and skill-building as children squeeze the frogs' tails to make them jump into targets and scoring areas. Each successful jump brings points and the friendly joy of competition.<\/p>\n<p class=\"ds-markdown-paragraph\">Designed with multiple difficulty levels and game modes, the game grows with your child, keeping his or her interest and offering challenges. The set also includes reward stickers to celebrate each achievement, adding extra fun and motivation. Perfect for developing hand-eye coordination, concentration and fine motor skills, Frog Flops offers lively and fun learning through play. With easy play and clear instructions, it will make a great addition to your home, school classroom or gift list!<\/p>\n<p class=\"ds-markdown-paragraph\"><strong>Package dimensions:<\/strong> 28.5 x 28.5 x 5.5 cm<\/p>\n<p class=\"ds-markdown-paragraph\"><strong>Recommended age: <\/strong>4+<\/p>","protected":false},"excerpt":{"rendered":"<p>Pasiruo\u0161kite \u0161uoliui \u012f veiksm\u0105 su interaktyviu Mideer stalo \u017eaidimu \u201eVarl\u0117s \u0160okl\u0117s\u201c! \u0160is linsmas edukacinis \u017eaidimas sujungia linksmybes, strategij\u0105 ir \u012fg\u016bd\u017ei\u0173 lavinim\u0105 \u2013 vaikai spaud\u017eia varli\u0173 uodegas, kad \u0161ios \u0161okt\u0173 \u012f taikinius ir ta\u0161k\u0173 zonas. Kiekvienas s\u0117kmingas \u0161uolis atne\u0161a ta\u0161k\u0173 ir draugi\u0161k\u0105 var\u017eyb\u0173 d\u017eiaugsm\u0105. \u017daidimas, sukurtas su keliais sud\u0117tingumo lygiais ir \u017eaidimo b\u016bdais, auga kartu su j\u016bs\u0173 vaiku, palaikydamas jo susidom\u0117jim\u0105 ir si\u016blantis i\u0161\u0161\u016bki\u0173. Rinkinyje yra ir atlygio lipduk\u0173, \u0161ven\u010dian\u010di\u0173 kiekvien\u0105 pasiekim\u0105, kas suteikia papildomo d\u017eiaugsmo ir motyvacijos. Puikiai tinkamas rank\u0173 ir aki\u0173 koordinacijos, koncentracijos ir smulkiosios motorikos ugdymui, \u201eVarl\u0117s \u0160okl\u0117s\u201c si\u016blo gyv\u0105 ir linksm\u0105 mokym\u0105si \u017eaid\u017eiant. D\u0117l lengvo \u017eaidimo ir ai\u0161ki\u0173 instrukcij\u0173, jis puikiai papildys j\u016bs\u0173 namus, mokyklos klas\u0119 ar dovan\u0173 s\u0105ra\u0161\u0105! Pakuot\u0117s matmenys: 28.5 x 28.5 x 5.5 cm Rekomenduojamas am\u017eius: 4+<\/p>","protected":false},"featured_media":5694,"template":"","meta":[],"product_brand":[],"product_cat":[234,235,236,239,242,255,269,276],"product_tag":[],"class_list":{"0":"post-5655","1":"product","2":"type-product","3":"status-publish","4":"has-post-thumbnail","6":"product_cat-3-4-metai","7":"product_cat-5-6-metai","8":"product_cat-6-metai","9":"product_cat-daugiau-zaislu-ir-zaidimu","10":"product_cat-dovanu-idejos","11":"product_cat-naujienos","12":"product_cat-stalo-zaidimai","13":"product_cat-zaislai-ir-zaidimai","15":"first","16":"instock","17":"taxable","18":"shipping-taxable","19":"product-type-simple"},"jetpack_sharing_enabled":true,"_links":{"self":[{"href":"https:\/\/b2b.mideer.lt\/en\/wp-json\/wp\/v2\/product\/5655"}],"collection":[{"href":"https:\/\/b2b.mideer.lt\/en\/wp-json\/wp\/v2\/product"}],"about":[{"href":"https:\/\/b2b.mideer.lt\/en\/wp-json\/wp\/v2\/types\/product"}],"wp:featuredmedia":[{"embeddable":true,"href":"https:\/\/b2b.mideer.lt\/en\/wp-json\/wp\/v2\/media\/5694"}],"wp:attachment":[{"href":"https:\/\/b2b.mideer.lt\/en\/wp-json\/wp\/v2\/media?parent=5655"}],"wp:term":[{"taxonomy":"product_brand","embeddable":true,"href":"https:\/\/b2b.mideer.lt\/en\/wp-json\/wp\/v2\/product_brand?post=5655"},{"taxonomy":"product_cat","embeddable":true,"href":"https:\/\/b2b.mideer.lt\/en\/wp-json\/wp\/v2\/product_cat?post=5655"},{"taxonomy":"product_tag","embeddable":true,"href":"https:\/\/b2b.mideer.lt\/en\/wp-json\/wp\/v2\/product_tag?post=5655"}],"curies":[{"name":"wp","href":"https:\/\/api.w.org\/{rel}","templated":true}]}}