{"id":5654,"date":"2025-09-25T12:33:55","date_gmt":"2025-09-25T12:33:55","guid":{"rendered":"https:\/\/b2b.mideer.lt\/product\/2in1-nuotykiu-zibintas-ir-zibintuvelis-geltonas\/"},"modified":"2026-04-06T07:33:18","modified_gmt":"2026-04-06T07:33:18","slug":"2in1-nuotykiu-zibintas-ir-zibintuvelis-geltonas","status":"publish","type":"product","link":"https:\/\/b2b.mideer.lt\/en\/product\/2in1-nuotykiu-zibintas-ir-zibintuvelis-geltonas\/","title":{"rendered":"2in1 adventure lantern and torch - yellow"},"content":{"rendered":"<p class=\"ds-markdown-paragraph\"><strong>Light up your child's adventures with the Mideer Flashlight Adventure Lantern!<\/strong> This torch is not only designed for fun, but also for practical use. It has <strong>3 adjustable modes<\/strong> - soft, bright and flashing - perfect for bedtime story reading, outdoor treasure hunts and outdoor play alarms.<\/p>\n<p class=\"ds-markdown-paragraph\">Powerful <strong>1W LED<\/strong> The bulb is built in a durable, shock-proof housing that can withstand any adventure. <strong>Telescopic design<\/strong> allows the torch to be transformed from a narrow-beam lantern to a lantern or a soft night light, making it extremely versatile.<\/p>\n<p class=\"ds-markdown-paragraph\">Lightweight and easy to carry, the Mideer torch is the ideal outdoor partner that develops the imagination and remains practically useful. Whether it's camping or an emergency at home - it's always ready when your little explorer needs help!<\/p>","protected":false},"excerpt":{"rendered":"<p>Paskleiskite \u0161vies\u0105 savo vaiko nuotykiuose su Mideer \u017eibintuv\u0117liu-nuotyki\u0173 \u017eibintu! \u0160is \u017eibintuv\u0117lis sukurtas ne tik smagiam, bet ir praktiniam naudojimui. Jis turi 3 reguliuojamus re\u017eimus \u2013 \u0161vel\u0173, ry\u0161k\u0173 ir blyksint\u012f \u2013 tod\u0117l puikiai tiks ir prie\u0161 mieg\u0105 pasak\u0173 skaitymui, ir lauko lobi\u0173 paie\u0161koms, ir signalizavimui \u017eaid\u017eiant lauke. Galinga 1W LED lemput\u0117 \u012fmontuota patvariame, atspariame kritiniams korpuse, kuris atlaikys bet kokius nuotykius. Telekopinis dizainas leid\u017eia \u017eibintuv\u0117l\u012f transformuoti i\u0161 siauro spindulio \u017eibinto \u012f lantern\u0105 ar \u0161veli\u0105 naktin\u0119 lempel\u0119, tod\u0117l jis itin universalus. Lengvas ir patogus ne\u0161iojimui, Mideer \u017eibintuv\u0117lis yra idealus lauko partneris, kuris ugdo vaizduot\u0119 ir lieka prakti\u0161kai naudingas. Ar tai b\u016bt\u0173 stovyklavimas, ar avarin\u0117 situacija namuose \u2013 jis visada pasiruo\u0161\u0119s tada, kai j\u016bs\u0173 ma\u017e\u0105jam tyrin\u0117tojui reikia pagalbos!<\/p>","protected":false},"featured_media":5693,"template":"","meta":[],"product_brand":[],"product_cat":[234,235,236,239,272,244,246,255,273,276],"product_tag":[],"class_list":{"0":"post-5654","1":"product","2":"type-product","3":"status-publish","4":"has-post-thumbnail","6":"product_cat-3-4-metai","7":"product_cat-5-6-metai","8":"product_cat-6-metai","9":"product_cat-daugiau-zaislu-ir-zaidimu","10":"product_cat-kaledines-dovanos","11":"product_cat-kas-populiaru","12":"product_cat-lauko-zaislai","13":"product_cat-naujienos","14":"product_cat-visi-aksesuarai","15":"product_cat-zaislai-ir-zaidimai","17":"first","18":"instock","19":"taxable","20":"shipping-taxable","21":"product-type-simple"},"jetpack_sharing_enabled":true,"_links":{"self":[{"href":"https:\/\/b2b.mideer.lt\/en\/wp-json\/wp\/v2\/product\/5654"}],"collection":[{"href":"https:\/\/b2b.mideer.lt\/en\/wp-json\/wp\/v2\/product"}],"about":[{"href":"https:\/\/b2b.mideer.lt\/en\/wp-json\/wp\/v2\/types\/product"}],"wp:featuredmedia":[{"embeddable":true,"href":"https:\/\/b2b.mideer.lt\/en\/wp-json\/wp\/v2\/media\/5693"}],"wp:attachment":[{"href":"https:\/\/b2b.mideer.lt\/en\/wp-json\/wp\/v2\/media?parent=5654"}],"wp:term":[{"taxonomy":"product_brand","embeddable":true,"href":"https:\/\/b2b.mideer.lt\/en\/wp-json\/wp\/v2\/product_brand?post=5654"},{"taxonomy":"product_cat","embeddable":true,"href":"https:\/\/b2b.mideer.lt\/en\/wp-json\/wp\/v2\/product_cat?post=5654"},{"taxonomy":"product_tag","embeddable":true,"href":"https:\/\/b2b.mideer.lt\/en\/wp-json\/wp\/v2\/product_tag?post=5654"}],"curies":[{"name":"wp","href":"https:\/\/api.w.org\/{rel}","templated":true}]}}