{"id":5651,"date":"2025-09-25T12:33:54","date_gmt":"2025-09-25T12:33:54","guid":{"rendered":"https:\/\/b2b.mideer.lt\/product\/level-up-delioniu-rinkinys-1-lygis-gyvunai-new\/"},"modified":"2026-04-22T22:02:25","modified_gmt":"2026-04-22T22:02:25","slug":"level-up-delioniu-rinkinys-1-lygis-gyvunai-new","status":"publish","type":"product","link":"https:\/\/b2b.mideer.lt\/en\/product\/level-up-delioniu-rinkinys-1-lygis-gyvunai-new\/","title":{"rendered":"Level Up Puzzle Set - Level 1 Animals NEW"},"content":{"rendered":"<div class=\"flex-shrink-0 flex flex-col relative items-end\">\n<div class=\"pt-0.5\">\n<div class=\"gizmo-shadow-stroke flex h-6 w-6 items-center justify-center overflow-hidden rounded-full\">\n<div class=\"relative p-1 rounded-sm h-9 w-9 text-white flex items-center justify-center\">\n<p>Level Up puzzles - the series consists of 8 levels. The number of puzzle pieces increases level by level, matching children's intellectual development and activating their brains in all aspects. The pictures start with a single animal and become more and more complex, gradually improving children's cognition. Different styles of art stimulate children's imagination. Smooth and sharp-edged details promote safe learning and hand play.<\/p>\n<p>Level 1: The animal theme has 8 puzzles per box and presents different animals.<\/p>\n<ul>\n<li><strong>Age<\/strong>: 2+<\/li>\n<li><strong>Box dimensions<\/strong>: 19.2 cm x 22.5 cm x 12.5 cm<\/li>\n<li><strong>Included<\/strong>: 8 puzzles, 1 instruction booklet, 1 parents guide, 1 certificate, 1 sticker<\/li>\n<li><strong>Size of jigsaw puzzle<\/strong>: 12.8 cm x 16 cm, 10 cm x 15 cm, 18.4 cm x 14.7 cm, 21.1 cm x 12.2 cm, 21.1 cm x 12.2 cm, 16.1 cm x 18.5 cm, 21.6 cm x 16 cm, 13.7 cm x 24.5 cm, 22.6 cm x 16.2 cm, 33.4 cm x 21.7 cm<\/li>\n<li><strong>Available from<\/strong>: Food-grade, thick cardboard printed with soy ink<\/li>\n<\/ul>\n<\/div>\n<\/div>\n<\/div>\n<\/div>","protected":false},"excerpt":{"rendered":"<p>Level Up d\u0117lion\u0117s &#8211; serija susideda i\u0161 8 lygi\u0173. D\u0117lion\u0117s dali\u0173 skai\u010dius did\u0117ja lygis po lygio, atitinkant vaik\u0173 intelektin\u012f vystym\u0105si ir aktyvinant vaik\u0173 smegenis visais aspektais. Paveikslai prasideda nuo vieno gyv\u016bno ir tampa vis sud\u0117tingesniais, palaipsniui gerinant vaik\u0173 pa\u017einim\u0105. \u012evair\u016bs meno stiliai \u017eadina vaik\u0173 vaizduot\u0119. Lygios ir be a\u0161tri\u0173 briaun\u0173 detal\u0117s skatina saug\u0173 mokym\u0105si ir \u017eaidim\u0105 rankomis. 1 lygis: gyv\u016bn\u0173 tema turi 8 d\u0117liones vienoje d\u0117\u017e\u0117je ir pristato \u012fvairius gyv\u016bnus. Am\u017eius: 2+ D\u0117\u017eut\u0117s matmenys: 19.2 cm x 22.5 cm x 12.5 cm Komplekte: 8 d\u0117lioni\u0173, 1 instrukcija, 1 t\u0117v\u0173 vadovas, 1 sertifikatas, 1 lipdukas Sud\u0117liotos d\u0117lion\u0117s dydis: 12.8 cm x 16 cm, 10 cm x 15 cm, 18.4 cm x 14.7 cm, 21.1 cm x 12.2 cm, 21.1 cm x 12.2 cm, 16.1 cm x 18.5 cm, 21.6 cm x 16 cm, 13.7 cm x 24.5 cm, 22.6 cm x 16.2 cm, 33.4 cm x 21.7 cm Med\u017eiaga: Maistin\u0117s kokyb\u0117s, storas kartonas, spausdintas sojos ra\u0161alu<\/p>","protected":false},"featured_media":5680,"template":"","meta":[],"product_brand":[],"product_cat":[234,237,241,242,244,249,255,274],"product_tag":[138,125,63,40,58,33,64,65,85,20,36,140,181,67,68,22,132,70],"class_list":{"0":"post-5651","1":"product","2":"type-product","3":"status-publish","4":"has-post-thumbnail","6":"product_cat-3-4-metai","7":"product_cat-ankstyvo-lavinimo-zaidimai","8":"product_cat-dideliu-daliu-deliones","9":"product_cat-dovanu-idejos","10":"product_cat-kas-populiaru","11":"product_cat-maziau-nei-50-daliu","12":"product_cat-naujienos","13":"product_cat-visos-deliones","14":"product_tag-age-0-2-years","15":"product_tag-automobiliai","16":"product_tag-best","17":"product_tag-best-sellers","18":"product_tag-cars-trucks","19":"product_tag-delione","20":"product_tag-deliones-vaikams","21":"product_tag-deliones-vaikui","22":"product_tag-for-girls","23":"product_tag-gift","24":"product_tag-kol-koc","25":"product_tag-less-than-50-pieces","26":"product_tag-level-up-puzzles","27":"product_tag-puzle","28":"product_tag-puzzles","29":"product_tag-regular-sale","30":"product_tag-transporto-priemones","31":"product_tag-vaikiska-delione","33":"first","34":"instock","35":"taxable","36":"shipping-taxable","37":"product-type-simple"},"jetpack_sharing_enabled":true,"_links":{"self":[{"href":"https:\/\/b2b.mideer.lt\/en\/wp-json\/wp\/v2\/product\/5651"}],"collection":[{"href":"https:\/\/b2b.mideer.lt\/en\/wp-json\/wp\/v2\/product"}],"about":[{"href":"https:\/\/b2b.mideer.lt\/en\/wp-json\/wp\/v2\/types\/product"}],"wp:featuredmedia":[{"embeddable":true,"href":"https:\/\/b2b.mideer.lt\/en\/wp-json\/wp\/v2\/media\/5680"}],"wp:attachment":[{"href":"https:\/\/b2b.mideer.lt\/en\/wp-json\/wp\/v2\/media?parent=5651"}],"wp:term":[{"taxonomy":"product_brand","embeddable":true,"href":"https:\/\/b2b.mideer.lt\/en\/wp-json\/wp\/v2\/product_brand?post=5651"},{"taxonomy":"product_cat","embeddable":true,"href":"https:\/\/b2b.mideer.lt\/en\/wp-json\/wp\/v2\/product_cat?post=5651"},{"taxonomy":"product_tag","embeddable":true,"href":"https:\/\/b2b.mideer.lt\/en\/wp-json\/wp\/v2\/product_tag?post=5651"}],"curies":[{"name":"wp","href":"https:\/\/api.w.org\/{rel}","templated":true}]}}