{"id":5519,"date":"2025-07-16T14:07:07","date_gmt":"2025-07-16T14:07:07","guid":{"rendered":"https:\/\/b2b.mideer.lt\/product\/penalas-matcha-green\/"},"modified":"2026-04-03T08:17:38","modified_gmt":"2026-04-03T08:17:38","slug":"penalas-matcha-green","status":"publish","type":"product","link":"https:\/\/b2b.mideer.lt\/en\/product\/penalas-matcha-green\/","title":{"rendered":"Pencil case Matcha Green"},"content":{"rendered":"<p>This stylish and extra roomy Mideer pencil case is designed to help kids (and more!) easily store all their learning and drawing materials. Forget searching through the bottom of your backpack - everything will be in its place and close at hand!<\/p>\n<ul>\n<li><strong>4 main functional areas <\/strong>- clear and organised storage.<\/li>\n<li><span style=\"font-size: 0.875rem\">When you open the pencil case, all the tools are visible in the palm of your hand, making it easy to quickly find the items you need without any hassle.\u00a0<\/span><\/li>\n<li><span style=\"font-size: 0.875rem\"><br \/>\nModern and minimalist design with playful Mideer elements.<\/span><\/li>\n<li><span style=\"font-size: 0.875rem\">Made of durable fabrics and strong zippers for long-lasting use.<\/span><\/li>\n<li><span style=\"font-size: 0.875rem\">Its compact size makes it easy to slip into a backpack or handbag.<\/span><\/li>\n<\/ul>\n<p><span style=\"font-size: 0.875rem\">The Mideer Multifunctional Tray is not only a stationery holder, but also a stylish accessory to help you keep things tidy and promote more effective learning and creativity! The perfect gift for school-age children, students or anyone who needs a tidy space for their writing instruments.<\/span><\/p>\n<p><span style=\"font-size: 0.875rem\"><strong>Dimensions:<\/strong> 20,5cm x 7cm x 7,5cm<\/span><\/p>","protected":false},"excerpt":{"rendered":"<p>\u0160is stilingas ir itin talpus Mideer penalas sukurtas pad\u0117ti vaikams (ir ne tik!) lengvai susid\u0117ti visus mokymosi ir pie\u0161imo reikmenis. Pamir\u0161kite ie\u0161kojim\u0105 kuprin\u0117s dugne \u2013 viskas bus savo vietose ir po ranka! 4 pagrindin\u0117s funkcin\u0117s zonos \u2013 ai\u0161kus ir organizuotas laikymas. Atvertus penal\u0105, visos priemon\u0117s matomos kaip ant delno, tod\u0117l lengva greitai rasti reikiamus daiktus be jokio vargo.\u00a0 Modernus ir minimalistinis dizainas su \u017eaismingais Mideer elementais. Pagamintas i\u0161 patvari\u0173 audini\u0173 ir tvirt\u0173 u\u017etrauktuk\u0173, u\u017etikrinan\u010di\u0173 ilgalaik\u012f naudojim\u0105. Kompakti\u0161kas dydis leid\u017eia lengvai \u012fsid\u0117ti d\u0117kl\u0105 \u012f kuprin\u0119 ar rankin\u0119. Mideer daugiafunkcis d\u0117klas \u2013 tai ne tik kanceliarini\u0173 preki\u0173 laikiklis, bet ir stilingas aksesuaras, padedantis palaikyti tvark\u0105 ir skatinantis efektyvesn\u012f mokym\u0105si bei k\u016bryb\u0105! Puiki dovana mokyklinio am\u017eiaus vaikams, studentams ar visiems, kam reikia tvarkingos erdv\u0117s savo ra\u0161ymo priemon\u0117ms. I\u0161matavimai: 20,5cm x 7cm x 7,5cm<\/p>","protected":false},"featured_media":5539,"template":"","meta":[],"product_brand":[],"product_cat":[235,236,254,255,273],"product_tag":[],"class_list":{"0":"post-5519","1":"product","2":"type-product","3":"status-publish","4":"has-post-thumbnail","6":"product_cat-5-6-metai","7":"product_cat-6-metai","8":"product_cat-mokyklos-reikmenys","9":"product_cat-naujienos","10":"product_cat-visi-aksesuarai","12":"first","13":"instock","14":"taxable","15":"shipping-taxable","16":"product-type-simple"},"jetpack_sharing_enabled":true,"_links":{"self":[{"href":"https:\/\/b2b.mideer.lt\/en\/wp-json\/wp\/v2\/product\/5519"}],"collection":[{"href":"https:\/\/b2b.mideer.lt\/en\/wp-json\/wp\/v2\/product"}],"about":[{"href":"https:\/\/b2b.mideer.lt\/en\/wp-json\/wp\/v2\/types\/product"}],"wp:featuredmedia":[{"embeddable":true,"href":"https:\/\/b2b.mideer.lt\/en\/wp-json\/wp\/v2\/media\/5539"}],"wp:attachment":[{"href":"https:\/\/b2b.mideer.lt\/en\/wp-json\/wp\/v2\/media?parent=5519"}],"wp:term":[{"taxonomy":"product_brand","embeddable":true,"href":"https:\/\/b2b.mideer.lt\/en\/wp-json\/wp\/v2\/product_brand?post=5519"},{"taxonomy":"product_cat","embeddable":true,"href":"https:\/\/b2b.mideer.lt\/en\/wp-json\/wp\/v2\/product_cat?post=5519"},{"taxonomy":"product_tag","embeddable":true,"href":"https:\/\/b2b.mideer.lt\/en\/wp-json\/wp\/v2\/product_tag?post=5519"}],"curies":[{"name":"wp","href":"https:\/\/api.w.org\/{rel}","templated":true}]}}