{"id":5449,"date":"2025-06-17T15:18:38","date_gmt":"2025-06-17T15:18:38","guid":{"rendered":"https:\/\/b2b.mideer.lt\/?post_type=product&#038;p=5449"},"modified":"2026-04-07T07:31:43","modified_gmt":"2026-04-07T07:31:43","slug":"level-up-delioniu-rinkinys-7-lygis-zvaigzdziu-kelias","status":"publish","type":"product","link":"https:\/\/b2b.mideer.lt\/en\/product\/level-up-delioniu-rinkinys-7-lygis-zvaigzdziu-kelias\/","title":{"rendered":"Level Up Puzzle Set - Level 7 Star Trek"},"content":{"rendered":"<p>\"Mideer Level Up! The puzzle series for children's intellectual development and brain activation consists of 8 levels. The number of puzzle pieces increases with each level, from simple animal images to complex scenes, improving children's cognition step by step. The different art styles stimulate children's imagination, while the smooth and sharp-edge-free edges ensure safe hands for playing and learning.<\/p>\n<p><strong>Level 7: Song of the Sea<\/strong> The theme comprises 2 puzzles in one box and depicts human life in space.<\/p>\n<ul>\n<li><strong>Age<\/strong>: 6+<\/li>\n<li><strong>Box dimensions<\/strong>: 19,2 cm x 22,5 cm x 12,5 cm<\/li>\n<li><strong>Included<\/strong>: 2 puzzles, 1 instruction booklet, 1 parent guide, 1 certificate, 1 sticker<\/li>\n<li><strong>Number of parts<\/strong>: 208 paragraphs, 252 paragraphs<\/li>\n<li><strong>Size of jigsaw puzzle<\/strong>: 37.5 cm x 28.2 cm<\/li>\n<li><strong>Available from<\/strong>: Food-grade, thick cardboard printed with soy ink<\/li>\n<\/ul>","protected":false},"excerpt":{"rendered":"<p>\u201eMideer Level Up! D\u0117lion\u0117s\u201c serija, skirta vaik\u0173 intelektiniam vystymuisi ir smegen\u0173 aktyvinimui, susideda i\u0161 8 lygi\u0173. D\u0117lion\u0117s dali\u0173 skai\u010dius did\u0117ja su kiekvienu lygiu, nuo paprast\u0173 gyv\u016bn\u0173 vaizd\u0173 iki sud\u0117ting\u0173 scen\u0173, \u017eingsniu po \u017eingsnio gerinant vaik\u0173 pa\u017einim\u0105. \u012evair\u016bs meno stili\u0173 paveikslai skatina vaik\u0173 vaizduot\u0119, o lyg\u016bs bei be a\u0161tri\u0173 briaun\u0173 kra\u0161tai u\u017etikrina saug\u0173 rank\u0173 naudojim\u0105 \u017eaid\u017eiant ir mokantis. 7 lygis: J\u016bros Giesm\u0117 tema apima 2 d\u0117liones vienoje d\u0117\u017e\u0117je ir vaizduoja \u017emoni\u0173 gyvenim\u0105 kosmose. Am\u017eius: 6+ D\u0117\u017eut\u0117s matmenys: 19,2 cm x 22,5 cm x 12,5 cm Komplekte: 2 d\u0117lion\u0117s, 1 instrukcija, 1 t\u0117v\u0173 vadovas, 1 sertifikatas, 1 lipdukas Dali\u0173 skai\u010dius: 208 dalys, 252 dalys Sud\u0117liotos d\u0117lion\u0117s dydis: 37.5 cm x 28.2 cm Med\u017eiaga: Maistin\u0117s kokyb\u0117s, storas kartonas, spausdintas sojos ra\u0161alu<\/p>","protected":false},"featured_media":5450,"template":"","meta":[],"product_brand":[],"product_cat":[236,240,255,258,274],"product_tag":[],"class_list":{"0":"post-5449","1":"product","2":"type-product","3":"status-publish","4":"has-post-thumbnail","6":"product_cat-6-metai","7":"product_cat-deliones","8":"product_cat-naujienos","9":"product_cat-nuo-100-iki-300-daliu","10":"product_cat-visos-deliones","12":"first","13":"instock","14":"taxable","15":"shipping-taxable","16":"product-type-simple"},"jetpack_sharing_enabled":true,"_links":{"self":[{"href":"https:\/\/b2b.mideer.lt\/en\/wp-json\/wp\/v2\/product\/5449"}],"collection":[{"href":"https:\/\/b2b.mideer.lt\/en\/wp-json\/wp\/v2\/product"}],"about":[{"href":"https:\/\/b2b.mideer.lt\/en\/wp-json\/wp\/v2\/types\/product"}],"wp:featuredmedia":[{"embeddable":true,"href":"https:\/\/b2b.mideer.lt\/en\/wp-json\/wp\/v2\/media\/5450"}],"wp:attachment":[{"href":"https:\/\/b2b.mideer.lt\/en\/wp-json\/wp\/v2\/media?parent=5449"}],"wp:term":[{"taxonomy":"product_brand","embeddable":true,"href":"https:\/\/b2b.mideer.lt\/en\/wp-json\/wp\/v2\/product_brand?post=5449"},{"taxonomy":"product_cat","embeddable":true,"href":"https:\/\/b2b.mideer.lt\/en\/wp-json\/wp\/v2\/product_cat?post=5449"},{"taxonomy":"product_tag","embeddable":true,"href":"https:\/\/b2b.mideer.lt\/en\/wp-json\/wp\/v2\/product_tag?post=5449"}],"curies":[{"name":"wp","href":"https:\/\/api.w.org\/{rel}","templated":true}]}}