{"id":5393,"date":"2025-06-10T08:15:35","date_gmt":"2025-06-10T08:15:35","guid":{"rendered":"https:\/\/b2b.mideer.lt\/product\/daugiafunkcinis-deklas-koala\/"},"modified":"2026-04-05T07:32:30","modified_gmt":"2026-04-05T07:32:30","slug":"daugiafunkcinis-deklas-koala","status":"publish","type":"product","link":"https:\/\/b2b.mideer.lt\/en\/product\/daugiafunkcinis-deklas-koala\/","title":{"rendered":"Koala multifunctional case"},"content":{"rendered":"<p data-sourcepos=\"9:1-9:324\">Beach, travel, everyday life - the multifunctional case is the perfect solution for everything you need to organise and transport small items conveniently. It can easily hold creams, toothbrushes, cosmetics, chargers, headphones, small accessories and all the other kids' little things that like to get lost.<\/p>\n<p data-sourcepos=\"11:1-11:507\">This case is soft and lightweight, yet surprisingly roomy. It's easy to slip into a handbag, backpack or suitcase. Made of water-resistant material, it reliably protects the items inside from moisture, making it ideal for use at the beach, by the pool or in the bathroom. It's also very easy to maintain - any dirt disappears with a swipe of a damp cloth. The colourful, summery design not only lifts the mood but also makes packing and tidying up much more pleasant.<\/p>\n<p data-sourcepos=\"13:1-13:24\"><strong>Key features:<\/strong><\/p>\n<ul data-sourcepos=\"15:1-20:0\">\n<li data-sourcepos=\"15:1-15:122\"><strong>Mould (17 \u00d7 17 \u00d7 10 cm)<\/strong> - Visually compact but more spacious than it looks, it's perfect for a variety of items.<\/li>\n<li data-sourcepos=\"16:1-16:149\"><strong>Water-resistant material<\/strong> - guarantees protection of the contents against moisture, ideal for use in wet environments (beach, swimming pool, bathroom).<\/li>\n<li data-sourcepos=\"17:1-17:137\"><strong>Soft but stable material<\/strong> - easily adapts to the contents of the bag, but retains its shape for easy packing and use.<\/li>\n<li data-sourcepos=\"18:1-18:81\"><strong>Easy to clean<\/strong> - all you need is a damp cloth..<\/li>\n<li data-sourcepos=\"19:1-20:0\"><strong>Multifunctional applications<\/strong> - a practical solution for travel, everyday use at home or outdoors, for organising a variety of small items.<\/li>\n<\/ul>","protected":false},"excerpt":{"rendered":"<p>Papl\u016bdimys, kelion\u0117s, kasdienyb\u0117 \u2013 daugiafunkcinis d\u0117klas puikiai pasitarnaus visur, kur reikia patogiai sutvarkyti ir transportuoti smulkius daiktus. \u012e j\u012f lengvai tilps kremai, dant\u0173 \u0161epet\u0117liai, kosmetika, \u012fkrovikliai, ausin\u0117s, smulk\u016bs aksesuarai ir kitos vaiki\u0161kos smulkmenos, kurios taip m\u0117gsta pasimesti. \u0160is d\u0117klas yra mink\u0161tas ir lengvas, ta\u010diau steb\u0117tinai talpus. J\u012f itin paprasta \u012fsid\u0117ti \u012f rankin\u0119, kuprin\u0119 ar lagamin\u0105. Pagamintas i\u0161 vandeniui atsparios med\u017eiagos, jis patikimai apsaugo viduje esan\u010dius daiktus nuo dr\u0117gm\u0117s, tod\u0117l idealiai tinka naudoti papl\u016bdimyje, prie baseino ar vonios kambaryje. Be to, d\u0117klo prie\u017ei\u016bra itin paprasta \u2013 bet kokie ne\u0161varumai dingsta vos perbraukus dr\u0117gna \u0161luoste. Spalvingas, vasari\u0161kas dizainas ne tik pakelia nuotaik\u0105, bet ir padaro pakavim\u0105 bei tvarkym\u0105 daug malonesniu. Pagrindin\u0117s savyb\u0117s: Talpi forma (17 \u00d7 17 \u00d7 10 cm) \u2013 vizualiai kompakti\u0161kas, bet talpesnis, nei atrodo, puikiai tinka \u012fvairiems daiktams. Vandeniui atspari med\u017eiaga \u2013 garantuoja turinio apsaug\u0105 nuo dr\u0117gm\u0117s, idealu naudoti dr\u0117gnoje aplinkoje (papl\u016bdimys, baseinas, vonios kambarys). Mink\u0161ta, bet stabili med\u017eiaga \u2013 lengvai prisitaiko prie krep\u0161io turinio, bet i\u0161laiko form\u0105, kad b\u016bt\u0173 patogu pakuoti ir naudoti. Lengva valyti \u2013 tereikia dr\u0117gnos \u0161luost\u0117s.. Daugiafunkcinis pritaikymas \u2013 prakti\u0161kas sprendimas kelion\u0117ms, kasdieniam naudojimui namuose ar lauke, skirtas \u012fvairi\u0173 smulki\u0173 daikt\u0173 organizavimui.<\/p>","protected":false},"featured_media":5422,"template":"","meta":[],"product_brand":[],"product_cat":[15,233,234,235,236,242,255,273],"product_tag":[],"class_list":{"0":"post-5393","1":"product","2":"type-product","3":"status-publish","4":"has-post-thumbnail","6":"product_cat-uncategorized","7":"product_cat-0-2-metai","8":"product_cat-3-4-metai","9":"product_cat-5-6-metai","10":"product_cat-6-metai","11":"product_cat-dovanu-idejos","12":"product_cat-naujienos","13":"product_cat-visi-aksesuarai","15":"first","16":"outofstock","17":"taxable","18":"shipping-taxable","19":"product-type-simple"},"jetpack_sharing_enabled":true,"_links":{"self":[{"href":"https:\/\/b2b.mideer.lt\/en\/wp-json\/wp\/v2\/product\/5393"}],"collection":[{"href":"https:\/\/b2b.mideer.lt\/en\/wp-json\/wp\/v2\/product"}],"about":[{"href":"https:\/\/b2b.mideer.lt\/en\/wp-json\/wp\/v2\/types\/product"}],"wp:featuredmedia":[{"embeddable":true,"href":"https:\/\/b2b.mideer.lt\/en\/wp-json\/wp\/v2\/media\/5422"}],"wp:attachment":[{"href":"https:\/\/b2b.mideer.lt\/en\/wp-json\/wp\/v2\/media?parent=5393"}],"wp:term":[{"taxonomy":"product_brand","embeddable":true,"href":"https:\/\/b2b.mideer.lt\/en\/wp-json\/wp\/v2\/product_brand?post=5393"},{"taxonomy":"product_cat","embeddable":true,"href":"https:\/\/b2b.mideer.lt\/en\/wp-json\/wp\/v2\/product_cat?post=5393"},{"taxonomy":"product_tag","embeddable":true,"href":"https:\/\/b2b.mideer.lt\/en\/wp-json\/wp\/v2\/product_tag?post=5393"}],"curies":[{"name":"wp","href":"https:\/\/api.w.org\/{rel}","templated":true}]}}