{"id":5390,"date":"2025-06-10T08:15:31","date_gmt":"2025-06-10T08:15:31","guid":{"rendered":"https:\/\/b2b.mideer.lt\/product\/toast-bag-kosmetine-canyon-sunset\/"},"modified":"2026-04-19T07:30:11","modified_gmt":"2026-04-19T07:30:11","slug":"toast-bag-kosmetine-canyon-sunset","status":"publish","type":"product","link":"https:\/\/b2b.mideer.lt\/en\/product\/toast-bag-kosmetine-canyon-sunset\/","title":{"rendered":"\"Toast Bag - Canyon Sunset"},"content":{"rendered":"<p>This HUGZ cosmetic bag with its exclusive design will come in handy everywhere, all the time! It's perfect for storing your bathroom essentials, medicines or games. For convenience, the cosmetic bag has a side handle, so it's easy to carry at home and on the go. The cosmetic bag has a zip fastening on both sides and inside you'll find a separate small compartment for small items.<\/p>\n<ul>\n<li>Dimensions: 20x10x13 cm<\/li>\n<\/ul>","protected":false},"excerpt":{"rendered":"<p>\u0160i i\u0161skirtinio dizaino HUGZ kosmetin\u0117 pravers visur ir visada! Ji puikiai tinka susid\u0117ti vonios reikmenis, vaistus ar \u017eaidimus. Patogumui u\u017etikrinti, kosmetin\u0117 turi \u0161onin\u0119 ranken\u0105, tad j\u0105 bus lengva ne\u0161iotis tiek namuose, tiek kelion\u0117se. Kosmetin\u0117 u\u017esegama u\u017etrauktuku, kuris u\u017esisega i\u0161 abiej\u0173 pusi\u0173, o viduje rasite atskir\u0105 ma\u017e\u0105 skyri\u0173 smulkiems daikteliams. Matmenys: 20x10x13 cm<\/p>","protected":false},"featured_media":5413,"template":"","meta":[],"product_brand":[],"product_cat":[15,233,234,235,236,242,255,273],"product_tag":[],"class_list":{"0":"post-5390","1":"product","2":"type-product","3":"status-publish","4":"has-post-thumbnail","6":"product_cat-uncategorized","7":"product_cat-0-2-metai","8":"product_cat-3-4-metai","9":"product_cat-5-6-metai","10":"product_cat-6-metai","11":"product_cat-dovanu-idejos","12":"product_cat-naujienos","13":"product_cat-visi-aksesuarai","15":"first","16":"instock","17":"taxable","18":"shipping-taxable","19":"product-type-simple"},"jetpack_sharing_enabled":true,"_links":{"self":[{"href":"https:\/\/b2b.mideer.lt\/en\/wp-json\/wp\/v2\/product\/5390"}],"collection":[{"href":"https:\/\/b2b.mideer.lt\/en\/wp-json\/wp\/v2\/product"}],"about":[{"href":"https:\/\/b2b.mideer.lt\/en\/wp-json\/wp\/v2\/types\/product"}],"wp:featuredmedia":[{"embeddable":true,"href":"https:\/\/b2b.mideer.lt\/en\/wp-json\/wp\/v2\/media\/5413"}],"wp:attachment":[{"href":"https:\/\/b2b.mideer.lt\/en\/wp-json\/wp\/v2\/media?parent=5390"}],"wp:term":[{"taxonomy":"product_brand","embeddable":true,"href":"https:\/\/b2b.mideer.lt\/en\/wp-json\/wp\/v2\/product_brand?post=5390"},{"taxonomy":"product_cat","embeddable":true,"href":"https:\/\/b2b.mideer.lt\/en\/wp-json\/wp\/v2\/product_cat?post=5390"},{"taxonomy":"product_tag","embeddable":true,"href":"https:\/\/b2b.mideer.lt\/en\/wp-json\/wp\/v2\/product_tag?post=5390"}],"curies":[{"name":"wp","href":"https:\/\/api.w.org\/{rel}","templated":true}]}}