{"id":5364,"date":"2025-06-06T11:22:09","date_gmt":"2025-06-06T11:22:09","guid":{"rendered":"https:\/\/b2b.mideer.lt\/?post_type=product&#038;p=5364"},"modified":"2026-04-22T07:31:25","modified_gmt":"2026-04-22T07:31:25","slug":"molio-lipdymo-rinkinys-3d-prisiminimu-galerija","status":"publish","type":"product","link":"https:\/\/b2b.mideer.lt\/en\/product\/molio-lipdymo-rinkinys-3d-prisiminimu-galerija\/","title":{"rendered":"Clay moulding kit - 3D memories gallery"},"content":{"rendered":"<p data-sourcepos=\"5:1-5:344\">This mideer clay moulding set will allow you to turn precious moments into tangible works of art. In this kit you will find the highest quality kaolin clay, paints and all the tools you need to create personalised family creations that will last for years to come. The kit encourages family and friends to interact through creative activities.<\/p>\n<p data-sourcepos=\"7:1-8:117\"><strong>Create meaningful memories:<\/strong> Perfect for a baby's first hand or footprint, birthdays, graduations or pet footprints.<\/p>\n<p data-sourcepos=\"10:1-11:84\"><strong>Top quality and safe materials:<\/strong> High-quality kaolin clay - smooth texture, easy to mould, crack resistant. Kaolin clay is considered to be the softest of all clays, making it ideal for sensitive skin.<\/p>\n<p data-sourcepos=\"10:1-11:84\"><strong>Thoughtful, ready to give:<\/strong> Beautifully packaged - ideal for baby showers, celebrations or anniversaries.<\/p>\n<ul>\n<li data-sourcepos=\"16:1-18:19\"><strong>Recommended age:<\/strong> 3+<\/li>\n<li data-sourcepos=\"16:1-18:19\"><strong>D\u0117\u017eut\u0117s matmenys:<\/strong> 21 x 19.5 x 3.5 cm<\/li>\n<li data-sourcepos=\"16:1-18:19\"><strong>The set includes: <\/strong>350 g clay, 1 instruction sheet, 4 pigments, 1 tape, 3 tools, 1 brush<\/li>\n<li data-sourcepos=\"16:1-18:19\"><strong style=\"font-size: 0.875rem\">Med\u017eiaga:<\/strong><span style=\"font-size: 0.875rem\"> Kaolin clay<\/span><\/li>\n<\/ul>","protected":false},"excerpt":{"rendered":"<p>\u0160i mideer molio lipdymo rinkinys leis Jums paversti brangias akimirkas ap\u010diuopiamu meno k\u016briniu. \u0160iame rinkinyje rasite auk\u0161\u010diausios kokyb\u0117s kaolino mol\u012f, da\u017eus ir visus reikalingus \u012frankius, kad sukurtum\u0117te personalizuotus \u0161eimos k\u016brinius, kurie i\u0161liks ilgus metus. Rinkinys skatina \u0161eimos ir draug\u0173 bendravim\u0105 per k\u016brybin\u0119 veikl\u0105. Kurkite prasmingus prisiminimus: Puikiai tinka pirmajam k\u016bdikio rankos ar kojos atspaudui, gimtadieniams, i\u0161leistuv\u0117ms ar augintinio p\u0117dos atspaudams. Auk\u0161\u010diausios kokyb\u0117s ir saugios med\u017eiagos: Auk\u0161tos kokyb\u0117s kaolino molis \u2013 lygi tekst\u016bra, lengva formuoti, atsparus \u012ftr\u016bkimams. Kaolino molis laikomas \u0161velniausiu i\u0161 vis\u0173 moli\u0173, tod\u0117l jis puikiai tinka jautriai odai. Apgalvota, paruo\u0161ta dovanai: Gra\u017eiai supakuota \u2013 idealiai tinka k\u016bdikio sutiktuv\u0117ms, \u0161vent\u0117ms ar sukaktims. Rekomenduojamas am\u017eius: 3+ D\u0117\u017eut\u0117s matmenys: 21 x 19.5 x 3.5 cm Rinkin\u012f sudaro: 350 g molio,\u00a01 instrukcija,\u00a04 pigmentai,\u00a01 juostel\u0117,\u00a03 \u012frankiai, 1 teptukas Med\u017eiaga: Kaolino molis<\/p>","protected":false},"featured_media":5365,"template":"","meta":[],"product_brand":[],"product_cat":[15,272],"product_tag":[],"class_list":{"0":"post-5364","1":"product","2":"type-product","3":"status-publish","4":"has-post-thumbnail","6":"product_cat-uncategorized","7":"product_cat-kaledines-dovanos","9":"first","10":"instock","11":"taxable","12":"shipping-taxable","13":"product-type-simple"},"jetpack_sharing_enabled":true,"_links":{"self":[{"href":"https:\/\/b2b.mideer.lt\/en\/wp-json\/wp\/v2\/product\/5364"}],"collection":[{"href":"https:\/\/b2b.mideer.lt\/en\/wp-json\/wp\/v2\/product"}],"about":[{"href":"https:\/\/b2b.mideer.lt\/en\/wp-json\/wp\/v2\/types\/product"}],"wp:featuredmedia":[{"embeddable":true,"href":"https:\/\/b2b.mideer.lt\/en\/wp-json\/wp\/v2\/media\/5365"}],"wp:attachment":[{"href":"https:\/\/b2b.mideer.lt\/en\/wp-json\/wp\/v2\/media?parent=5364"}],"wp:term":[{"taxonomy":"product_brand","embeddable":true,"href":"https:\/\/b2b.mideer.lt\/en\/wp-json\/wp\/v2\/product_brand?post=5364"},{"taxonomy":"product_cat","embeddable":true,"href":"https:\/\/b2b.mideer.lt\/en\/wp-json\/wp\/v2\/product_cat?post=5364"},{"taxonomy":"product_tag","embeddable":true,"href":"https:\/\/b2b.mideer.lt\/en\/wp-json\/wp\/v2\/product_tag?post=5364"}],"curies":[{"name":"wp","href":"https:\/\/api.w.org\/{rel}","templated":true}]}}