{"id":5337,"date":"2025-06-04T19:40:41","date_gmt":"2025-06-04T19:40:41","guid":{"rendered":"https:\/\/b2b.mideer.lt\/?post_type=product&#038;p=5337"},"modified":"2026-04-20T22:03:02","modified_gmt":"2026-04-20T22:03:02","slug":"stori-trikampiai-piestukai-2b-6vnt","status":"publish","type":"product","link":"https:\/\/b2b.mideer.lt\/en\/product\/stori-trikampiai-piestukai-2b-6vnt\/","title":{"rendered":"Thick triangular pencils 2B, 6pcs"},"content":{"rendered":"<p data-sourcepos=\"4:1-4:71\">That's why the mideer thick triangular pencils are a great choice for beginners:<\/p>\n<ol data-sourcepos=\"6:1-9:0\">\n<li data-sourcepos=\"6:1-6:138\"><strong>A scientific approach to correct posture.<\/strong> The triangular barrel better helps children learn to hold the pencil correctly.<\/li>\n<li data-sourcepos=\"7:1-7:201\"><strong>Comfort and less hand fatigue.<\/strong> The pencil's thick barrel with a large support area makes it easy for children to hold it effortlessly. The comfortable grip also effectively reduces hand pressure.<\/li>\n<li data-sourcepos=\"8:1-9:0\"><strong>Strong and fluent writing.<\/strong> Pastoral graphite ensures excellent and smooth writing on paper and is not easily broken.<\/li>\n<\/ol>\n<p data-sourcepos=\"16:1-16:96\"><strong>2B pencils<\/strong> for children who are about to start primary school, i.e. 4-6 years old.<\/p>\n<ul>\n<li data-sourcepos=\"18:1-22:37\"><strong>Am\u017eius:<\/strong> 4-6 years<\/li>\n<li data-sourcepos=\"18:1-22:37\"><strong>Package dimensions:<\/strong> 17.5 x 6.1 x 1.1 cm<\/li>\n<li data-sourcepos=\"18:1-22:37\"><strong>Number of units per pack:<\/strong> 6 pcs.<\/li>\n<li data-sourcepos=\"18:1-22:37\"><strong>Size per pencil:<\/strong> 17 x 0.96 x 0.96 cm<\/li>\n<li data-sourcepos=\"18:1-22:37\"><strong>Med\u017eiaga:<\/strong> Lime wood, graphite<\/li>\n<\/ul>","protected":false},"excerpt":{"rendered":"<p>\u0160tai kod\u0117l mideer stori trikampiai pie\u0161tukai yra puikus pasirinkimas pradedantiesiams: Mokslinis po\u017ei\u016bris \u012f taisykling\u0105 laikysen\u0105. Trikampio formos korpusas geriau padeda vaikams i\u0161mokti taisyklingai laikyti pie\u0161tuk\u0105. Patogumas ir ma\u017eesnis rank\u0173 nuovargis. Stor\u0105 pie\u0161tuko korpus\u0105, turint\u012f didel\u012f atramos plot\u0105, vaikams lengviau laikyti be pastang\u0173. Patogus su\u0117mimas taip pat veiksmingai suma\u017eina rank\u0173 spaudim\u0105. Tvirtas ir sklandus ra\u0161ymas. Pastorintas grafitas u\u017etikrina puik\u0173 ir skland\u0173 ra\u0161ym\u0105 popieriuje, be to, jis n\u0117ra lengvai l\u016b\u017etantis. 2B pie\u0161tukai skirti vaikams, kurie ruo\u0161iasi lankyti pradin\u0119 mokykl\u0105, t. y. 4\u20136 met\u0173 am\u017eiaus. Am\u017eius: 4\u20136 metai Pakuot\u0117s i\u0161matavimai: 17.5 x 6.1 x 1.1 cm Vienet\u0173 skai\u010dius pakuot\u0117je: 6 vnt. Vieno pie\u0161tuko dydis: 17 x 0.96 x 0.96 cm Med\u017eiaga: Liep\u0173 mediena, grafitas<\/p>","protected":false},"featured_media":5338,"template":"","meta":[],"product_brand":[],"product_cat":[234,235,280,254,255,275],"product_tag":[],"class_list":{"0":"post-5337","1":"product","2":"type-product","3":"status-publish","4":"has-post-thumbnail","6":"product_cat-3-4-metai","7":"product_cat-5-6-metai","8":"product_cat-akcija","9":"product_cat-mokyklos-reikmenys","10":"product_cat-naujienos","11":"product_cat-visos-meno-prekes","13":"first","14":"instock","15":"taxable","16":"shipping-taxable","17":"product-type-simple"},"jetpack_sharing_enabled":true,"_links":{"self":[{"href":"https:\/\/b2b.mideer.lt\/en\/wp-json\/wp\/v2\/product\/5337"}],"collection":[{"href":"https:\/\/b2b.mideer.lt\/en\/wp-json\/wp\/v2\/product"}],"about":[{"href":"https:\/\/b2b.mideer.lt\/en\/wp-json\/wp\/v2\/types\/product"}],"wp:featuredmedia":[{"embeddable":true,"href":"https:\/\/b2b.mideer.lt\/en\/wp-json\/wp\/v2\/media\/5338"}],"wp:attachment":[{"href":"https:\/\/b2b.mideer.lt\/en\/wp-json\/wp\/v2\/media?parent=5337"}],"wp:term":[{"taxonomy":"product_brand","embeddable":true,"href":"https:\/\/b2b.mideer.lt\/en\/wp-json\/wp\/v2\/product_brand?post=5337"},{"taxonomy":"product_cat","embeddable":true,"href":"https:\/\/b2b.mideer.lt\/en\/wp-json\/wp\/v2\/product_cat?post=5337"},{"taxonomy":"product_tag","embeddable":true,"href":"https:\/\/b2b.mideer.lt\/en\/wp-json\/wp\/v2\/product_tag?post=5337"}],"curies":[{"name":"wp","href":"https:\/\/api.w.org\/{rel}","templated":true}]}}