{"id":5256,"date":"2025-05-06T18:08:53","date_gmt":"2025-05-06T18:08:53","guid":{"rendered":"https:\/\/b2b.mideer.lt\/?post_type=product&#038;p=5256"},"modified":"2026-04-27T07:33:20","modified_gmt":"2026-04-27T07:33:20","slug":"nesipainiojanti-reguliuojamo-ilgio-sokdyne","status":"publish","type":"product","link":"https:\/\/b2b.mideer.lt\/en\/product\/nesipainiojanti-reguliuojamo-ilgio-sokdyne\/","title":{"rendered":"Non-entangling adjustable-length shockcord"},"content":{"rendered":"<p data-sourcepos=\"5:1-5:211\">This mideer jump seat is designed with comfort and efficiency in mind. Its\u00a0<strong>segmented design<\/strong> with imitation bamboo beads prevents the dance floor from getting tangled, so you can enjoy an uninterrupted workout.<\/p>\n<p data-sourcepos=\"7:1-7:155\">Special to <strong>thumb positioning ring<\/strong> on the handles help children to grip the jump rope correctly, allowing them to jump quickly and confidently over the rope.<\/p>\n<p data-sourcepos=\"7:1-7:155\">Dancing <strong>length is adjustable<\/strong>so it can be adapted to any height. The set includes <strong>integrated paper ruler<\/strong>allowing precise measurement and adjustment of the cord length.<\/p>\n<p data-sourcepos=\"9:1-9:131\">The dance floor is <strong>ultra light<\/strong> (just 130g), making it easy to turn, reducing wrist strain and allowing you to jump with less effort.<\/p>\n<p data-sourcepos=\"18:1-18:173\">This bamboo-style segmented jump rope is the perfect choice for both beginners and experienced jumpers who want a comfortable and effective training tool.<\/p>\n<ul>\n<li data-sourcepos=\"18:1-18:173\"><strong>Recommended age:<\/strong> 3+<\/li>\n<li data-sourcepos=\"18:1-18:173\"><strong>Length: <\/strong>2,8m<\/li>\n<li data-sourcepos=\"18:1-18:173\"><strong>Med\u017eiaga: <\/strong>PVC<\/li>\n<\/ul>","protected":false},"excerpt":{"rendered":"<p>\u0160i mideer \u0161okdyn\u0117 sukurta galvojant apie patogum\u0105 ir efektyvum\u0105. Jos\u00a0segmentuotas dizainas su bambuko imitacijos karoliukais neleid\u017eia \u0161okdynei susipainioti, tod\u0117l gal\u0117site m\u0117gautis nepertraukiamomis treniruot\u0117mis. Specialus nyk\u0161\u010dio pozicionavimo \u017eiedas ant ranken\u0173 padeda vaikams taisyklingai suimti \u0161okdyn\u0119, leid\u017eiant jiems greitai ir u\u017etikrintai per\u0161okti virvut\u0119. \u0160okdyn\u0117s ilgis yra reguliuojamas, tod\u0117l j\u0105 galima pritaikyti bet kokiam \u016bgiui. Rinkinyje yra integruota popierin\u0117 liniuot\u0117, leid\u017eianti tiksliai i\u0161matuoti ir sureguliuoti virvut\u0117s ilg\u012f. \u0160okdyn\u0117 yra itin lengva (vos 130g), tod\u0117l j\u0105 lengva sukti, suma\u017einant rie\u0161o \u012ftamp\u0105 ir leid\u017eiant \u0161okin\u0117ti su ma\u017eiau pastang\u0173. \u0160i bambuko stiliaus segmentin\u0117 \u0161okdyn\u0117 yra puikus pasirinkimas tiek pradedantiesiems, tiek patyrusiems \u0161okin\u0117tojams, norintiems patogios ir efektyvios treniruo\u010di\u0173 priemon\u0117s. Rekomenduojamas am\u017eius: 3+ Ilgis: 2,8m Med\u017eiaga: PVC<\/p>","protected":false},"featured_media":5257,"template":"","meta":[],"product_brand":[],"product_cat":[234,235,236,239,246,255,276],"product_tag":[],"class_list":{"0":"post-5256","1":"product","2":"type-product","3":"status-publish","4":"has-post-thumbnail","6":"product_cat-3-4-metai","7":"product_cat-5-6-metai","8":"product_cat-6-metai","9":"product_cat-daugiau-zaislu-ir-zaidimu","10":"product_cat-lauko-zaislai","11":"product_cat-naujienos","12":"product_cat-zaislai-ir-zaidimai","14":"first","15":"instock","16":"taxable","17":"shipping-taxable","18":"product-type-simple"},"jetpack_sharing_enabled":true,"_links":{"self":[{"href":"https:\/\/b2b.mideer.lt\/en\/wp-json\/wp\/v2\/product\/5256"}],"collection":[{"href":"https:\/\/b2b.mideer.lt\/en\/wp-json\/wp\/v2\/product"}],"about":[{"href":"https:\/\/b2b.mideer.lt\/en\/wp-json\/wp\/v2\/types\/product"}],"wp:featuredmedia":[{"embeddable":true,"href":"https:\/\/b2b.mideer.lt\/en\/wp-json\/wp\/v2\/media\/5257"}],"wp:attachment":[{"href":"https:\/\/b2b.mideer.lt\/en\/wp-json\/wp\/v2\/media?parent=5256"}],"wp:term":[{"taxonomy":"product_brand","embeddable":true,"href":"https:\/\/b2b.mideer.lt\/en\/wp-json\/wp\/v2\/product_brand?post=5256"},{"taxonomy":"product_cat","embeddable":true,"href":"https:\/\/b2b.mideer.lt\/en\/wp-json\/wp\/v2\/product_cat?post=5256"},{"taxonomy":"product_tag","embeddable":true,"href":"https:\/\/b2b.mideer.lt\/en\/wp-json\/wp\/v2\/product_tag?post=5256"}],"curies":[{"name":"wp","href":"https:\/\/api.w.org\/{rel}","templated":true}]}}