{"id":5204,"date":"2025-04-05T08:49:35","date_gmt":"2025-04-05T08:49:35","guid":{"rendered":"https:\/\/b2b.mideer.lt\/?post_type=product&#038;p=5204"},"modified":"2026-04-22T07:31:23","modified_gmt":"2026-04-22T07:31:23","slug":"level-up-delioniu-rinkinys-8-lygis-istorijos-muziejus","status":"publish","type":"product","link":"https:\/\/b2b.mideer.lt\/en\/product\/level-up-delioniu-rinkinys-8-lygis-istorijos-muziejus\/","title":{"rendered":"Level Up Puzzle Set - Level 8 History Museum"},"content":{"rendered":"<p>\"Mideer Level Up! The puzzle series, designed to stimulate children's intellectual development and brain stimulation in all aspects, consists of 8 levels. In each level, the number of puzzle pieces increases, from simple animals to complex scenes, improving children's cognition step by step. The different art styles stimulate children's imagination, while the smooth and sharp-edged edges ensure that hands are safe to use during play and learning.<\/p>\n<p><strong>Level 8: <\/strong>The \"History Museum\" theme set has 2 puzzles per box and depicts a buzzing mix of natural and fantastical scenes.<\/p>\n<ul>\n<li><strong>Am\u017eius:<\/strong> 7+<\/li>\n<li><strong>D\u0117\u017eut\u0117s matmenys:<\/strong> 19,2 cm x 22,5 cm x 12,5 cm<\/li>\n<li><strong>Including: <\/strong>2 puzzles, 2 storage bags, 1 reference, 1 certificate, 1 incentive sticker<\/li>\n<li><strong>Dali\u0173 skai\u010dius: <\/strong>280 parts, 330 parts<\/li>\n<li><strong>Size of the assembled puzzle:<\/strong> 42,3 cm x 28,5 cm<\/li>\n<li><strong>Med\u017eiaga:<\/strong> Food-grade, thick cardboard printed with soy-based ink<\/li>\n<\/ul>","protected":false},"excerpt":{"rendered":"<p>\u201eMideer Level Up! D\u0117lion\u0117s\u201c serija, skirta vaik\u0173 intelektiniam vystymuisi ir smegen\u0173 stimuliacijai visais aspektais, susideda i\u0161 8 lygi\u0173. Kiekviename lygyje d\u0117lion\u0117s dali\u0173 skai\u010dius did\u0117ja, nuo paprast\u0173 gyv\u016bn\u0173 iki sud\u0117ting\u0173 scen\u0173, \u017eingsniu po \u017eingsnio gerinant vaik\u0173 pa\u017einim\u0105. \u012evair\u016bs meno stiliai \u017eadina vaik\u0173 vaizduot\u0119, o lyg\u016bs bei be a\u0161tri\u0173 kra\u0161t\u0173 kra\u0161tai u\u017etikrina saug\u0173 rank\u0173 naudojim\u0105 \u017eaid\u017eiant ir mokantis. 8 lygis: &#8220;Istorijos muziejus&#8221; temos rinkinys turi 2 d\u0117liones vienoje d\u0117\u017eut\u0117je ir vaizduoja \u0161urmuliuojant\u012f nat\u016brali\u0173 ir fantastini\u0173 scen\u0173 mi\u0161in\u012f. Am\u017eius: 7+ D\u0117\u017eut\u0117s matmenys: 19,2 cm x 22,5 cm x 12,5 cm \u012eskaitant: 2 d\u0117liones, 2 laikymo mai\u0161elius, 1 nuorod\u0105, 1 sertifikat\u0105, 1 paskatinam\u0105j\u012f lipduk\u0105 Dali\u0173 skai\u010dius: 280 dali\u0173, 330 dali\u0173 Surinktos d\u0117lion\u0117s dydis: 42,3 cm x 28,5 cm Med\u017eiaga: Maistin\u0117s kokyb\u0117s, storas kartonas, spausdintas soj\u0173 pagrindu pagamintu ra\u0161alu<\/p>","protected":false},"featured_media":5205,"template":"","meta":[],"product_brand":[],"product_cat":[236,240,242,244,247,258,277,274],"product_tag":[61,30,17,63,40,33,64,65,87,20,36,181,67,68,22,132,76,70],"class_list":{"0":"post-5204","1":"product","2":"type-product","3":"status-publish","4":"has-post-thumbnail","6":"product_cat-6-metai","7":"product_cat-deliones","8":"product_cat-dovanu-idejos","9":"product_cat-kas-populiaru","10":"product_cat-level-up-deliones","11":"product_cat-nuo-100-iki-300-daliu","12":"product_cat-smart-products-filter-index-do-not-delete","13":"product_cat-visos-deliones","14":"product_tag-100-to-300-pieces","15":"product_tag-2023-new-in","16":"product_tag-age-5-6-years","17":"product_tag-best","18":"product_tag-best-sellers","19":"product_tag-delione","20":"product_tag-deliones-vaikams","21":"product_tag-deliones-vaikui","22":"product_tag-fantasy-magic","23":"product_tag-gift","24":"product_tag-kol-koc","25":"product_tag-level-up-puzzles","26":"product_tag-puzle","27":"product_tag-puzzles","28":"product_tag-regular-sale","29":"product_tag-transporto-priemones","30":"product_tag-us-warehouse","31":"product_tag-vaikiska-delione","33":"first","34":"instock","35":"taxable","36":"shipping-taxable","37":"product-type-simple"},"jetpack_sharing_enabled":true,"_links":{"self":[{"href":"https:\/\/b2b.mideer.lt\/en\/wp-json\/wp\/v2\/product\/5204"}],"collection":[{"href":"https:\/\/b2b.mideer.lt\/en\/wp-json\/wp\/v2\/product"}],"about":[{"href":"https:\/\/b2b.mideer.lt\/en\/wp-json\/wp\/v2\/types\/product"}],"wp:featuredmedia":[{"embeddable":true,"href":"https:\/\/b2b.mideer.lt\/en\/wp-json\/wp\/v2\/media\/5205"}],"wp:attachment":[{"href":"https:\/\/b2b.mideer.lt\/en\/wp-json\/wp\/v2\/media?parent=5204"}],"wp:term":[{"taxonomy":"product_brand","embeddable":true,"href":"https:\/\/b2b.mideer.lt\/en\/wp-json\/wp\/v2\/product_brand?post=5204"},{"taxonomy":"product_cat","embeddable":true,"href":"https:\/\/b2b.mideer.lt\/en\/wp-json\/wp\/v2\/product_cat?post=5204"},{"taxonomy":"product_tag","embeddable":true,"href":"https:\/\/b2b.mideer.lt\/en\/wp-json\/wp\/v2\/product_tag?post=5204"}],"curies":[{"name":"wp","href":"https:\/\/api.w.org\/{rel}","templated":true}]}}