{"id":5193,"date":"2025-04-04T11:13:24","date_gmt":"2025-04-04T11:13:24","guid":{"rendered":"https:\/\/b2b.mideer.lt\/?post_type=product&#038;p=5193"},"modified":"2026-04-11T22:03:16","modified_gmt":"2026-04-11T22:03:16","slug":"spalvinimo-akvarele-knygele-drugeliai-ir-geles","status":"publish","type":"product","link":"https:\/\/b2b.mideer.lt\/en\/product\/spalvinimo-akvarele-knygele-drugeliai-ir-geles\/","title":{"rendered":"Watercolour colouring book Butterflies and flowers"},"content":{"rendered":"<div data-line=\"true\" data-line-index=\"0\" data-zone-id=\"0\">\n<p data-sourcepos=\"1:1-1:236\">The Watercolour Painting Set is designed to give children a comprehensive and portable art experience. This all-in-one painting set includes paint and brush, making it perfect for young artists to express their creativity.<\/p>\n<ul data-sourcepos=\"5:1-12:0\">\n<li data-sourcepos=\"6:1-6:154\"><strong>Unique themed scenes:<\/strong> Each set features different scene themes, ensuring a new and exciting artistic journey with every page.<\/li>\n<li data-sourcepos=\"7:1-7:184\"><strong>Compact and portable:<\/strong> Designed to be easy to carry, this kit is ideal for travelling, allowing young artists to draw wherever inspiration strikes.<\/li>\n<li data-sourcepos=\"8:1-8:132\"><strong>Individual colour palettes:<\/strong> Each page has its own colour palette.<\/li>\n<li data-sourcepos=\"9:1-9:168\"><strong>High quality paper:<\/strong> Made of thick white cardboard that resists ink bleed-through and tearing, providing a durable surface for watercolour painting.<\/li>\n<li data-sourcepos=\"10:1-10:141\"><strong>Additional colour pages:<\/strong> Includes two additional pages of pigments, ensuring that there is enough paint.<\/li>\n<li data-sourcepos=\"11:1-12:0\"><strong>Perforated pages:<\/strong> The pages have a dotted line that allows them to be neatly torn out and used as tabs, adding functionality to the artwork.<\/li>\n<\/ul>\n<p data-sourcepos=\"13:1-13:122\">\"Butterflies and Flowers has 22 pages and more than 20 garden nature scenes to develop children's aesthetic skills.<\/p>\n<ul data-sourcepos=\"15:1-18:25\">\n<li data-sourcepos=\"15:1-15:16\"><strong>Am\u017eius:<\/strong> 3+<\/li>\n<li data-sourcepos=\"16:1-16:66\"><strong>D\u0117\u017eut\u0117s matmenys:<\/strong> 19cm x 8cm x 1.3 cm<\/li>\n<li data-sourcepos=\"17:1-17:60\"><strong>Includes:<\/strong> 22 pages, 6 colours, 1 brush<\/li>\n<li data-sourcepos=\"18:1-18:25\"><strong>Med\u017eiaga:<\/strong> Paper<\/li>\n<\/ul>\n<\/div>","protected":false},"excerpt":{"rendered":"<p>Akvarel\u0117s tapybos rinkinys sukurtas tam, kad vaikams suteikt\u0173 visapusi\u0161k\u0105 ir patogi\u0105 ne\u0161iotis meno patirt\u012f. \u0160is viskas viename tapybos rinkinys apima da\u017eus ir teptuk\u0105, tod\u0117l puikiai tinka jauniems menininkams reik\u0161ti savo k\u016brybi\u0161kum\u0105. Unikalios temin\u0117s scenos: Kiekvienas rinkinys pasi\u017eymi skirtingomis scen\u0173 temomis, u\u017etikrinant nauj\u0105 ir \u012fdomi\u0105 menin\u0119 kelion\u0119 su kiekvienu puslapiu. Kompakti\u0161kas ir ne\u0161iojamas: Sukurtas taip, kad b\u016bt\u0173 lengva ne\u0161iotis, \u0161is rinkinys idealiai tinka kelion\u0117ms, leid\u017eiant jauniems menininkams pie\u0161ti ten, kur tik u\u017eklumpa \u012fkv\u0117pimas. Individualios spalv\u0173 palet\u0117s: Kiekvienas puslapis turi savo spalv\u0173 palet\u0119. Auk\u0161tos kokyb\u0117s popierius: Pagamintas i\u0161 storo balto kartono, kuris yra atsparus ra\u0161alo persisunkimui ir ply\u0161imui, suteikdamas patvar\u0173 pavir\u0161i\u0173 akvarel\u0117s tapybai. Papildomi spalv\u0173 puslapiai: Apima du papildomus pigment\u0173 puslapius, u\u017etikrinant, kad b\u016bt\u0173 pakankamai da\u017e\u0173. Perforuoti puslapiai: Puslapiai turi punktyrin\u0119 linij\u0105, pagal kuri\u0105 juos galima tvarkingai i\u0161pl\u0117\u0161ti ir naudoti kaip skirtukus, pridedant funkcionalumo meniniams k\u016briniams. &#8220;Drugeliai ir g\u0117l\u0117s&#8221; tema turi 22 puslapius ir daugiau nei 20 sodo gamtos scen\u0173, skirt\u0173 vaik\u0173 estetiniams \u012fg\u016bd\u017eiams ugdyti. Am\u017eius: 3+ D\u0117\u017eut\u0117s matmenys: 19cm x 8cm x 1.3 cm \u012e komplekt\u0105 \u012feina: 22 puslapiai, 6 spalvos, 1 teptukas Med\u017eiaga: Popierius<\/p>","protected":false},"featured_media":5194,"template":"","meta":[],"product_brand":[],"product_cat":[235,236,244,250,252,255,277,266,267,275],"product_tag":[16,17,18,27,40,145,85,36,75,22,76],"class_list":{"0":"post-5193","1":"product","2":"type-product","3":"status-publish","4":"has-post-thumbnail","6":"product_cat-5-6-metai","7":"product_cat-6-metai","8":"product_cat-kas-populiaru","9":"product_cat-menai-ir-kurybiniai-uzsiemimai","10":"product_cat-meno-reikmenys","11":"product_cat-naujienos","12":"product_cat-smart-products-filter-index-do-not-delete","13":"product_cat-spalvinimo-akvarele-knygeles","14":"product_cat-spalvinimo-knygeles","15":"product_cat-visos-meno-prekes","16":"product_tag-age-3-4-years","17":"product_tag-age-5-6-years","18":"product_tag-age-6-years","19":"product_tag-arts-crafts","20":"product_tag-best-sellers","21":"product_tag-coloring-rolls-books","22":"product_tag-for-girls","23":"product_tag-kol-koc","24":"product_tag-planets-space","25":"product_tag-regular-sale","26":"product_tag-us-warehouse","28":"first","29":"instock","30":"taxable","31":"shipping-taxable","32":"product-type-simple"},"jetpack_sharing_enabled":true,"_links":{"self":[{"href":"https:\/\/b2b.mideer.lt\/en\/wp-json\/wp\/v2\/product\/5193"}],"collection":[{"href":"https:\/\/b2b.mideer.lt\/en\/wp-json\/wp\/v2\/product"}],"about":[{"href":"https:\/\/b2b.mideer.lt\/en\/wp-json\/wp\/v2\/types\/product"}],"wp:featuredmedia":[{"embeddable":true,"href":"https:\/\/b2b.mideer.lt\/en\/wp-json\/wp\/v2\/media\/5194"}],"wp:attachment":[{"href":"https:\/\/b2b.mideer.lt\/en\/wp-json\/wp\/v2\/media?parent=5193"}],"wp:term":[{"taxonomy":"product_brand","embeddable":true,"href":"https:\/\/b2b.mideer.lt\/en\/wp-json\/wp\/v2\/product_brand?post=5193"},{"taxonomy":"product_cat","embeddable":true,"href":"https:\/\/b2b.mideer.lt\/en\/wp-json\/wp\/v2\/product_cat?post=5193"},{"taxonomy":"product_tag","embeddable":true,"href":"https:\/\/b2b.mideer.lt\/en\/wp-json\/wp\/v2\/product_tag?post=5193"}],"curies":[{"name":"wp","href":"https:\/\/api.w.org\/{rel}","templated":true}]}}