{"id":5127,"date":"2025-03-27T12:35:14","date_gmt":"2025-03-27T12:35:14","guid":{"rendered":"https:\/\/b2b.mideer.lt\/product\/colorful-magnetic-tiles-wonderful-forest-40p\/"},"modified":"2026-04-20T07:30:31","modified_gmt":"2026-04-20T07:30:31","slug":"colorful-magnetic-tiles-wonderful-forest-40p","status":"publish","type":"product","link":"https:\/\/b2b.mideer.lt\/en\/product\/colorful-magnetic-tiles-wonderful-forest-40p\/","title":{"rendered":"Magnetic Construction Set - Jungle - 40 pieces"},"content":{"rendered":"<p data-sourcepos=\"3:1-3:470\">Explore geometry with this mideer magenta constructor. Go from basic understanding to complex constructions, gradually developing your child's brain. The unique design allows light to easily pass through the magnetic tiles to create a glowing effect, making you feel like you're in a dream castle thanks to the refraction of light. The top quality magnetic core ensures a stable construction process.<\/p>\n<p data-sourcepos=\"5:1-5:172\">This set is themed around jungle animals. Magnetic details with 5 small animals create a cosy atmosphere. It helps to stimulate children's imagination to create the forest of their dreams.<\/p>\n<ul>\n<li data-sourcepos=\"7:1-11:27\"><strong>Am\u017eius: <\/strong>3+<\/li>\n<li data-sourcepos=\"7:1-11:27\">Dimensions of the box: 25,9 cm x 24,8 cm x 3,6 cm<\/li>\n<li data-sourcepos=\"7:1-11:27\"><strong>Including<\/strong>: 24 geometric pieces, 16 animal pieces, 1 instruction booklet, 1 storage bag<\/li>\n<li data-sourcepos=\"7:1-11:27\"><strong>Number of parts:<\/strong> 40 parts<\/li>\n<li data-sourcepos=\"7:1-11:27\"><strong>Med\u017eiaga:<\/strong> Magneto and MABS<\/li>\n<\/ul>","protected":false},"excerpt":{"rendered":"<p>Tyrin\u0117kite geometrijos \u017einias su \u0161iuo mideer magentiniu konstruktoriumi. \u017dengkite nuo pagrindinio supratimo iki sud\u0117ting\u0173 konstrukcij\u0173, palaipsniui lavinant vaiko smegenis. Unikalus dizainas leid\u017eia \u0161viesai lengvai prasiskverbti pro magnetines plyteles ir sukurti \u017e\u0117rint\u012f efekt\u0105, leisdamas pasijusti svajoni\u0173 pilyje \u0161viesos l\u016b\u017eio d\u0117ka. Auk\u0161\u010diausios kokyb\u0117s magnetinis branduolys u\u017etikrina stabil\u0173 statybos proces\u0105. \u0160is rinkinys temati\u0161kai susij\u0119s su d\u017eiungli\u0173 gyv\u016bnais. Magnetin\u0117s detal\u0117s su 5 ma\u017eais gyv\u016bnais sukuria jauki\u0105 atmosfer\u0105. Tai padeda skatinti vaik\u0173 vaizduot\u0119 kuriant svajoni\u0173 mi\u0161k\u0105. Am\u017eius: 3+ D\u0117\u017eut\u0117s matmenys: 25,9 cm x 24,8 cm x 3,6 cm \u012eskaitant: 24 geometrines detales, 16 gyv\u016bn\u0173 detali\u0173, 1 instrukcij\u0105, 1 laikymo mai\u0161el\u012f Detali\u0173 skai\u010dius: 40 detali\u0173 Med\u017eiaga: Magnetas ir MABS<\/p>","protected":false},"featured_media":1631,"template":"","meta":[],"product_brand":[],"product_cat":[234,235,236,239,242,272,244,248,255,270,276],"product_tag":[16,17,80,40,32,123,20,124,22],"class_list":{"0":"post-5127","1":"product","2":"type-product","3":"status-publish","4":"has-post-thumbnail","6":"product_cat-3-4-metai","7":"product_cat-5-6-metai","8":"product_cat-6-metai","9":"product_cat-daugiau-zaislu-ir-zaidimu","10":"product_cat-dovanu-idejos","11":"product_cat-kaledines-dovanos","12":"product_cat-kas-populiaru","13":"product_cat-magnetiniai-konstruktoriai","14":"product_cat-naujienos","15":"product_cat-statymo-konstruktoriai","16":"product_cat-zaislai-ir-zaidimai","17":"product_tag-age-3-4-years","18":"product_tag-age-5-6-years","19":"product_tag-back-in-stock","20":"product_tag-best-sellers","21":"product_tag-building-blocks","22":"product_tag-early-learning-toys","23":"product_tag-gift","24":"product_tag-magnetic-tiles","25":"product_tag-regular-sale","27":"first","28":"instock","29":"taxable","30":"shipping-taxable","31":"product-type-simple"},"jetpack_sharing_enabled":true,"_links":{"self":[{"href":"https:\/\/b2b.mideer.lt\/en\/wp-json\/wp\/v2\/product\/5127"}],"collection":[{"href":"https:\/\/b2b.mideer.lt\/en\/wp-json\/wp\/v2\/product"}],"about":[{"href":"https:\/\/b2b.mideer.lt\/en\/wp-json\/wp\/v2\/types\/product"}],"wp:featuredmedia":[{"embeddable":true,"href":"https:\/\/b2b.mideer.lt\/en\/wp-json\/wp\/v2\/media\/1631"}],"wp:attachment":[{"href":"https:\/\/b2b.mideer.lt\/en\/wp-json\/wp\/v2\/media?parent=5127"}],"wp:term":[{"taxonomy":"product_brand","embeddable":true,"href":"https:\/\/b2b.mideer.lt\/en\/wp-json\/wp\/v2\/product_brand?post=5127"},{"taxonomy":"product_cat","embeddable":true,"href":"https:\/\/b2b.mideer.lt\/en\/wp-json\/wp\/v2\/product_cat?post=5127"},{"taxonomy":"product_tag","embeddable":true,"href":"https:\/\/b2b.mideer.lt\/en\/wp-json\/wp\/v2\/product_tag?post=5127"}],"curies":[{"name":"wp","href":"https:\/\/api.w.org\/{rel}","templated":true}]}}