{"id":5123,"date":"2025-03-27T12:35:10","date_gmt":"2025-03-27T12:35:10","guid":{"rendered":"https:\/\/b2b.mideer.lt\/product\/eskizu-knyga-60-lapu\/"},"modified":"2026-04-20T07:30:35","modified_gmt":"2026-04-20T07:30:35","slug":"eskizu-knyga-60-lapu","status":"publish","type":"product","link":"https:\/\/b2b.mideer.lt\/en\/product\/eskizu-knyga-60-lapu\/","title":{"rendered":"Sketchbook - 60 pages"},"content":{"rendered":"<p data-sourcepos=\"1:1-1:369\">Unleash your creativity with the Mideer sketchbook! This sketchbook for artists of all ages has a thick 140gsm paper that is non-absorbent, making it suitable for a wide range of artistic mediums such as markers, crayons, watercolours, pencils, acrylics and more. The A4 size makes it easy to carry, so you can sketch and draw wherever you feel inspired.<\/p>\n<p data-sourcepos=\"3:1-3:333\">60 sheets of paper, each sheet can be easily peeled off to display or share your artwork. The sturdy cardboard cover provides a smooth and reliable surface for drawing, whether you're at home, in the park or on the go. Whether you're sketching, colouring or painting, the Mideer Sketchbook is the perfect companion for your art!<\/p>\n<ul>\n<li data-sourcepos=\"3:1-3:333\"><strong>Age: 3+<\/strong><\/li>\n<li data-sourcepos=\"3:1-3:333\"><strong>Dimensions: 28.5 x 21 x 1.5 cm<\/strong><\/li>\n<\/ul>","protected":false},"excerpt":{"rendered":"<p>Atskleiskite savo k\u016brybi\u0161kum\u0105 su Mideer eskiz\u0173 knyga! \u0160i eskiz\u0173 knyga, skirta bet kokio am\u017eiaus menininkams, turi stor\u0105 140 g popieri\u0173, kuris nepersigeria, tod\u0117l tinka \u012fvairioms meno priemon\u0117ms, tokioms kaip markeriai, kreidel\u0117s, akvarel\u0117, pie\u0161tukai, akriliniai da\u017eai ir kt. A4 formatas leid\u017eia j\u0105 lengvai ne\u0161iotis, tod\u0117l galite eskizuoti ir pie\u0161ti, kur tik \u012fkv\u0117ps. 60 popieriaus lap\u0173, kiekvien\u0105 lap\u0105 galima lengvai nupl\u0117\u0161ti, norint eksponuoti ar pasidalinti savo k\u016briniu. Tvirtas kartoninis vir\u0161elis suteikia lyg\u0173 ir patikim\u0105 pavir\u0161i\u0173 pie\u0161imui, nesvarbu, ar esate namuose, parke ar keliaujate. Nesvarbu, ar eskizuojate, spalvinate ar tapote, Mideer eskiz\u0173 knyga yra puikus j\u016bs\u0173 meno palydovas! Am\u017eius: 3+ I\u0161matavimai: 28.5 x 21 x 1.5 cm<\/p>","protected":false},"featured_media":5154,"template":"","meta":[],"product_brand":[],"product_cat":[234,235,236,272,250,252,254,255,267,275],"product_tag":[],"class_list":{"0":"post-5123","1":"product","2":"type-product","3":"status-publish","4":"has-post-thumbnail","6":"product_cat-3-4-metai","7":"product_cat-5-6-metai","8":"product_cat-6-metai","9":"product_cat-kaledines-dovanos","10":"product_cat-menai-ir-kurybiniai-uzsiemimai","11":"product_cat-meno-reikmenys","12":"product_cat-mokyklos-reikmenys","13":"product_cat-naujienos","14":"product_cat-spalvinimo-knygeles","15":"product_cat-visos-meno-prekes","17":"first","18":"instock","19":"taxable","20":"shipping-taxable","21":"product-type-simple"},"jetpack_sharing_enabled":true,"_links":{"self":[{"href":"https:\/\/b2b.mideer.lt\/en\/wp-json\/wp\/v2\/product\/5123"}],"collection":[{"href":"https:\/\/b2b.mideer.lt\/en\/wp-json\/wp\/v2\/product"}],"about":[{"href":"https:\/\/b2b.mideer.lt\/en\/wp-json\/wp\/v2\/types\/product"}],"wp:featuredmedia":[{"embeddable":true,"href":"https:\/\/b2b.mideer.lt\/en\/wp-json\/wp\/v2\/media\/5154"}],"wp:attachment":[{"href":"https:\/\/b2b.mideer.lt\/en\/wp-json\/wp\/v2\/media?parent=5123"}],"wp:term":[{"taxonomy":"product_brand","embeddable":true,"href":"https:\/\/b2b.mideer.lt\/en\/wp-json\/wp\/v2\/product_brand?post=5123"},{"taxonomy":"product_cat","embeddable":true,"href":"https:\/\/b2b.mideer.lt\/en\/wp-json\/wp\/v2\/product_cat?post=5123"},{"taxonomy":"product_tag","embeddable":true,"href":"https:\/\/b2b.mideer.lt\/en\/wp-json\/wp\/v2\/product_tag?post=5123"}],"curies":[{"name":"wp","href":"https:\/\/api.w.org\/{rel}","templated":true}]}}