{"id":5119,"date":"2025-03-27T12:35:04","date_gmt":"2025-03-27T12:35:04","guid":{"rendered":"https:\/\/b2b.mideer.lt\/product\/magiska-burbulu-lazdele-peledziukas-177ml\/"},"modified":"2026-04-06T22:03:16","modified_gmt":"2026-04-06T22:03:16","slug":"magiska-burbulu-lazdele-peledziukas-177ml","status":"publish","type":"product","link":"https:\/\/b2b.mideer.lt\/en\/product\/magiska-burbulu-lazdele-peledziukas-177ml\/","title":{"rendered":"Magic bubble wand, Cinderella, 177ml"},"content":{"rendered":"<p>Introducing the Mideer Magic Bubble Wand - designed for endless fun with its 6-hole feature that creates bigger, denser bubbles with every wave. These mideer soap bubbles have a high capacity for longer play time and come with a sealed design to avoid mess. The portable design ensures that the magic of bubbles can follow you wherever your adventures take you! Perfect for both children and adults.<\/p>\n<ul>\n<li data-sourcepos=\"2:1-2:57\">6-hole design for larger and denser bubbles<\/li>\n<li data-sourcepos=\"3:1-3:39\">High capacity for longer playing time<\/li>\n<li data-sourcepos=\"4:1-4:48\">Leak-proof design to prevent spills<\/li>\n<li data-sourcepos=\"6:1-9:483\">Ideal for both children and adults<\/li>\n<li style=\"font-weight: bold\"><strong>Age: 3+<\/strong><\/li>\n<li style=\"font-weight: bold\"><strong>Dimensions: 3.9 x 3.9 x 24 cm<\/strong><\/li>\n<\/ul>","protected":false},"excerpt":{"rendered":"<p>Pristatome Mideer magi\u0161k\u0105 burbul\u0173 lazdel\u0119 \u2013 sukurt\u0105 nesibaigian\u010dioms pramogoms su savo 6 skylu\u010di\u0173 funkcija, kuri su kiekvienu mostu sukuria didesnius, tankesnius burbulus. \u0160ie mideer muilo burbulai pasi\u017eymi dideliu paj\u0117gumu ilgesniam \u017eaidimo laikui ir yra su sandariu dizainu, kad i\u0161vengtum\u0117te netvarkos. Ne\u0161iojamas dizainas u\u017etikrina, kad burbul\u0173 magija gali lyd\u0117ti jus visur, kur tik nuves j\u016bs\u0173 nuotykiai! Puikiai tinka tiek vaikams, tiek suaugusiems. 6 skylu\u010di\u0173 dizainas didesniems ir tankesniems burbulams Didel\u0117 talpa ilgesniam \u017eaidimo laikui Sandarus dizainas, apsaugantis nuo i\u0161siliejimo Idealiai tinka tiek vaikams, tiek suaugusiems Am\u017eius: 3+ Matmenys: 3.9 x 3.9 x 24 cm<\/p>","protected":false},"featured_media":5146,"template":"","meta":[],"product_brand":[],"product_cat":[234,235,236,272,246,255,276],"product_tag":[],"class_list":{"0":"post-5119","1":"product","2":"type-product","3":"status-publish","4":"has-post-thumbnail","6":"product_cat-3-4-metai","7":"product_cat-5-6-metai","8":"product_cat-6-metai","9":"product_cat-kaledines-dovanos","10":"product_cat-lauko-zaislai","11":"product_cat-naujienos","12":"product_cat-zaislai-ir-zaidimai","14":"first","15":"instock","16":"taxable","17":"shipping-taxable","18":"product-type-simple"},"jetpack_sharing_enabled":true,"_links":{"self":[{"href":"https:\/\/b2b.mideer.lt\/en\/wp-json\/wp\/v2\/product\/5119"}],"collection":[{"href":"https:\/\/b2b.mideer.lt\/en\/wp-json\/wp\/v2\/product"}],"about":[{"href":"https:\/\/b2b.mideer.lt\/en\/wp-json\/wp\/v2\/types\/product"}],"wp:featuredmedia":[{"embeddable":true,"href":"https:\/\/b2b.mideer.lt\/en\/wp-json\/wp\/v2\/media\/5146"}],"wp:attachment":[{"href":"https:\/\/b2b.mideer.lt\/en\/wp-json\/wp\/v2\/media?parent=5119"}],"wp:term":[{"taxonomy":"product_brand","embeddable":true,"href":"https:\/\/b2b.mideer.lt\/en\/wp-json\/wp\/v2\/product_brand?post=5119"},{"taxonomy":"product_cat","embeddable":true,"href":"https:\/\/b2b.mideer.lt\/en\/wp-json\/wp\/v2\/product_cat?post=5119"},{"taxonomy":"product_tag","embeddable":true,"href":"https:\/\/b2b.mideer.lt\/en\/wp-json\/wp\/v2\/product_tag?post=5119"}],"curies":[{"name":"wp","href":"https:\/\/api.w.org\/{rel}","templated":true}]}}