{"id":5117,"date":"2025-03-27T12:35:02","date_gmt":"2025-03-27T12:35:02","guid":{"rendered":"https:\/\/b2b.mideer.lt\/product\/mini-magnetinis-konstruktorius-kubas\/"},"modified":"2026-04-06T07:33:11","modified_gmt":"2026-04-06T07:33:11","slug":"mini-magnetinis-konstruktorius-kubas","status":"publish","type":"product","link":"https:\/\/b2b.mideer.lt\/en\/product\/mini-magnetinis-konstruktorius-kubas\/","title":{"rendered":"Mini Magnetic Constructor Cube"},"content":{"rendered":"<p>This innovative set features strong magnets that allow play by connecting and constructing, encouraging hours of imaginative construction. With 54 fun playing cards, children can explore different construction challenges and ideas, making learning both fun and engaging. Designed with durability in mind, the blocks are made from high quality materials to ensure a smooth construction that will withstand even the most enthusiastic builders. The compact and portable design means you can take the set with you, whether it's to a friend's house, on holiday, or simply the living room floor. With a wide range of play options, the Mideer Magnetic Cube Builder nurtures problem-solving skills, spatial awareness and creative thinking in a fun and interactive way. It's the perfect gift for curious minds ready to explore and create!<\/p>\n<ul>\n<li style=\"font-weight: bold\"><strong>Recommended age: 6+<\/strong><\/li>\n<li style=\"font-weight: bold\">Package dimensions: 9 x 6 x 8 cm<\/li>\n<\/ul>","protected":false},"excerpt":{"rendered":"<p>\u0160is novatori\u0161kas rinkinys turi stiprius magnetus, kurie leid\u017eia \u017eaisti sujungiant ir konstruojant, skatinant valand\u0173 valandas vaizduot\u0117s kupinos konstrukcijos. Su 54 smagiomis \u017eaidimo kortel\u0117mis vaikai gali tyrin\u0117ti \u012fvairius konstravimo i\u0161\u0161\u016bkius ir id\u0117jas, tod\u0117l mokymasis tampa ir smagus, ir \u012ftraukiantis. Sukurti atsi\u017evelgiant \u012f ilgaam\u017ei\u0161kum\u0105, blokeliai yra pagaminti i\u0161 auk\u0161tos kokyb\u0117s med\u017eiag\u0173, u\u017etikrinan\u010di\u0173 skland\u0173 konstravim\u0105, kuris atlaikys net entuziastingiausius statytojus. Kompakti\u0161kas ir ne\u0161iojamas dizainas rei\u0161kia, kad galite pasiimti rinkin\u012f su savimi, nesvarbu, ar tai b\u016bt\u0173 draugo namai, atostogos, ar tiesiog svetain\u0117s grindys. Su daugybe \u017eaidimo b\u016bd\u0173 Mideer magnetinis konstruktorius &#8220;Kubas&#8221; puosel\u0117ja problem\u0173 sprendimo \u012fg\u016bd\u017eius, erdvin\u012f suvokim\u0105 ir k\u016brybin\u012f m\u0105stym\u0105 maloniu ir interaktyviu b\u016bdu. Tai puiki dovana smalsiems protams, pasiruo\u0161usiems tyrin\u0117ti ir kurti! Rekomenduojamas am\u017eius: 6+ Pakuot\u0117s matmenys: 9 x 6 x 8 cm<\/p>","protected":false},"featured_media":5141,"template":"","meta":[],"product_brand":[],"product_cat":[235,236,239,272,244,248,255,270,276],"product_tag":[],"class_list":{"0":"post-5117","1":"product","2":"type-product","3":"status-publish","4":"has-post-thumbnail","6":"product_cat-5-6-metai","7":"product_cat-6-metai","8":"product_cat-daugiau-zaislu-ir-zaidimu","9":"product_cat-kaledines-dovanos","10":"product_cat-kas-populiaru","11":"product_cat-magnetiniai-konstruktoriai","12":"product_cat-naujienos","13":"product_cat-statymo-konstruktoriai","14":"product_cat-zaislai-ir-zaidimai","16":"first","17":"instock","18":"taxable","19":"shipping-taxable","20":"product-type-simple"},"jetpack_sharing_enabled":true,"_links":{"self":[{"href":"https:\/\/b2b.mideer.lt\/en\/wp-json\/wp\/v2\/product\/5117"}],"collection":[{"href":"https:\/\/b2b.mideer.lt\/en\/wp-json\/wp\/v2\/product"}],"about":[{"href":"https:\/\/b2b.mideer.lt\/en\/wp-json\/wp\/v2\/types\/product"}],"wp:featuredmedia":[{"embeddable":true,"href":"https:\/\/b2b.mideer.lt\/en\/wp-json\/wp\/v2\/media\/5141"}],"wp:attachment":[{"href":"https:\/\/b2b.mideer.lt\/en\/wp-json\/wp\/v2\/media?parent=5117"}],"wp:term":[{"taxonomy":"product_brand","embeddable":true,"href":"https:\/\/b2b.mideer.lt\/en\/wp-json\/wp\/v2\/product_brand?post=5117"},{"taxonomy":"product_cat","embeddable":true,"href":"https:\/\/b2b.mideer.lt\/en\/wp-json\/wp\/v2\/product_cat?post=5117"},{"taxonomy":"product_tag","embeddable":true,"href":"https:\/\/b2b.mideer.lt\/en\/wp-json\/wp\/v2\/product_tag?post=5117"}],"curies":[{"name":"wp","href":"https:\/\/api.w.org\/{rel}","templated":true}]}}