{"id":5113,"date":"2025-03-27T12:34:58","date_gmt":"2025-03-27T12:34:58","guid":{"rendered":"https:\/\/b2b.mideer.lt\/product\/popieriaus-rankdarbiu-rinkinys-lektuveliai\/"},"modified":"2026-04-20T08:02:29","modified_gmt":"2026-04-20T08:02:29","slug":"popieriaus-rankdarbiu-rinkinys-lektuveliai","status":"publish","type":"product","link":"https:\/\/b2b.mideer.lt\/en\/product\/popieriaus-rankdarbiu-rinkinys-lektuveliai\/","title":{"rendered":"Paper craft set - Airplanes"},"content":{"rendered":"<p data-sourcepos=\"3:1-3:580\">The series of paper craft kits consists of four themes: aeroplanes, racing cars, boats and windmills, providing children with a scientific understanding through origami and helping to develop their brains. Building on traditional origami, we bring innovation and vibrancy, allowing children to race, fly, feel the power of the wind and experience marine exploration in real life. We hope that the highly interactive origami experience will stimulate children's imagination, develop their practical skills and spark their interest in science. The kit does not require scissors or glue and is easy to use.<\/p>\n<p data-sourcepos=\"5:1-5:110\">The theme of aeroplanes includes 4 types of flight shapes that attract children to actively explore aeronautics.<\/p>\n<ul>\n<li data-sourcepos=\"7:1-10:19\"><strong>Am\u017eius:<\/strong> 3+<\/li>\n<li data-sourcepos=\"7:1-10:19\"><strong>D\u0117\u017eut\u0117s matmenys:<\/strong> 30 cm x 21 cm x 0,7 cm<\/li>\n<li data-sourcepos=\"7:1-10:19\"><strong>Includes:<\/strong> 4 airplane sheets, 1 sticker sheet<\/li>\n<li data-sourcepos=\"7:1-10:19\"><strong>Med\u017eiaga:<\/strong> Paper<\/li>\n<\/ul>","protected":false},"excerpt":{"rendered":"<p>Popieriaus rankdarbi\u0173 rinkini\u0173 serij\u0105 sudaro keturios temos: l\u0117ktuvai, lenktyniniai automobiliai, laiveliai ir v\u0117jo mal\u016bnai, suteikian\u010dios vaikams mokslin\u012f pa\u017einim\u0105 per origami ir padedan\u010dios lavinti smegenis. Remdamiesi tradiciniu origami, mes \u012fvedame naujoves ir gyvybingum\u0105, leisdami vaikams lenktyniauti, skraidyti, pajusti v\u0117jo j\u0117g\u0105 ir patirti j\u016brin\u012f tyrin\u0117jim\u0105 realiame gyvenime. Tikim\u0117s, kad labai interaktyvi origami patirtis paskatins vaik\u0173 vaizduot\u0119, lavins j\u0173 praktinius \u012fg\u016bd\u017eius ir su\u017eadins j\u0173 susidom\u0117jim\u0105 mokslu. Rinkiniui nereikia \u017eirkli\u0173 ar klij\u0173, j\u012f lengva naudoti. L\u0117ktuv\u0117li\u0173 tema apima 4 skryd\u017eio form\u0173 tipus, kurie pritraukia vaikus aktyviai tyrin\u0117ti aeronautik\u0105. Am\u017eius: 3+ D\u0117\u017eut\u0117s matmenys: 30 cm x 21 cm x 0,7 cm \u012e komplekt\u0105 \u012feina: 4 l\u0117ktuv\u0173 lapai, 1 lipduk\u0173 lapas Med\u017eiaga: Popierius<\/p>","protected":false},"featured_media":5134,"template":"","meta":[],"product_brand":[],"product_cat":[234,235,236,242,272,245,250,255,263,275],"product_tag":[],"class_list":{"0":"post-5113","1":"product","2":"type-product","3":"status-publish","4":"has-post-thumbnail","6":"product_cat-3-4-metai","7":"product_cat-5-6-metai","8":"product_cat-6-metai","9":"product_cat-dovanu-idejos","10":"product_cat-kaledines-dovanos","11":"product_cat-kurybiniu-uzduociu-knygeles","12":"product_cat-menai-ir-kurybiniai-uzsiemimai","13":"product_cat-naujienos","14":"product_cat-pasidaryk-pats","15":"product_cat-visos-meno-prekes","17":"first","18":"instock","19":"taxable","20":"shipping-taxable","21":"product-type-simple"},"jetpack_sharing_enabled":true,"_links":{"self":[{"href":"https:\/\/b2b.mideer.lt\/en\/wp-json\/wp\/v2\/product\/5113"}],"collection":[{"href":"https:\/\/b2b.mideer.lt\/en\/wp-json\/wp\/v2\/product"}],"about":[{"href":"https:\/\/b2b.mideer.lt\/en\/wp-json\/wp\/v2\/types\/product"}],"wp:featuredmedia":[{"embeddable":true,"href":"https:\/\/b2b.mideer.lt\/en\/wp-json\/wp\/v2\/media\/5134"}],"wp:attachment":[{"href":"https:\/\/b2b.mideer.lt\/en\/wp-json\/wp\/v2\/media?parent=5113"}],"wp:term":[{"taxonomy":"product_brand","embeddable":true,"href":"https:\/\/b2b.mideer.lt\/en\/wp-json\/wp\/v2\/product_brand?post=5113"},{"taxonomy":"product_cat","embeddable":true,"href":"https:\/\/b2b.mideer.lt\/en\/wp-json\/wp\/v2\/product_cat?post=5113"},{"taxonomy":"product_tag","embeddable":true,"href":"https:\/\/b2b.mideer.lt\/en\/wp-json\/wp\/v2\/product_tag?post=5113"}],"curies":[{"name":"wp","href":"https:\/\/api.w.org\/{rel}","templated":true}]}}