{"id":5007,"date":"2025-02-20T11:25:19","date_gmt":"2025-02-20T11:25:19","guid":{"rendered":"https:\/\/b2b.mideer.lt\/?post_type=product&#038;p=5007"},"modified":"2026-04-03T07:31:10","modified_gmt":"2026-04-03T07:31:10","slug":"akriliniai-markeriai-su-skysto-rasalo-uzpildu-24-spalvos","status":"publish","type":"product","link":"https:\/\/b2b.mideer.lt\/en\/product\/akriliniai-markeriai-su-skysto-rasalo-uzpildu-24-spalvos\/","title":{"rendered":"Acrylic markers with liquid ink refill - 24 colours"},"content":{"rendered":"<p data-sourcepos=\"1:1-1:685\">mideer acrylic markers with liquid ink refill, equipped with an intelligent ink control system to ensure even coverage and prevent ink bleeding. 0.5-5 mm nylon soft brush tip for smooth and even drawing. This set allows you to create artwork on a variety of surfaces such as petroglyphs, ceramics, glass, wood, fabric, stone, metal, plastic, Christmas decorations, Halloween drawings, birthday presents or any DIY project. All colours are bright and rich. They can also be used for multi-layered colour combinations. The colours do not fade or bleed through the paper.<\/p>\n<ul data-sourcepos=\"3:1-9:31\">\n<li data-sourcepos=\"3:1-3:18\"><strong>Am\u017eius:<\/strong> 4+<\/li>\n<li data-sourcepos=\"4:1-4:52\"><strong>D\u0117\u017eut\u0117s matmenys:<\/strong> 13,8 cm x 10,8 cm x 4,6 cm<\/li>\n<li data-sourcepos=\"5:1-5:39\"><strong>Includes:<\/strong> 24 markers<\/li>\n<li data-sourcepos=\"6:1-6:46\"><strong>Med\u017eiaga:<\/strong> Plastic, ink, cardboard<\/li>\n<li data-sourcepos=\"7:1-7:54\"><strong>Size per marker:<\/strong> 13,5 cm x 1,1 cm x 1,1 cm<\/li>\n<li data-sourcepos=\"8:1-8:19\"><strong>Spalvos:<\/strong> 24<\/li>\n<li data-sourcepos=\"9:1-9:31\"><strong>Feature:<\/strong> Layering<\/li>\n<\/ul>","protected":false},"excerpt":{"rendered":"<p>mideer akriliniai markeriai su skysto ra\u0161alo u\u017epildu, apr\u016bpinti i\u0161mania ra\u0161alo kontrol\u0117s sistema, u\u017etikrinan\u010dia tolyg\u0173 padengim\u0105 ir neleid\u017eian\u010dia ra\u0161alui pratek\u0117ti. 0,5\u20135 mm nailono mink\u0161tas \u0161epet\u0117lio galiukas, u\u017etikrinantis skland\u0173 ir tolyg\u0173 pie\u0161im\u0105. \u0160is rinkinys leid\u017eia kurti meninius darbus ant \u012fvairi\u0173 pavir\u0161i\u0173, toki\u0173 kaip petroglifai, keramika, stiklas, medis, audinys, akmuo, metalas, plastikas, kal\u0117din\u0117s dekoracijos, Helovino pie\u0161iniai, gimtadienio dovanos ar bet kokie \u201epasidaryk pats\u201c projektai. Visos spalvos yra ry\u0161kios ir sodrios. Taip pat gali b\u016bti naudojami daugiasluoksniam spalv\u0173 derinimui. Spalvos neblunka ir nepersisunkia per popieri\u0173. Am\u017eius: 4+ D\u0117\u017eut\u0117s matmenys: 13,8 cm x 10,8 cm x 4,6 cm \u012e komplekt\u0105 \u012feina: 24 \u017eymekliai Med\u017eiaga: Plastikas, ra\u0161alas, kartonas Vieno markerio dydis: 13,5 cm x 1,1 cm x 1,1 cm Spalvos: 24 Ypatyb\u0117: Sluoksniavimas<\/p>","protected":false},"featured_media":5008,"template":"","meta":[],"product_brand":[],"product_cat":[234,235,236,272,244,250,252,254,255,268,275],"product_tag":[],"class_list":{"0":"post-5007","1":"product","2":"type-product","3":"status-publish","4":"has-post-thumbnail","6":"product_cat-3-4-metai","7":"product_cat-5-6-metai","8":"product_cat-6-metai","9":"product_cat-kaledines-dovanos","10":"product_cat-kas-populiaru","11":"product_cat-menai-ir-kurybiniai-uzsiemimai","12":"product_cat-meno-reikmenys","13":"product_cat-mokyklos-reikmenys","14":"product_cat-naujienos","15":"product_cat-spalvinimo-priemones","16":"product_cat-visos-meno-prekes","18":"first","19":"instock","20":"taxable","21":"shipping-taxable","22":"product-type-simple"},"jetpack_sharing_enabled":true,"_links":{"self":[{"href":"https:\/\/b2b.mideer.lt\/en\/wp-json\/wp\/v2\/product\/5007"}],"collection":[{"href":"https:\/\/b2b.mideer.lt\/en\/wp-json\/wp\/v2\/product"}],"about":[{"href":"https:\/\/b2b.mideer.lt\/en\/wp-json\/wp\/v2\/types\/product"}],"wp:featuredmedia":[{"embeddable":true,"href":"https:\/\/b2b.mideer.lt\/en\/wp-json\/wp\/v2\/media\/5008"}],"wp:attachment":[{"href":"https:\/\/b2b.mideer.lt\/en\/wp-json\/wp\/v2\/media?parent=5007"}],"wp:term":[{"taxonomy":"product_brand","embeddable":true,"href":"https:\/\/b2b.mideer.lt\/en\/wp-json\/wp\/v2\/product_brand?post=5007"},{"taxonomy":"product_cat","embeddable":true,"href":"https:\/\/b2b.mideer.lt\/en\/wp-json\/wp\/v2\/product_cat?post=5007"},{"taxonomy":"product_tag","embeddable":true,"href":"https:\/\/b2b.mideer.lt\/en\/wp-json\/wp\/v2\/product_tag?post=5007"}],"curies":[{"name":"wp","href":"https:\/\/api.w.org\/{rel}","templated":true}]}}