{"id":4909,"date":"2025-01-15T13:52:20","date_gmt":"2025-01-15T13:52:20","guid":{"rendered":"https:\/\/b2b.mideer.lt\/?post_type=product&#038;p=4909"},"modified":"2026-04-12T07:29:56","modified_gmt":"2026-04-12T07:29:56","slug":"muzikine-dezute-little-people-in-my-garden","status":"publish","type":"product","link":"https:\/\/b2b.mideer.lt\/en\/product\/muzikine-dezute-little-people-in-my-garden\/","title":{"rendered":"Music box - Little People in my Garden"},"content":{"rendered":"<p><strong>Discover the joy with classic childhood tunes in a musical mideer box. <\/strong>Designed to inspire creativity and delight children, this charming music box combines engaging play, artistic charm and educational value. No batteries needed, easy to use - just turn the knob and enjoy soothing, dreamy sounds that never get old.<\/p>\n<ul>\n<li><strong>Dimensions:<\/strong> 6\u00d76,5cm<\/li>\n<li><strong>Recommended age: <\/strong>3+<\/li>\n<\/ul>","protected":false},"excerpt":{"rendered":"<p>Atraskite d\u017eiaugsm\u0105 su klasikin\u0117mis vaikyst\u0117s melodijomis muzikin\u0117je mideer d\u0117\u017eut\u0117je. Sukurta \u012fkv\u0117pti k\u016brybi\u0161kum\u0105 ir d\u017eiuginti vaikus, \u0161i \u017eavinga muzikos d\u0117\u017eut\u0117 derina \u012ftraukiant\u012f \u017eaidim\u0105, meni\u0161k\u0105 \u017eaves\u012f ir edukacin\u0119 vert\u0119. Nereikia baterij\u0173, paprasta naudoti \u2013 tiesiog pasukite ranken\u0117l\u0119 ir m\u0117gaukit\u0117s raminan\u010diu, svajingu garsu, kuris niekada nepabosta. Matmenys: 6&#215;6,5cm Rekomenduojamas am\u017eius: 3+<\/p>","protected":false},"featured_media":4910,"template":"","meta":[],"product_brand":[],"product_cat":[234,235,236,280,255,276],"product_tag":[],"class_list":{"0":"post-4909","1":"product","2":"type-product","3":"status-publish","4":"has-post-thumbnail","6":"product_cat-3-4-metai","7":"product_cat-5-6-metai","8":"product_cat-6-metai","9":"product_cat-akcija","10":"product_cat-naujienos","11":"product_cat-zaislai-ir-zaidimai","13":"first","14":"outofstock","15":"taxable","16":"shipping-taxable","17":"product-type-simple"},"jetpack_sharing_enabled":true,"_links":{"self":[{"href":"https:\/\/b2b.mideer.lt\/en\/wp-json\/wp\/v2\/product\/4909"}],"collection":[{"href":"https:\/\/b2b.mideer.lt\/en\/wp-json\/wp\/v2\/product"}],"about":[{"href":"https:\/\/b2b.mideer.lt\/en\/wp-json\/wp\/v2\/types\/product"}],"wp:featuredmedia":[{"embeddable":true,"href":"https:\/\/b2b.mideer.lt\/en\/wp-json\/wp\/v2\/media\/4910"}],"wp:attachment":[{"href":"https:\/\/b2b.mideer.lt\/en\/wp-json\/wp\/v2\/media?parent=4909"}],"wp:term":[{"taxonomy":"product_brand","embeddable":true,"href":"https:\/\/b2b.mideer.lt\/en\/wp-json\/wp\/v2\/product_brand?post=4909"},{"taxonomy":"product_cat","embeddable":true,"href":"https:\/\/b2b.mideer.lt\/en\/wp-json\/wp\/v2\/product_cat?post=4909"},{"taxonomy":"product_tag","embeddable":true,"href":"https:\/\/b2b.mideer.lt\/en\/wp-json\/wp\/v2\/product_tag?post=4909"}],"curies":[{"name":"wp","href":"https:\/\/api.w.org\/{rel}","templated":true}]}}