{"id":4874,"date":"2025-01-15T10:38:24","date_gmt":"2025-01-15T10:38:24","guid":{"rendered":"https:\/\/b2b.mideer.lt\/?post_type=product&#038;p=4874"},"modified":"2026-04-06T07:32:58","modified_gmt":"2026-04-06T07:32:58","slug":"vienpusiai-nuplaunami-flomasteriai-36-spalvos","status":"publish","type":"product","link":"https:\/\/b2b.mideer.lt\/en\/product\/vienpusiai-nuplaunami-flomasteriai-36-spalvos\/","title":{"rendered":"Washable markers markers markers - 36 Colours"},"content":{"rendered":"<div class=\"richTextContainer text-align-left\" dir=\"auto\">\n<p data-sourcepos=\"3:1-3:230\"><strong>mideer Single-sided washable markers\u00a0<\/strong> - is the perfect tool for little artists who want to express themselves easily and creatively in drawings. They are perfect for a wide range of techniques, from subtle details to bold brush strokes.<\/p>\n<p data-sourcepos=\"5:1-5:15\"><strong>Benefits:<\/strong><\/p>\n<ul data-sourcepos=\"7:1-12:0\">\n<li data-sourcepos=\"7:1-7:115\"><strong>Easy cleaning:<\/strong> Water-based paints wash easily off skin, clothing and most surfaces.<\/li>\n<li data-sourcepos=\"8:1-8:126\"><strong>Versatile use:<\/strong> Allows you to draw both thin and thick lines, stimulating children's imagination and drawing skills.<\/li>\n<li data-sourcepos=\"9:1-9:75\"><strong>Safe for children:<\/strong> Alcohol-free and therefore safe even for young children.<\/li>\n<li data-sourcepos=\"10:1-10:86\"><strong>Durable:<\/strong> The high dye content ensures long-lasting use and vibrant colours.<\/li>\n<li data-sourcepos=\"11:1-12:0\"><strong>Non-immigration:<\/strong> The drawings do not bleed through to the other side of the paper.<\/li>\n<\/ul>\n<p data-sourcepos=\"13:1-13:41\"><strong>The set includes 36 colourful markers.<\/strong><\/p>\n<p data-sourcepos=\"15:1-15:70\">These markers will help your child discover and express their creativity!<\/p>\n<\/div>\n<div class=\"richTextContainer text-align-left\" dir=\"auto\">\n<ul>\n<li><span class=\"text-only\" data-eleid=\"11\"><strong>Am\u017eius:<\/strong> 3+<\/span><\/li>\n<li><span class=\"text-only\" data-eleid=\"13\"><strong>D\u0117\u017eut\u0117s matmenys:<\/strong> 11.5 cm x 11.5 cm x 13.5 cm<\/span><\/li>\n<li><span class=\"text-only\" data-eleid=\"15\"><strong>Includes:<\/strong> 36 felt-tip pens<\/span><\/li>\n<li><span class=\"text-only\" data-eleid=\"17\"><strong>Med\u017eiaga:<\/strong> Water-based ink<\/span><\/li>\n<\/ul>\n<\/div>","protected":false},"excerpt":{"rendered":"<div class=\"richTextContainer text-align-left\" dir=\"auto\">\n<p data-sourcepos=\"3:1-3:230\"><strong>mideer Single-sided washable markers\u00a0<\/strong> - is the perfect tool for little artists who want to express themselves easily and creatively in drawings. They are perfect for a wide range of techniques, from subtle details to bold brush strokes.<\/p>\n<p data-sourcepos=\"5:1-5:15\"><strong>Benefits:<\/strong><\/p>\n<ul data-sourcepos=\"7:1-12:0\">\n<li data-sourcepos=\"7:1-7:115\"><strong>Easy cleaning:<\/strong> Water-based paints wash easily off skin, clothing and most surfaces.<\/li>\n<li data-sourcepos=\"8:1-8:126\"><strong>Versatile use:<\/strong> Allows you to draw both thin and thick lines, stimulating children's imagination and drawing skills.<\/li>\n<li data-sourcepos=\"9:1-9:75\"><strong>Safe for children:<\/strong> Alcohol-free and therefore safe even for young children.<\/li>\n<li data-sourcepos=\"10:1-10:86\"><strong>Durable:<\/strong> The high dye content ensures long-lasting use and vibrant colours.<\/li>\n<li data-sourcepos=\"11:1-12:0\"><strong>Non-immigration:<\/strong> The drawings do not bleed through to the other side of the paper.<\/li>\n<\/ul>\n<p data-sourcepos=\"13:1-13:41\"><strong>The set includes 36 colourful markers.<\/strong><\/p>\n<p data-sourcepos=\"15:1-15:70\">These markers will help your child discover and express their creativity!<\/p>\n<\/div>\n<div class=\"richTextContainer text-align-left\" dir=\"auto\">\n<ul>\n<li><span class=\"text-only\" data-eleid=\"11\"><strong>Am\u017eius:<\/strong> 3+<\/span><\/li>\n<li><span class=\"text-only\" data-eleid=\"13\"><strong>D\u0117\u017eut\u0117s matmenys:<\/strong> 11.5 cm x 11.5 cm x 13.5 cm<\/span><\/li>\n<li><span class=\"text-only\" data-eleid=\"15\"><strong>Includes:<\/strong> 36 felt-tip pens<\/span><\/li>\n<li><span class=\"text-only\" data-eleid=\"17\"><strong>Med\u017eiaga:<\/strong> Water-based ink<\/span><\/li>\n<\/ul>\n<\/div>","protected":false},"featured_media":4875,"template":"","meta":[],"product_brand":[],"product_cat":[234,235,236,244,250,252,255,268,275],"product_tag":[],"class_list":{"0":"post-4874","1":"product","2":"type-product","3":"status-publish","4":"has-post-thumbnail","6":"product_cat-3-4-metai","7":"product_cat-5-6-metai","8":"product_cat-6-metai","9":"product_cat-kas-populiaru","10":"product_cat-menai-ir-kurybiniai-uzsiemimai","11":"product_cat-meno-reikmenys","12":"product_cat-naujienos","13":"product_cat-spalvinimo-priemones","14":"product_cat-visos-meno-prekes","16":"first","17":"instock","18":"taxable","19":"shipping-taxable","20":"product-type-simple"},"jetpack_sharing_enabled":true,"_links":{"self":[{"href":"https:\/\/b2b.mideer.lt\/en\/wp-json\/wp\/v2\/product\/4874"}],"collection":[{"href":"https:\/\/b2b.mideer.lt\/en\/wp-json\/wp\/v2\/product"}],"about":[{"href":"https:\/\/b2b.mideer.lt\/en\/wp-json\/wp\/v2\/types\/product"}],"wp:featuredmedia":[{"embeddable":true,"href":"https:\/\/b2b.mideer.lt\/en\/wp-json\/wp\/v2\/media\/4875"}],"wp:attachment":[{"href":"https:\/\/b2b.mideer.lt\/en\/wp-json\/wp\/v2\/media?parent=4874"}],"wp:term":[{"taxonomy":"product_brand","embeddable":true,"href":"https:\/\/b2b.mideer.lt\/en\/wp-json\/wp\/v2\/product_brand?post=4874"},{"taxonomy":"product_cat","embeddable":true,"href":"https:\/\/b2b.mideer.lt\/en\/wp-json\/wp\/v2\/product_cat?post=4874"},{"taxonomy":"product_tag","embeddable":true,"href":"https:\/\/b2b.mideer.lt\/en\/wp-json\/wp\/v2\/product_tag?post=4874"}],"curies":[{"name":"wp","href":"https:\/\/api.w.org\/{rel}","templated":true}]}}