{"id":473,"date":"2024-04-26T07:42:59","date_gmt":"2024-04-26T07:42:59","guid":{"rendered":"https:\/\/b2b.mideer.lt\/product\/makeup-manual-lady-tea-party\/"},"modified":"2026-04-22T22:03:24","modified_gmt":"2026-04-22T22:03:24","slug":"makeup-manual-lady-tea-party","status":"publish","type":"product","link":"https:\/\/b2b.mideer.lt\/en\/product\/makeup-manual-lady-tea-party\/","title":{"rendered":"Make-up booklet Afternoon tea for ladies"},"content":{"rendered":"<p data-sourcepos=\"5:1-5:236\">Make-up! Get dressed up! All in one! This set simulates a make-up palette and allows girls to immerse themselves in the joy of make-up. Choose from up to three different themes.<\/p>\n<p data-sourcepos=\"7:1-7:230\">In the collection \"Make-up book: A Lady's Afternoon Tea Party\", you will find a very graceful and elegant lady. Her elegant hairstyle, sophisticated style and manners reveal a true lady. Let your imagination run wild as you decorate and beautify her!<\/p>\n<ul data-mce-fragment=\"1\">\n<li><strong>Am\u017eius:<\/strong> 5+<\/li>\n<li><strong>D\u0117\u017eut\u0117s matmenys:<\/strong> 22 x 17,3 x 3,5 cm<\/li>\n<li><strong>Included:<\/strong> 1 brush, 2 paint papers, 3 stickers, 1 blank board, 2 back adhesives<\/li>\n<li><strong>Med\u017eiaga:<\/strong> Paper, fabric, plastic<\/li>\n<\/ul>","protected":false},"excerpt":{"rendered":"<p>Makia\u017eas! Pasipuo\u0161k! Viskas viename! \u0160is rinkinys imituoja makia\u017eo palet\u0119 ir leid\u017eia mergait\u0117ms pasinerti \u012f puo\u0161imosi d\u017eiaugsm\u0105. Rinkis galite net i\u0161 trij\u0173 skirting\u0173 tem\u0173. Rinkinyje &#8220;Makia\u017eo knygel\u0117: Damos Popiet\u0117s Arbat\u0117l\u0117&#8221; rasi ypatingai grak\u0161\u010di\u0105 ir eleganti\u0161k\u0105 dam\u0105. Jos daili \u0161ukuosena, rafinuotas stilius ir manieros atskleid\u017eia tikr\u0105 ledi. Leisk vaizduotei pasireik\u0161ti puo\u0161dama ir gra\u017eindama j\u0105! Am\u017eius: 5+ D\u0117\u017eut\u0117s matmenys: 22 x 17,3 x 3,5 cm \u012etraukta: 1 \u0161epet\u0117lis, 2 popieriai su da\u017eais, 3 lipdukai, 1 tu\u0161\u010dias lenta, 2 nugarin\u0117s klijai Med\u017eiaga: Popierius, audinys, plastmas\u0117<\/p>","protected":false},"featured_media":2573,"template":"","meta":[],"product_brand":[],"product_cat":[235,236,244,250,263,277,267],"product_tag":[17,18,27,40,145,28,85,20,127,176,128,52,51,53,187,129,130,54,148,149,22,136,29,151,152],"class_list":{"0":"post-473","1":"product","2":"type-product","3":"status-publish","4":"has-post-thumbnail","6":"product_cat-5-6-metai","7":"product_cat-6-metai","8":"product_cat-kas-populiaru","9":"product_cat-menai-ir-kurybiniai-uzsiemimai","10":"product_cat-pasidaryk-pats","11":"product_cat-smart-products-filter-index-do-not-delete","12":"product_cat-spalvinimo-knygeles","13":"product_tag-age-5-6-years","14":"product_tag-age-6-years","15":"product_tag-arts-crafts","16":"product_tag-best-sellers","17":"product_tag-coloring-rolls-books","18":"product_tag-diy","19":"product_tag-for-girls","20":"product_tag-gift","21":"product_tag-ilgalaikiai-lipdukai","22":"product_tag-kelionei-su-vaiku","23":"product_tag-klijuojami-lipdukai","24":"product_tag-kurybines-dirbtuveles","25":"product_tag-kurybines-dirbtuves","26":"product_tag-kurybiskumui","27":"product_tag-lipdukai-mergaitems","28":"product_tag-lipdukai-vaikams","29":"product_tag-lipduku-rinkinys","30":"product_tag-menininko-rinkinys","31":"product_tag-princese","32":"product_tag-princesems","33":"product_tag-regular-sale","34":"product_tag-spalvinimo-knygele","35":"product_tag-stickers-sticker-books","36":"product_tag-viskas-mergaitems","37":"product_tag-viskas-princesems","39":"first","40":"instock","41":"taxable","42":"shipping-taxable","43":"product-type-simple"},"jetpack_sharing_enabled":true,"_links":{"self":[{"href":"https:\/\/b2b.mideer.lt\/en\/wp-json\/wp\/v2\/product\/473"}],"collection":[{"href":"https:\/\/b2b.mideer.lt\/en\/wp-json\/wp\/v2\/product"}],"about":[{"href":"https:\/\/b2b.mideer.lt\/en\/wp-json\/wp\/v2\/types\/product"}],"wp:featuredmedia":[{"embeddable":true,"href":"https:\/\/b2b.mideer.lt\/en\/wp-json\/wp\/v2\/media\/2573"}],"wp:attachment":[{"href":"https:\/\/b2b.mideer.lt\/en\/wp-json\/wp\/v2\/media?parent=473"}],"wp:term":[{"taxonomy":"product_brand","embeddable":true,"href":"https:\/\/b2b.mideer.lt\/en\/wp-json\/wp\/v2\/product_brand?post=473"},{"taxonomy":"product_cat","embeddable":true,"href":"https:\/\/b2b.mideer.lt\/en\/wp-json\/wp\/v2\/product_cat?post=473"},{"taxonomy":"product_tag","embeddable":true,"href":"https:\/\/b2b.mideer.lt\/en\/wp-json\/wp\/v2\/product_tag?post=473"}],"curies":[{"name":"wp","href":"https:\/\/api.w.org\/{rel}","templated":true}]}}