{"id":4675,"date":"2024-10-30T15:42:17","date_gmt":"2024-10-30T15:42:17","guid":{"rendered":"https:\/\/b2b.mideer.lt\/?post_type=product&#038;p=4675"},"modified":"2026-04-19T07:30:02","modified_gmt":"2026-04-19T07:30:02","slug":"level-up-deliones-5-lygis-pasaku-pasaulis-2","status":"publish","type":"product","link":"https:\/\/b2b.mideer.lt\/en\/product\/level-up-deliones-5-lygis-pasaku-pasaulis-2\/","title":{"rendered":"Level Up Puzzle Set - Level 5 Fairy World"},"content":{"rendered":"<div class=\"relative p-1 rounded-sm h-9 w-9 text-white flex items-center justify-center\">\n<div class=\"flex-shrink-0 flex flex-col relative items-end\">\n<div class=\"pt-0.5\">\n<div class=\"gizmo-shadow-stroke flex h-6 w-6 items-center justify-center overflow-hidden rounded-full\">\n<div class=\"relative p-1 rounded-sm h-9 w-9 text-white flex items-center justify-center\">\n<p data-sourcepos=\"1:1-1:448\">Mideer Level Up! puzzle collection has a total of 8 levels. The number of puzzle pieces increases level by level to match children's intellectual development and to activate all aspects of their brain. The pictures start with a single animal and end with complex scenes, so that children's cognition develops progressively. Pictures in different artistic styles stimulate children's imagination. Smooth and soft edges encourage safe and interactive play and learning.<\/p>\n<p data-sourcepos=\"3:1-3:132\"><strong>Level 5:<\/strong> The Fairytale World theme includes 3 puzzles per box and 3 scenes from the fairytale collection.<\/p>\n<\/div>\n<div class=\"relative p-1 rounded-sm h-9 w-9 text-white flex items-center justify-center\">\n<ul>\n<li><strong>Age<\/strong>: 4+<\/li>\n<li><strong>Box dimensions<\/strong>: 19.2 cm x 22.5 cm x 12.5 cm<\/li>\n<li><strong>Number of parts<\/strong>: 99 parts, 120 parts, 140 parts<\/li>\n<li><strong>Size of jigsaw puzzle<\/strong>: 37,5 x 28,2cm<\/li>\n<li><strong>Available from<\/strong>: Food-grade, thick cardboard printed with soy ink<\/li>\n<\/ul>\n<\/div>\n<\/div>\n<\/div>\n<\/div>\n<\/div>","protected":false},"excerpt":{"rendered":"<p>Mideer Level Up! d\u0117lioni\u0173 kolekcija turi i\u0161 viso 8 lygius. D\u0117lion\u0117s detali\u0173 skai\u010dius did\u0117ja lygmeniu po lygmens, kad atitikt\u0173 vaik\u0173 intelektualin\u012f vystym\u0105si ir aktyvuot\u0173 j\u0173 smegenis visais aspektais. Paveiksl\u0117liai prasideda nuo vieno gyv\u016bno ir baigiasi sud\u0117tingomis scenomis, kad vaik\u0173 pa\u017einimas tobul\u0117t\u0173 palaipsniui. \u012evairi\u0173 meno stili\u0173 paveiksl\u0117liai \u017eadina vaik\u0173 vaizduot\u0119. Lyg\u016bs ir \u0161veln\u016bs kra\u0161tai skatina saug\u0173 ir interaktyv\u0173 \u017eaidim\u0105 bei mokym\u0105si. 5 lygis: Pasak\u0173 pasaulis tema apima 3 d\u0117liones vienoje d\u0117\u017eut\u0117je ir 3 scenas i\u0161 pasak\u0173 rinkinio. Am\u017eius: 4+ D\u0117\u017eut\u0117s matmenys: 19.2 cm x 22.5 cm x 12.5 cm Dali\u0173 skai\u010dius: 99 dalys, 120 dali\u0173, 140 dali\u0173 Sud\u0117liotos d\u0117lion\u0117s dydis: 37,5 x 28,2cm Med\u017eiaga: Maistin\u0117s kokyb\u0117s, storas kartonas, spausdintas sojos ra\u0161alu<\/p>","protected":false},"featured_media":4676,"template":"","meta":[],"product_brand":[],"product_cat":[234,235,236,240,247,255,258,274],"product_tag":[],"class_list":{"0":"post-4675","1":"product","2":"type-product","3":"status-publish","4":"has-post-thumbnail","6":"product_cat-3-4-metai","7":"product_cat-5-6-metai","8":"product_cat-6-metai","9":"product_cat-deliones","10":"product_cat-level-up-deliones","11":"product_cat-naujienos","12":"product_cat-nuo-100-iki-300-daliu","13":"product_cat-visos-deliones","15":"first","16":"instock","17":"taxable","18":"shipping-taxable","19":"product-type-simple"},"jetpack_sharing_enabled":true,"_links":{"self":[{"href":"https:\/\/b2b.mideer.lt\/en\/wp-json\/wp\/v2\/product\/4675"}],"collection":[{"href":"https:\/\/b2b.mideer.lt\/en\/wp-json\/wp\/v2\/product"}],"about":[{"href":"https:\/\/b2b.mideer.lt\/en\/wp-json\/wp\/v2\/types\/product"}],"wp:featuredmedia":[{"embeddable":true,"href":"https:\/\/b2b.mideer.lt\/en\/wp-json\/wp\/v2\/media\/4676"}],"wp:attachment":[{"href":"https:\/\/b2b.mideer.lt\/en\/wp-json\/wp\/v2\/media?parent=4675"}],"wp:term":[{"taxonomy":"product_brand","embeddable":true,"href":"https:\/\/b2b.mideer.lt\/en\/wp-json\/wp\/v2\/product_brand?post=4675"},{"taxonomy":"product_cat","embeddable":true,"href":"https:\/\/b2b.mideer.lt\/en\/wp-json\/wp\/v2\/product_cat?post=4675"},{"taxonomy":"product_tag","embeddable":true,"href":"https:\/\/b2b.mideer.lt\/en\/wp-json\/wp\/v2\/product_tag?post=4675"}],"curies":[{"name":"wp","href":"https:\/\/api.w.org\/{rel}","templated":true}]}}