{"id":4662,"date":"2024-10-30T14:51:00","date_gmt":"2024-10-30T14:51:00","guid":{"rendered":"https:\/\/b2b.mideer.lt\/?post_type=product&#038;p=4662"},"modified":"2026-04-15T07:32:21","modified_gmt":"2026-04-15T07:32:21","slug":"pasidaryk-pats-kaledu-medis-ir-zaisliukai","status":"publish","type":"product","link":"https:\/\/b2b.mideer.lt\/en\/product\/pasidaryk-pats-kaledu-medis-ir-zaisliukai\/","title":{"rendered":"DIY - Christmas tree and toys"},"content":{"rendered":"<p data-sourcepos=\"3:1-3:460\">mideer DIY Christmas tree and toys is a charming and interactive activity. Children can choose from 12 individually packaged creative kits containing all the materials and tools needed to create a beautiful handmade toy. Every two days they can open a new kit, adding a dash of excitement to the run-up to Christmas. Perfect for counting down the days until Christmas, this creative kit offers a unique and memorable way to celebrate.<\/p>\n<ul>\n<li data-sourcepos=\"7:1-7:196\"><strong>12 Individually packaged sets:<\/strong> Each creative kit contains everything you need to make one unique handmade toy, allowing children to choose according to their interests.<\/li>\n<li data-sourcepos=\"8:1-8:195\"><strong>Interactive Christmas date calculation:<\/strong> Create a special countdown to Christmas by creating a new toy every two days, making the festive season an unforgettable experience.<\/li>\n<li data-sourcepos=\"9:1-9:139\"><strong>Family time:<\/strong> These creative activities provide a great opportunity for parents and children to spend quality time together, strengthening their bond.<\/li>\n<li data-sourcepos=\"10:1-10:158\"><strong>The fun of developing skills:<\/strong> Each craft is not only fun, but also exercises children's creativity, fine motor skills and problem-solving abilities.<\/li>\n<li data-sourcepos=\"11:1-12:0\"><strong>A great festive gift:<\/strong> This creative kit is a thoughtful and addictive gift that provides hours of creative fun throughout the festive season.<\/li>\n<\/ul>\n<p>&nbsp;<\/p>\n<ul>\n<li data-sourcepos=\"13:1-15:42\"><strong>Am\u017eius:<\/strong> 8+<\/li>\n<li data-sourcepos=\"13:1-15:42\"><strong>D\u0117\u017eut\u0117s matmenys: <\/strong>37x23x10cm<\/li>\n<li data-sourcepos=\"13:1-15:42\"><strong>Christmas tree dimensions: <\/strong>70x50cm<\/li>\n<li data-sourcepos=\"13:1-15:42\"><strong>Includes:<\/strong> 12 DIY creations<\/li>\n<\/ul>","protected":false},"excerpt":{"rendered":"<p data-sourcepos=\"3:1-3:460\">mideer DIY Christmas tree and toys is a charming and interactive activity. Children can choose from 12 individually packaged creative kits containing all the materials and tools needed to create a beautiful handmade toy. Every two days they can open a new kit, adding a dash of excitement to the run-up to Christmas. Perfect for counting down the days until Christmas, this creative kit offers a unique and memorable way to celebrate.<\/p>\n<ul>\n<li data-sourcepos=\"7:1-7:196\"><strong>12 Individually packaged sets:<\/strong> Each creative kit contains everything you need to make one unique handmade toy, allowing children to choose according to their interests.<\/li>\n<li data-sourcepos=\"8:1-8:195\"><strong>Interactive Christmas date calculation:<\/strong> Create a special countdown to Christmas by creating a new toy every two days, making the festive season an unforgettable experience.<\/li>\n<li data-sourcepos=\"9:1-9:139\"><strong>Family time:<\/strong> These creative activities provide a great opportunity for parents and children to spend quality time together, strengthening their bond.<\/li>\n<li data-sourcepos=\"10:1-10:158\"><strong>The fun of developing skills:<\/strong> Each craft is not only fun, but also exercises children's creativity, fine motor skills and problem-solving abilities.<\/li>\n<li data-sourcepos=\"11:1-12:0\"><strong>A great festive gift:<\/strong> This creative kit is a thoughtful and addictive gift that provides hours of creative fun throughout the festive season.<\/li>\n<\/ul>\n<p>&nbsp;<\/p>\n<ul>\n<li data-sourcepos=\"13:1-15:42\"><strong>Am\u017eius:<\/strong> 8+<\/li>\n<li data-sourcepos=\"13:1-15:42\"><strong>D\u0117\u017eut\u0117s matmenys: <\/strong>37x23x10cm<\/li>\n<li data-sourcepos=\"13:1-15:42\"><strong>Christmas tree dimensions: <\/strong>70x50cm<\/li>\n<li data-sourcepos=\"13:1-15:42\"><strong>Includes:<\/strong> 12 DIY creations<\/li>\n<\/ul>","protected":false},"featured_media":4663,"template":"","meta":[],"product_brand":[],"product_cat":[236,280,242,272,250,255,263],"product_tag":[],"class_list":{"0":"post-4662","1":"product","2":"type-product","3":"status-publish","4":"has-post-thumbnail","6":"product_cat-6-metai","7":"product_cat-akcija","8":"product_cat-dovanu-idejos","9":"product_cat-kaledines-dovanos","10":"product_cat-menai-ir-kurybiniai-uzsiemimai","11":"product_cat-naujienos","12":"product_cat-pasidaryk-pats","14":"first","15":"instock","16":"taxable","17":"shipping-taxable","18":"product-type-simple"},"jetpack_sharing_enabled":true,"_links":{"self":[{"href":"https:\/\/b2b.mideer.lt\/en\/wp-json\/wp\/v2\/product\/4662"}],"collection":[{"href":"https:\/\/b2b.mideer.lt\/en\/wp-json\/wp\/v2\/product"}],"about":[{"href":"https:\/\/b2b.mideer.lt\/en\/wp-json\/wp\/v2\/types\/product"}],"wp:featuredmedia":[{"embeddable":true,"href":"https:\/\/b2b.mideer.lt\/en\/wp-json\/wp\/v2\/media\/4663"}],"wp:attachment":[{"href":"https:\/\/b2b.mideer.lt\/en\/wp-json\/wp\/v2\/media?parent=4662"}],"wp:term":[{"taxonomy":"product_brand","embeddable":true,"href":"https:\/\/b2b.mideer.lt\/en\/wp-json\/wp\/v2\/product_brand?post=4662"},{"taxonomy":"product_cat","embeddable":true,"href":"https:\/\/b2b.mideer.lt\/en\/wp-json\/wp\/v2\/product_cat?post=4662"},{"taxonomy":"product_tag","embeddable":true,"href":"https:\/\/b2b.mideer.lt\/en\/wp-json\/wp\/v2\/product_tag?post=4662"}],"curies":[{"name":"wp","href":"https:\/\/api.w.org\/{rel}","templated":true}]}}