{"id":4655,"date":"2024-10-30T14:29:36","date_gmt":"2024-10-30T14:29:36","guid":{"rendered":"https:\/\/b2b.mideer.lt\/?post_type=product&#038;p=4655"},"modified":"2026-04-08T07:31:50","modified_gmt":"2026-04-08T07:31:50","slug":"delione-spragtukas","status":"publish","type":"product","link":"https:\/\/b2b.mideer.lt\/en\/product\/delione-spragtukas\/","title":{"rendered":"Jigsaw puzzle latch"},"content":{"rendered":"<p>This mideer irregularly shaped puzzle adds more fun and slightly increases the difficulty. This Christmas tree-shaped puzzle is designed by a renowned artist and depicts the classic Christmas season performance \"The Nutcracker\". It makes a great Christmas gift and entertainment on every family table!<\/p>\n<ul>\n<li><strong>Am\u017eius:<\/strong> 5+<\/li>\n<li><strong>Artist: <\/strong>Olga Demidova<\/li>\n<li><strong>D\u0117\u017eut\u0117s matmenys: <\/strong>26 cm x 26 cm x 6,5 cm<\/li>\n<li><strong>Includes:<\/strong> 1 d\u0117lion\u0117, 1 instrukcija<\/li>\n<li><strong>D<\/strong><strong>number of alios:<\/strong> 160 parts<\/li>\n<li><strong>Size of the assembled puzzle: <\/strong>45 cm x 45,4 cm<\/li>\n<li><strong>Med\u017eiaga:<\/strong> cardboard<\/li>\n<\/ul>","protected":false},"excerpt":{"rendered":"<p>\u0160i mideer netaisyklingos formos d\u0117lion\u0117 suteikia daugiau smagumo ir \u0161iek tiek padidina sunkum\u0105. \u0160i eglut\u0117s formos d\u0117lion\u0117 yra sukurta garsios meninink\u0117s ir vaizduoja klasikin\u012f Kal\u0117d\u0173 sezono spektakl\u012f \u201eSpragtukas\u201c. Tai puiki Kal\u0117din\u0117 dovana ir pramoga ant kiekvienos \u0161eimos stalo! Am\u017eius: 5+ Menininkas: Olga Demidova D\u0117\u017eut\u0117s matmenys: 26 cm x 26 cm x 6,5 cm Komplekte: 1 d\u0117lion\u0117, 1 instrukcija Dali\u0173 skai\u010dius: 160 dali\u0173 Surinktos d\u0117lion\u0117s dydis: 45 cm x 45,4 cm Med\u017eiaga: kartonas<\/p>","protected":false},"featured_media":4656,"template":"","meta":[],"product_brand":[],"product_cat":[235,236,280,240,242,272,251,255,258,274],"product_tag":[],"class_list":{"0":"post-4655","1":"product","2":"type-product","3":"status-publish","4":"has-post-thumbnail","6":"product_cat-5-6-metai","7":"product_cat-6-metai","8":"product_cat-akcija","9":"product_cat-deliones","10":"product_cat-dovanu-idejos","11":"product_cat-kaledines-dovanos","12":"product_cat-meninku-kurtos-deliones","13":"product_cat-naujienos","14":"product_cat-nuo-100-iki-300-daliu","15":"product_cat-visos-deliones","17":"first","18":"instock","19":"taxable","20":"shipping-taxable","21":"product-type-simple"},"jetpack_sharing_enabled":true,"_links":{"self":[{"href":"https:\/\/b2b.mideer.lt\/en\/wp-json\/wp\/v2\/product\/4655"}],"collection":[{"href":"https:\/\/b2b.mideer.lt\/en\/wp-json\/wp\/v2\/product"}],"about":[{"href":"https:\/\/b2b.mideer.lt\/en\/wp-json\/wp\/v2\/types\/product"}],"wp:featuredmedia":[{"embeddable":true,"href":"https:\/\/b2b.mideer.lt\/en\/wp-json\/wp\/v2\/media\/4656"}],"wp:attachment":[{"href":"https:\/\/b2b.mideer.lt\/en\/wp-json\/wp\/v2\/media?parent=4655"}],"wp:term":[{"taxonomy":"product_brand","embeddable":true,"href":"https:\/\/b2b.mideer.lt\/en\/wp-json\/wp\/v2\/product_brand?post=4655"},{"taxonomy":"product_cat","embeddable":true,"href":"https:\/\/b2b.mideer.lt\/en\/wp-json\/wp\/v2\/product_cat?post=4655"},{"taxonomy":"product_tag","embeddable":true,"href":"https:\/\/b2b.mideer.lt\/en\/wp-json\/wp\/v2\/product_tag?post=4655"}],"curies":[{"name":"wp","href":"https:\/\/api.w.org\/{rel}","templated":true}]}}