{"id":465,"date":"2024-04-26T07:42:52","date_gmt":"2024-04-26T07:42:52","guid":{"rendered":"https:\/\/b2b.mideer.lt\/product\/magnetic-playset-sweet-girl\/"},"modified":"2026-04-19T07:29:53","modified_gmt":"2026-04-19T07:29:53","slug":"magnetic-playset-sweet-girl","status":"publish","type":"product","link":"https:\/\/b2b.mideer.lt\/en\/product\/magnetic-playset-sweet-girl\/","title":{"rendered":"Playset with magnetic board Dear Girl"},"content":{"rendered":"<p>A magnetic play set to make your own cute friends with the beautiful dresses you want. It's a great game to play at home or on the go. This 2-in-1 game can be used as a traditional magnetic game or a fun board game. It improves shape and colour recognition skills, learning abilities and manual dexterity.<\/p>\n<ul>\n<li><strong>Am\u017eius:<\/strong> 3+<\/li>\n<li><strong>D\u0117\u017eut\u0117s matmenys:<\/strong> 26.7 cm x 20 cm x 4.6 cm<\/li>\n<li><strong>Included:<\/strong> 77 magnetic pieces, 1 game board, 1 instruction booklet, 59 cards, 4 holders, 4 holder bases<\/li>\n<li><strong>Dali\u0173 skai\u010dius:<\/strong> 77 parts<\/li>\n<li><strong>Med\u017eiaga:<\/strong> Magnet, Paper plate<\/li>\n<\/ul>","protected":false},"excerpt":{"rendered":"<p>Magnetinis \u017eaidimo rinkinys, skirtas susikurti savo mielus draugus su norimomis nuostabiomis suknel\u0117mis. Tai puikus \u017eaidimas \u017eaisti namuose ar kelyje. \u0160is \u017eaidimas 2 viename gali b\u016bti naudojamas kaip tradicinis magnetinis \u017eaidimas arba \u012fdomus stalo \u017eaidimas. Tai pagerina form\u0173 ir spalv\u0173 atpa\u017einimo \u012fg\u016bd\u017eius, mokymosi geb\u0117jimus ir rank\u0173 miklum\u0105. Am\u017eius: 3+ D\u0117\u017eut\u0117s matmenys: 26.7 cm x 20 cm x 4.6 cm \u012etraukta: 77 magnetin\u0117s dalys, 1 \u017eaidimo lentos, 1 instrukcija, 59 kortos, 4 laikikliai, 4 laikikli\u0173 pagrindai Dali\u0173 skai\u010dius: 77 dali\u0173 Med\u017eiaga: Magnetas, Popierin\u0117 plok\u0161t\u0117<\/p>","protected":false},"featured_media":2546,"template":"","meta":[],"product_brand":[],"product_cat":[234,235,236,237,239,272,244,277,269,276],"product_tag":[16,57,80,19,123,135,192,90,35,85,20,154,53,194,104,134,148,149,67,68,22,151,152],"class_list":{"0":"post-465","1":"product","2":"type-product","3":"status-publish","4":"has-post-thumbnail","6":"product_cat-3-4-metai","7":"product_cat-5-6-metai","8":"product_cat-6-metai","9":"product_cat-ankstyvo-lavinimo-zaidimai","10":"product_cat-daugiau-zaislu-ir-zaidimu","11":"product_cat-kaledines-dovanos","12":"product_cat-kas-populiaru","13":"product_cat-smart-products-filter-index-do-not-delete","14":"product_cat-stalo-zaidimai","15":"product_cat-zaislai-ir-zaidimai","16":"product_tag-age-3-4-years","17":"product_tag-aktyvus-laisvalaikis","18":"product_tag-back-in-stock","19":"product_tag-board-game","20":"product_tag-early-learning-toys","21":"product_tag-edukaciniai","22":"product_tag-edukaciniai-magentai","23":"product_tag-einar-turkowski","24":"product_tag-figuros","25":"product_tag-for-girls","26":"product_tag-gift","27":"product_tag-korteles","28":"product_tag-kurybiskumui","29":"product_tag-magnetukai","30":"product_tag-mini-puzzles","31":"product_tag-personazai","32":"product_tag-princese","33":"product_tag-princesems","34":"product_tag-puzle","35":"product_tag-puzzles","36":"product_tag-regular-sale","37":"product_tag-viskas-mergaitems","38":"product_tag-viskas-princesems","40":"first","41":"instock","42":"taxable","43":"shipping-taxable","44":"product-type-simple"},"jetpack_sharing_enabled":true,"_links":{"self":[{"href":"https:\/\/b2b.mideer.lt\/en\/wp-json\/wp\/v2\/product\/465"}],"collection":[{"href":"https:\/\/b2b.mideer.lt\/en\/wp-json\/wp\/v2\/product"}],"about":[{"href":"https:\/\/b2b.mideer.lt\/en\/wp-json\/wp\/v2\/types\/product"}],"wp:featuredmedia":[{"embeddable":true,"href":"https:\/\/b2b.mideer.lt\/en\/wp-json\/wp\/v2\/media\/2546"}],"wp:attachment":[{"href":"https:\/\/b2b.mideer.lt\/en\/wp-json\/wp\/v2\/media?parent=465"}],"wp:term":[{"taxonomy":"product_brand","embeddable":true,"href":"https:\/\/b2b.mideer.lt\/en\/wp-json\/wp\/v2\/product_brand?post=465"},{"taxonomy":"product_cat","embeddable":true,"href":"https:\/\/b2b.mideer.lt\/en\/wp-json\/wp\/v2\/product_cat?post=465"},{"taxonomy":"product_tag","embeddable":true,"href":"https:\/\/b2b.mideer.lt\/en\/wp-json\/wp\/v2\/product_tag?post=465"}],"curies":[{"name":"wp","href":"https:\/\/api.w.org\/{rel}","templated":true}]}}